{"id":12951,"date":"2023-11-20T12:09:50","date_gmt":"2023-11-20T10:09:50","guid":{"rendered":"https:\/\/webstore4.com\/?post_type=product&#038;p=12951"},"modified":"2024-12-31T13:25:06","modified_gmt":"2024-12-31T12:25:06","slug":"hikvision-ds-kb8113-ime1b-ip-video-vandaalbestendige-deurbel-met-app-poe-ir-nachtzicht-en-draaibare-kijkrichting","status":"publish","type":"product","link":"https:\/\/webstore4.com\/de\/product\/hikvision-ds-kb8113-ime1b-ip-video-vandaalbestendige-deurbel-met-app-poe-ir-nachtzicht-en-draaibare-kijkrichting\/","title":{"rendered":"Hikvision DS-KB8113-IME1(B) Vandalensichere IP-Video-T\u00fcrklingel mit App, PoE, IR-Nachtsicht und drehbarer Blickrichtung"},"content":{"rendered":"<p>Die Hikvision DS-KB8113-IME1(B) ist eine vandalismusgesch\u00fctzte T\u00fcrklingelkamera mit mobiler App oder kann als Au\u00dfenstation in einem Hikvision-Gegensprechsystem mit einem oder mehreren Innenmonitoren verwendet werden. Der DS-KB8113-IME1(B) verf\u00fcgt unter anderem \u00fcber IR-Nachtsicht, eine rotierende Blickrichtung des Objektivs und die M\u00f6glichkeit zur Stromversorgung \u00fcber das Netzwerkkabel mit PoE.<\/p>\n<p><strong>M\u00f6glichkeiten<\/strong><\/p>\n<p>Die Hikvision DS-KB8113-IME1(B) kann als Au\u00dfenstation in Kombination mit einem Hikvision-Intercom-Innenmonitor oder als eigenst\u00e4ndige Kamera-T\u00fcrklingel mit mobiler App verwendet werden. Der Hikvision DS-KB8113-IME1(B) verf\u00fcgt \u00fcber ein eingebautes NC\/NO-Relais zum Schalten eines Elektroschlosses beispielsweise an einer T\u00fcr oder einem Zaun. Der DS-KB8113-IME1(B) verf\u00fcgt au\u00dferdem \u00fcber einen Alarmeingang.<\/p>\n<p>Es ist m\u00f6glich, Bilder \u00fcber den RTSP-Videostream beispielsweise auf einem NAS (z. B. Synology \u00fcber Surveillance Station) oder einem Network Video Recorder (NVR) aufzuzeichnen.<\/p>\n<p>De Hikvision DS-KB8113-IME1(B) heeft een robuste metalen behuizing met een IK09 classificering tegen mechanische invloeden van buitenaf. De deurbel is een opbouwmodel. Een montagebeugel wordt meegeleverd. De kijkrichting van de deurbel kan worden gedraaid naar links of rechts.<\/p>\n<p>De deurbel moet worden gevoed met 12VDC of PoE. De voeding wordt niet meegeleverd. De HikvisionDS-KB8113-IME1(B) beschikt over een RJ45 connector voor rechtstreekse aansluiting van een netwerkkabel met RJ45 stekker. Onder het tabblad &#8216;Documentatie&#8217; zijn links opgenomen naar meer informatie van de fabrikant.<\/p>\n<p><strong>Hauptmerkmale<\/strong><\/p>\n<ul>\n<li>2MP Full HD-Video\u00fcberwachung mit einem Betrachtungswinkel von 88 Grad und einer rotierenden Blickrichtung nach links oder rechts<\/li>\n<li>Kann mit einem Hikvision-Innenmonitor und der Hikvision iVMS-Software betrieben werden<\/li>\n<li>SIP-Firmware<\/li>\n<li>Bildsensor mit geringer Beleuchtung und True Wide Dynamic Range (WDR)<\/li>\n<li>IR-LED-Beleuchtung f\u00fcr Nachtsicht (schwarz\/wei\u00df) bis zu 3 Meter<\/li>\n<li>Bewegungserkennung<\/li>\n<li>Bildaufzeichnung auf FTP, NVR oder NAS<\/li>\n<li>Alarmeingang<\/li>\n<li>NO\/NC-Relais zur Steuerung des Elektroschlosses<\/li>\n<li>Stromversorgung 12 VDC (nicht im Lieferumfang enthalten) oder PoE<\/li>\n<li>IP65 wetterfest<\/li>\n<li>Vandalismusschutz IK09<\/li>\n<\/ul>\n<p><a href=\"https:\/\/webstore4.com\/Copyright\/\" target=\"_blank\" rel=\"noopener\"><span style=\"color: #ff6e03; font-size: 11px;\">\u00a9 Der Text ist urheberrechtlich gesch\u00fctzt<\/span><\/a><\/p>","protected":false},"excerpt":{"rendered":"<p>De Hikvision DS-KB8113-IME1(B) is een vandaalbestendige deurbel camera met mobile app of kan worden gebruikt als buiten station in een Hikvision intercom systeem met een of meerdere binnen monitoren. De DS-KB8113-IME1(B) beschikt onder meer over IR nachtzicht, een draaibare kijkrichting van de lens en de mogelijkheid om te voeden via de netwerkkabel met PoE. Mogelijkheden<\/p>\n<div class=\"klb-readmore button\"><a class=\"btn link\" href=\"https:\/\/webstore4.com\/de\/product\/hikvision-ds-kb8113-ime1b-ip-video-vandaalbestendige-deurbel-met-app-poe-ir-nachtzicht-en-draaibare-kijkrichting\/\">Mehr lesen <i class=\"klbth-icon-right-arrow\"><\/i><\/a><\/div>","protected":false},"featured_media":9712,"comment_status":"open","ping_status":"closed","template":"","meta":[],"pwb-brand":[3367],"product_cat":[4191,4246,4178,4182],"product_tag":[4896],"class_list":{"0":"post-12951","1":"product","2":"type-product","3":"status-publish","4":"has-post-thumbnail","6":"pwb-brand-hikvision","7":"product_cat-access","8":"product_cat-deurbel","9":"product_cat-intercom","10":"product_cat-hikvision-ip-video","11":"product_tag-ds-kb8113-ime1","12":"product_shipping_class-pakket","13":"pa_aanbieding-sale","14":"pa_audio-microfoon","15":"pa_audio-speaker","16":"pa_beeldhoek-graden-horizontaal-3941","17":"pa_draadloos-nee","18":"pa_ingebouwd-type-nachtzicht-infrared-ir-led","19":"pa_kaartlezer-nee","20":"pa_kleur-zwart","21":"pa_materiaal-metaal","22":"pa_megapixel-2mp","23":"pa_merk-hikvision","24":"pa_mobiele-app-fabrikant-ja","25":"pa_montage-opbouw","26":"pa_omgeving-binnen-en-buiten","27":"pa_poe-802-3af","28":"pa_product-buitenpost","29":"pa_product-status-a","30":"pa_resolutie-max-pixels-full-hd-1920x1080","31":"pa_stand-alone-ja","32":"pa_vandaalbestendig-ik09","33":"pa_voeding-12vdc","34":"pa_voeding-poe","35":"pa_wdr-ja","37":"first","38":"instock","39":"sale","40":"taxable","41":"shipping-taxable","42":"purchasable","43":"product-type-simple"},"brands":[{"id":3367,"name":"Hikvision","slug":"hikvision"}],"_links":{"self":[{"href":"https:\/\/webstore4.com\/de\/wp-json\/wp\/v2\/product\/12951","targetHints":{"allow":["GET"]}}],"collection":[{"href":"https:\/\/webstore4.com\/de\/wp-json\/wp\/v2\/product"}],"about":[{"href":"https:\/\/webstore4.com\/de\/wp-json\/wp\/v2\/types\/product"}],"replies":[{"embeddable":true,"href":"https:\/\/webstore4.com\/de\/wp-json\/wp\/v2\/comments?post=12951"}],"wp:featuredmedia":[{"embeddable":true,"href":"https:\/\/webstore4.com\/de\/wp-json\/wp\/v2\/media\/9712"}],"wp:attachment":[{"href":"https:\/\/webstore4.com\/de\/wp-json\/wp\/v2\/media?parent=12951"}],"wp:term":[{"taxonomy":"pwb-brand","embeddable":true,"href":"https:\/\/webstore4.com\/de\/wp-json\/wp\/v2\/pwb-brand?post=12951"},{"taxonomy":"product_cat","embeddable":true,"href":"https:\/\/webstore4.com\/de\/wp-json\/wp\/v2\/product_cat?post=12951"},{"taxonomy":"product_tag","embeddable":true,"href":"https:\/\/webstore4.com\/de\/wp-json\/wp\/v2\/product_tag?post=12951"}],"curies":[{"name":"wp","href":"https:\/\/api.w.org\/{rel}","templated":true}]}}