{"id":12802,"date":"2023-11-16T09:42:42","date_gmt":"2023-11-16T07:42:42","guid":{"rendered":"https:\/\/webstore4.com\/?post_type=product&#038;p=12802"},"modified":"2024-12-31T13:23:26","modified_gmt":"2024-12-31T12:23:26","slug":"yli-sc-02fp-grijze-smart-cilinder","status":"publish","type":"product","link":"https:\/\/webstore4.com\/de\/product\/yli-sc-02fp-grijze-smart-cilinder\/","title":{"rendered":"YLI SC-02FP Grauer intelligenter Zylinder mit Fingerabdruckleser, mobiler App und Schl\u00fcsselkarte f\u00fcr den Innenbereich"},"content":{"rendered":"<p>Der YLI SC-02FP ist ein intelligenter Schlie\u00dfzylinder mit Fingerabdruckleser, kostenloser mobiler App und Kartenleser f\u00fcr den Einsatz im Innenbereich. Der Zylinder wird mit einer CR123A-Batterie betrieben (nicht im Lieferumfang enthalten) und besteht aus einer hochwertigen Aluminium- und Messinglegierung. Die Farbe ist grau.<\/p>\n<p><strong>M\u00f6glichkeiten<\/strong><\/p>\n<p>Der SC-01PW-B ist ein sehr kompakter Zylinder, der universell f\u00fcr T\u00fcren eingesetzt werden kann. Der Zylinder ersetzt den herk\u00f6mmlichen Zylinder in der T\u00fcr. Der YLI SC-01PW-B nutzt die Tuya-Anwendung. Die Tuya-App ist eine mobile Anwendung zur Verwaltung intelligenter Ger\u00e4te, die mit der Tuya-Plattform verbunden sind. Mit dieser App k\u00f6nnen Sie verschiedene Smart-Ger\u00e4te wie Leseger\u00e4te, Thermostate, Sicherheitskameras, Steckdosen und die Smart-Zylinderschl\u00f6sser YLI SC-01PW steuern. Solange die Produkte mit dem Tuya-\u00d6kosystem kompatibel sind, k\u00f6nnen sie mit der Tuya-Anwendung gesteuert werden. Bis zu 100 verschiedene Ger\u00e4te k\u00f6nnen in der Tuya-Anwendung hinzugef\u00fcgt werden.<\/p>\n<p>Mit der Anwendung k\u00f6nnen Sie den Zylinder \u00f6ffnen, neue Fingerabdr\u00fccke hinzuf\u00fcgen und Mifare 13.56-Tags oder -Karten hinzuf\u00fcgen. Der Smart-Zylinder hat die Kapazit\u00e4t, bis zu 100 Karten oder Tags anzuschlie\u00dfen. Zwei 13,56 Mifare \u201eSmart Keycards\u201c sind im Lieferumfang enthalten. Weitere Karten oder Anh\u00e4nger k\u00f6nnen unter \u201eOptionen\u201c bestellt werden.<\/p>\n<p>Abgesehen davon, dass der YLI SC-01PW-B sehr einfach zu installieren ist, da es sich um einen Universalzylinder handelt, ist auch ein schneller und einfacher Austausch der Batterie m\u00f6glich. Im Lieferumfang des Schlosses sind zwei Magnete enthalten, mit denen Sie das Ger\u00e4t \u00f6ffnen k\u00f6nnen. Nach dem \u00d6ffnen des Ger\u00e4ts ist ein Batteriewechsel m\u00f6glich, dort befindet sich auch das Ersatzschl\u00fcsselloch. Sollte das Ger\u00e4t unerwartet leer sein, besteht die M\u00f6glichkeit, das Ger\u00e4t mit einem Ersatzschl\u00fcssel zu \u00f6ffnen.<br \/>\nEs besteht auch die M\u00f6glichkeit, das Schloss \u00fcber den USB-C-Eingang mit Notstrom zu versorgen. Dies dient nur dazu, das Ger\u00e4t kurzzeitig mit Strom zu versorgen.<\/p>\n<p>Im Lieferumfang ist eine Reset-Karte enthalten, mit der Sie das komplette System jederzeit zur\u00fccksetzen k\u00f6nnen. Unter dem Reiter \u201eDokumentation\u201c gibt es einen Link zur Bedienungsanleitung und einen Link zur Website des Herstellers mit detaillierten Informationen. Wir sind offizieller H\u00e4ndler von YLI. Wir liefern YLI auf Selbstinstallationsbasis.<\/p>\n<p>Das Schloss aus dem Einf\u00fchrungsvideo unten kann unter \u201eOptionen\u201c bestellt werden.<\/p>\n<p><strong>Wichtige Funktionen<\/strong><\/p>\n<ul>\n<li>Universeller Komplettzylinder<\/li>\n<li>Plug<\/li>\n<li>Fingerabdruckleser<\/li>\n<li>Kostenlose Tuya-Anwendung<\/li>\n<li>Inklusive 2 \u201eSmart Keycards\u201c, Mifare 13,56<\/li>\n<li>Erweiterbar mit bis zu 100 Karten oder Tags<\/li>\n<li>Inklusive Material zum \u00d6ffnen des Zylinders<\/li>\n<li>Inklusive 2 Ersatzschl\u00fcssel<\/li>\n<li>Maximal 100 Benutzer<\/li>\n<li>USB-C-Anschluss f\u00fcr Notstrom<\/li>\n<li>Stromversorgung durch CR123A-Batterie (nicht im Lieferumfang enthalten)<\/li>\n<li>Funktioniert bei Temperaturen von -25 bis 70 Grad<\/li>\n<\/ul>\n<p><a href=\"https:\/\/www.webstore4ipcameras.nl\/Copyright\" target=\"_blank\" rel=\"noopener\"><span style=\"color: #ff6e03; font-size: 11px;\">\u00a9 Der Text ist urheberrechtlich gesch\u00fctzt<\/span><\/a><\/p>\n<div style=\"width: 960px;\" class=\"wp-video\"><video class=\"wp-video-shortcode\" id=\"video-12802-1\" width=\"960\" height=\"544\" preload=\"metadata\" controls=\"controls\"><source type=\"video\/mp4\" src=\"https:\/\/webstore4.com\/wp-content\/uploads\/2023\/11\/YLI-SC-01-en-02-WebStore4.mp4?_=1\" \/><a href=\"https:\/\/webstore4.com\/wp-content\/uploads\/2023\/11\/YLI-SC-01-en-02-WebStore4.mp4\">https:\/\/webstore4.com\/wp-content\/uploads\/2023\/11\/YLI-SC-01-en-02-WebStore4.mp4<\/a><\/video><\/div>","protected":false},"excerpt":{"rendered":"<p>De YLI SC-02FP is een slimme slot cilinder met vingerafdruk lezer, gratis mobile app en kaartlezer voor gebruik in de binnen omgeving. De cilinder werkt op een CR123A batterij (niet meegeleverd) en is geproduceerd van hoogwaardig alloy aluminium en messing. De kleur is grijs. Mogelijkheden De SC-02FP-B is een zeer compacte cilinder die universeel inzetbaar<\/p>\n<div class=\"klb-readmore button\"><a class=\"btn link\" href=\"https:\/\/webstore4.com\/de\/product\/yli-sc-02fp-grijze-smart-cilinder\/\">Mehr lesen <i class=\"klbth-icon-right-arrow\"><\/i><\/a><\/div>","protected":false},"featured_media":12807,"comment_status":"open","ping_status":"closed","template":"","meta":[],"pwb-brand":[3382],"product_cat":[4191,4417],"product_tag":[],"class_list":{"0":"post-12802","1":"product","2":"type-product","3":"status-publish","4":"has-post-thumbnail","6":"pwb-brand-yli","7":"product_cat-access","8":"product_cat-smart-sloten","9":"product_shipping_class-pakket","10":"pa_aanbieding-opop","11":"pa_frequentie-tags-en-readers-mifare-13-56-mhz","12":"pa_materiaal-aluminum-alloy","13":"pa_materiaal-messing","14":"pa_max-aantal-gebruikers-3835","15":"pa_merk-yli","16":"pa_montage-inbouw","17":"pa_omgeving-binnen","18":"pa_product-cilinder","19":"pa_toegang-met-app","20":"pa_toegang-met-kaartlezer","21":"pa_toegang-met-vingerafdruk","22":"pa_voeding-batterij","24":"first","25":"instock","26":"sale","27":"taxable","28":"shipping-taxable","29":"purchasable","30":"product-type-simple"},"brands":[{"id":3382,"name":"YLI","slug":"yli"}],"_links":{"self":[{"href":"https:\/\/webstore4.com\/de\/wp-json\/wp\/v2\/product\/12802","targetHints":{"allow":["GET"]}}],"collection":[{"href":"https:\/\/webstore4.com\/de\/wp-json\/wp\/v2\/product"}],"about":[{"href":"https:\/\/webstore4.com\/de\/wp-json\/wp\/v2\/types\/product"}],"replies":[{"embeddable":true,"href":"https:\/\/webstore4.com\/de\/wp-json\/wp\/v2\/comments?post=12802"}],"wp:featuredmedia":[{"embeddable":true,"href":"https:\/\/webstore4.com\/de\/wp-json\/wp\/v2\/media\/12807"}],"wp:attachment":[{"href":"https:\/\/webstore4.com\/de\/wp-json\/wp\/v2\/media?parent=12802"}],"wp:term":[{"taxonomy":"pwb-brand","embeddable":true,"href":"https:\/\/webstore4.com\/de\/wp-json\/wp\/v2\/pwb-brand?post=12802"},{"taxonomy":"product_cat","embeddable":true,"href":"https:\/\/webstore4.com\/de\/wp-json\/wp\/v2\/product_cat?post=12802"},{"taxonomy":"product_tag","embeddable":true,"href":"https:\/\/webstore4.com\/de\/wp-json\/wp\/v2\/product_tag?post=12802"}],"curies":[{"name":"wp","href":"https:\/\/api.w.org\/{rel}","templated":true}]}}