{"id":12477,"date":"2023-11-06T19:00:13","date_gmt":"2023-11-06T17:00:13","guid":{"rendered":"https:\/\/webstore4.com\/?post_type=product&#038;p=12477"},"modified":"2024-04-25T13:14:54","modified_gmt":"2024-04-25T12:14:54","slug":"wl4-mh10-muursteun-montage-mast-1-meter","status":"publish","type":"product","link":"https:\/\/webstore4.com\/de\/product\/wl4-mh10-muursteun-montage-mast-1-meter\/","title":{"rendered":"WL4 MH10 Wandhalterungs-Montagemast 1 Meter mit Steckern und Halterungen f\u00fcr Kamera oder Antenne"},"content":{"rendered":"<p>De WL4 MH10 is een muursteun montage houder van \u00e9\u00e9n meter met bijbehorende montagemateriaal. De WL4 MH10 kan bijvoorbeeld worden gebruikt voor het plaatsen aan een muur van een camera, WI-FI (straal) antenne of portofoon antenne enzovoorts. De muurhouder kan universeel worden ingezet en is eenvoudig te monteren.<\/p>\n<p><strong>Wichtigste Funktionen<\/strong><\/p>\n<ul>\n<li>Muurhouder van gegalvaniseerd staal<\/li>\n<li>1030 MM hoog<\/li>\n<li>Kann als Antennenmast oder Kameramast verwendet werden<\/li>\n<li>Inklusive Montagematerial<\/li>\n<li>Diameter buis \u00d8 50 mm<\/li>\n<li>Dikte buiswand 2 mm<\/li>\n<li>Leicht zu transportieren und schnell und einfach aufzubauen<\/li>\n<li>Standardversandkosten aufgrund der geringen Gr\u00f6\u00dfe<\/li>\n<\/ul>\n<p><a href=\"https:\/\/webstore4.com\/Copyright\/\" target=\"_blank\" rel=\"noopener\"><span style=\"color: #ff6e03; font-size: 11px;\">\u00a9 Der Text ist urheberrechtlich gesch\u00fctzt<\/span><\/a><\/p>","protected":false},"excerpt":{"rendered":"<p>De WL4 MH10 is een muursteun montage houder van \u00e9\u00e9n meter met bijbehorende montagemateriaal. De WL4 MH10 kan bijvoorbeeld worden gebruikt voor het plaatsen aan een muur van een camera, WI-FI (straal) antenne of portofoon antenne enzovoorts. De muurhouder kan universeel worden ingezet en is eenvoudig te monteren. Belangrijkste kenmerken Muurhouder van gegalvaniseerd staal 1030<\/p>\n<div class=\"klb-readmore button\"><a class=\"btn link\" href=\"https:\/\/webstore4.com\/de\/product\/wl4-mh10-muursteun-montage-mast-1-meter\/\">Mehr lesen <i class=\"klbth-icon-right-arrow\"><\/i><\/a><\/div>","protected":false},"featured_media":12479,"comment_status":"open","ping_status":"closed","template":"","meta":[],"pwb-brand":[3380],"product_cat":[4464,4467],"product_tag":[],"class_list":{"0":"post-12477","1":"product","2":"type-product","3":"status-publish","4":"has-post-thumbnail","6":"pwb-brand-wl4","7":"product_cat-palen-en-masten","8":"product_cat-camera-palen","9":"product_shipping_class-pakket","10":"pa_hoogte-1-meter","11":"pa_kleur-verzinkt","12":"pa_merk-wl4","13":"pa_omgeving-binnen-en-buiten","15":"first","16":"instock","17":"taxable","18":"shipping-taxable","19":"purchasable","20":"product-type-simple"},"brands":[{"id":3380,"name":"WL4","slug":"wl4"}],"_links":{"self":[{"href":"https:\/\/webstore4.com\/de\/wp-json\/wp\/v2\/product\/12477","targetHints":{"allow":["GET"]}}],"collection":[{"href":"https:\/\/webstore4.com\/de\/wp-json\/wp\/v2\/product"}],"about":[{"href":"https:\/\/webstore4.com\/de\/wp-json\/wp\/v2\/types\/product"}],"replies":[{"embeddable":true,"href":"https:\/\/webstore4.com\/de\/wp-json\/wp\/v2\/comments?post=12477"}],"wp:featuredmedia":[{"embeddable":true,"href":"https:\/\/webstore4.com\/de\/wp-json\/wp\/v2\/media\/12479"}],"wp:attachment":[{"href":"https:\/\/webstore4.com\/de\/wp-json\/wp\/v2\/media?parent=12477"}],"wp:term":[{"taxonomy":"pwb-brand","embeddable":true,"href":"https:\/\/webstore4.com\/de\/wp-json\/wp\/v2\/pwb-brand?post=12477"},{"taxonomy":"product_cat","embeddable":true,"href":"https:\/\/webstore4.com\/de\/wp-json\/wp\/v2\/product_cat?post=12477"},{"taxonomy":"product_tag","embeddable":true,"href":"https:\/\/webstore4.com\/de\/wp-json\/wp\/v2\/product_tag?post=12477"}],"curies":[{"name":"wp","href":"https:\/\/api.w.org\/{rel}","templated":true}]}}