{"id":12468,"date":"2023-11-06T17:36:36","date_gmt":"2023-11-06T15:36:36","guid":{"rendered":"https:\/\/webstore4.com\/?post_type=product&#038;p=12468"},"modified":"2024-10-09T20:44:59","modified_gmt":"2024-10-09T19:44:59","slug":"ajax-nvr8-zwart-8-kanaals-netwerk-video-recorder","status":"publish","type":"product","link":"https:\/\/webstore4.com\/de\/product\/ajax-nvr8-zwart-8-kanaals-netwerk-video-recorder\/","title":{"rendered":"Ajax NVR8 Schwarz 8-Kanal 4K Ultra HD 100 Mbit\/s, Netzwerk-Videorecorder mit integriertem Netzteil"},"content":{"rendered":"<p>De Ajax NVR8 Zwart is onderdeel van het Ajax Baseline alarmsysteem. Ajax is een toonaangevend bedrijf op het gebied van beveiligingsoplossingen. Met geavanceerde technologie\u00ebn en innovatieve producten bieden ze betrouwbare en effectieve beveiligingsoplossingen voor zowel particuliere als zakelijke klanten. De systemen zijn eenvoudig te installeren en te bedienen, waardoor gebruikers een veilig gevoel hebben. Ajax Security Systems staat bekend om zijn hoogwaardige beveiligingsproducten die voldoen aan de strengste normen en eisen.<\/p>\n<p>Ajax bietet mit seinen Produkten eine kostenlose App an, die mit den Komponenten des Ajax-Alarmsystems kommuniziert. Die App erm\u00f6glicht es, Benachrichtigungen \u00fcber Alarme und Ereignisse zu erhalten, Live-Videostreams anzusehen und den Status aller Sicherheitsger\u00e4te zu \u00fcberpr\u00fcfen. Die App bietet detaillierte Veranstaltungsinformationen und l\u00e4sst sich einfach \u00fcber mehrere Ger\u00e4te und Benutzer hinweg verwalten.<\/p>\n<p><strong>M\u00f6glichkeiten<\/strong><\/p>\n<p>De Ajax NVR8 Zwart is een 4K Netwerk Video Recorder (NVR), waar acht IP camera&#8217;s mee verbonden kunnen worden voor het opnemen en beheren van de camerabeelden. Door de grote functionaliteit, het installatiegemak en hoge bruikbaarheid is de NVR ideaal voor gebruik in zowel woningen, winkels als bedrijven.<\/p>\n<p>Op de NVR kunnen maximaal 8 4K Ultra HD IP camera\u2019s worden aangesloten. De Ajax NVR8 Zwart beschikt <strong>nicht\u00a0<\/strong>\u00fcber PoE-Ports. Die Kameras m\u00fcssen \u00fcber das Netzwerk oder \u00fcber einen PoE-Switch verbunden sein. In Kombination mit Ajax-Kameras ist die Installation durch das Scannen eines QR-Codes sehr einfach. Die Bedienung und Konfiguration kann komplett aus der Ferne erfolgen. Da der Ajax NVR mit dem ONVIF-Protokoll ausgestattet ist, k\u00f6nnen diesem Netzwerk-Videorecorder (NVR) auch Kameras hinzugef\u00fcgt werden, die das ONVIF-Protokoll verwenden. Auf den NVR kann dann \u00fcber einen Webbrowser und mit der kostenlosen Ajax-App f\u00fcr Smartphone und Tablet zugegriffen werden.<\/p>\n<p>Die Bilder vom NVR k\u00f6nnen mit der Anwendung angezeigt werden. Der NVR hat eine maximale Aufl\u00f6sung von 3840 x 2160 (4K Ultra HD) und 25\/30 Bilder pro Sekunde (FPS). Es ist m\u00f6glich, der Anwendung vierzehn Ajax-Netzwerk-Videorecorder hinzuzuf\u00fcgen, sodass alle Kameras rund um Geb\u00e4ude in einer Anwendung angezeigt werden k\u00f6nnen.<\/p>\n<p><strong>Festplatten<br \/>\n<\/strong><\/p>\n<p>De Ajax NVR8 Zwart ondersteunt \u00e9\u00e9n 3,5 inch harde schijf van maximaal 16 terabyte. De Ajax NVR8 Zwart wordt standaard geleverd <strong>ohne<\/strong> eine Festplatte. In unserem Online-Shop verkaufen wir Western Digital Purple-Festplatten f\u00fcr diesen Rekorder, die speziell f\u00fcr \u00dcberwachungszwecke rund um die Uhr konzipiert sind.<\/p>\n<p>F\u00fcr weitere Spezifikationen empfehlen wir Ihnen, das Datenblatt zu konsultieren, das unter der Registerkarte \u201eDokumentation\u201c enthalten ist.<\/p>\n<p><strong>Wichtigste Funktionen<br \/>\n<\/strong><\/p>\n<ul>\n<li>Funktioniert mit allen Arten von NVR- und HUB-Zentralen von Ajax<\/li>\n<li>Geeignet f\u00fcr 8 IP-Kameras<\/li>\n<li>Intelligente Software zur Erkennung der Bewegung im Rahmen<\/li>\n<li>M\u00f6glichkeit, zwischen Bildanalyse mit dem NVR- oder Kameraalgorithmus zu wechseln<\/li>\n<li>\u00dcber die Anwendung k\u00f6nnen 14 NVRs hinzugef\u00fcgt werden<\/li>\n<li>Geeignet f\u00fcr eine 4K-Ultra-HD-Aufl\u00f6sung von 3840 x 2160<\/li>\n<li>H.264\/H.265-Komprimierungstechnik<\/li>\n<li>Bandbreite bis zu 100 Mbit\/s<\/li>\n<li>Funktioniert mit IP-Kameras anderer Marken (ONVIF \/ RTSP)<\/li>\n<li>Festplatte mit bis zu 16 TB<\/li>\n<li>Plug<\/li>\n<li>1x RJ45-Anschluss<\/li>\n<li>Sabotagealarm<\/li>\n<li>Stromversorgung mit 110-240V<\/li>\n<li>IP20<\/li>\n<li>Schwarz<\/li>\n<\/ul>\n<p>WebStore4 ist offizieller H\u00e4ndler von Ajax Systems. Bestellen Sie Alarmsysteme von Ajax Systems einfach und schnell \u00fcber unseren Webshop. Alle Elemente k\u00f6nnen auch einzeln bestellt werden. Gerne beraten wir Sie fachkundig \u00fcber die M\u00f6glichkeiten des Ajax-Systems. Bei gr\u00f6\u00dferen Projekten k\u00f6nnen wir attraktive Preise anbieten und Hilfe bei der Montage der richtigen Teile anbieten.<\/p>\n<p><a href=\"https:\/\/webstore4.com\/Copyright\/\" target=\"_blank\" rel=\"noopener\"><span style=\"color: #ff6e03; font-size: 11px;\">\u00a9 Der Text ist urheberrechtlich gesch\u00fctzt<\/span><\/a><\/p>","protected":false},"excerpt":{"rendered":"<p>De Ajax NVR8 Zwart is onderdeel van het Ajax Baseline alarmsysteem. Ajax is een toonaangevend bedrijf op het gebied van beveiligingsoplossingen. Met geavanceerde technologie\u00ebn en innovatieve producten bieden ze betrouwbare en effectieve beveiligingsoplossingen voor zowel particuliere als zakelijke klanten. De systemen zijn eenvoudig te installeren en te bedienen, waardoor gebruikers een veilig gevoel hebben. Ajax<\/p>\n<div class=\"klb-readmore button\"><a class=\"btn link\" href=\"https:\/\/webstore4.com\/de\/product\/ajax-nvr8-zwart-8-kanaals-netwerk-video-recorder\/\">Mehr lesen <i class=\"klbth-icon-right-arrow\"><\/i><\/a><\/div>","protected":false},"featured_media":12469,"comment_status":"closed","ping_status":"closed","template":"","meta":[],"pwb-brand":[3408],"product_cat":[3466,4224,4263,4210,4575],"product_tag":[],"class_list":{"0":"post-12468","1":"product","2":"type-product","3":"status-publish","4":"has-post-thumbnail","6":"pwb-brand-ajax-systems","7":"product_cat-alarm","8":"product_cat-alarmsystemen","9":"product_cat-ajax-baseline","10":"product_cat-recorders-opslagmedia-benodigdheden","11":"product_cat-ajax-baseline-ip-camera","12":"product_shipping_class-pakket","13":"pa_harddisk-type-1-x-3-5-inch-max-16tb","14":"pa_kleur-zwart","15":"pa_maximaal-ip-camera-kanalen-3646","16":"pa_maximum-aantal-harddisks-3722","17":"pa_merk-ajax-systems","18":"pa_omgeving-binnen","19":"pa_poe-802-3af-at","20":"pa_product-nvr","21":"pa_rj45-lan-aansluiting-1x-101001000","22":"pa_voeding-230vac","24":"first","25":"onbackorder","26":"taxable","27":"shipping-taxable","28":"purchasable","29":"product-type-simple"},"brands":[{"id":3408,"name":"Ajax Systems","slug":"ajax-systems"}],"_links":{"self":[{"href":"https:\/\/webstore4.com\/de\/wp-json\/wp\/v2\/product\/12468","targetHints":{"allow":["GET"]}}],"collection":[{"href":"https:\/\/webstore4.com\/de\/wp-json\/wp\/v2\/product"}],"about":[{"href":"https:\/\/webstore4.com\/de\/wp-json\/wp\/v2\/types\/product"}],"replies":[{"embeddable":true,"href":"https:\/\/webstore4.com\/de\/wp-json\/wp\/v2\/comments?post=12468"}],"wp:featuredmedia":[{"embeddable":true,"href":"https:\/\/webstore4.com\/de\/wp-json\/wp\/v2\/media\/12469"}],"wp:attachment":[{"href":"https:\/\/webstore4.com\/de\/wp-json\/wp\/v2\/media?parent=12468"}],"wp:term":[{"taxonomy":"pwb-brand","embeddable":true,"href":"https:\/\/webstore4.com\/de\/wp-json\/wp\/v2\/pwb-brand?post=12468"},{"taxonomy":"product_cat","embeddable":true,"href":"https:\/\/webstore4.com\/de\/wp-json\/wp\/v2\/product_cat?post=12468"},{"taxonomy":"product_tag","embeddable":true,"href":"https:\/\/webstore4.com\/de\/wp-json\/wp\/v2\/product_tag?post=12468"}],"curies":[{"name":"wp","href":"https:\/\/api.w.org\/{rel}","templated":true}]}}