{"id":12362,"date":"2023-11-03T10:07:40","date_gmt":"2023-11-03T08:07:40","guid":{"rendered":"https:\/\/webstore4.com\/?post_type=product&#038;p=12362"},"modified":"2024-05-21T17:17:32","modified_gmt":"2024-05-21T16:17:32","slug":"ajax-bulletcam-zwart-5mp-bullet-camera","status":"publish","type":"product","link":"https:\/\/webstore4.com\/de\/product\/ajax-bulletcam-zwart-5mp-bullet-camera\/","title":{"rendered":"Ajax BulletCam Black Full HD 5MP Outdoor-Bullet-Kamera mit 2,8-mm-Objektiv"},"content":{"rendered":"<p>Die Ajax BulletCam Black ist Teil des Ajax Baseline-Alarmsystems. Ajax ist ein f\u00fchrendes Unternehmen im Bereich Sicherheitsl\u00f6sungen. Mit fortschrittlichen Technologien und innovativen Produkten bieten sie zuverl\u00e4ssige und effektive Sicherheitsl\u00f6sungen f\u00fcr Privat- und Gesch\u00e4ftskunden. Ihre Systeme sind einfach zu installieren und zu bedienen und geben den Benutzern ein Gef\u00fchl der Sicherheit. Ajax Security Systems ist bekannt f\u00fcr seine hochwertigen Sicherheitsprodukte, die die strengsten Standards und Anforderungen erf\u00fcllen.<\/p>\n<p>Ajax bietet zu seinen Produkten eine kostenlose App an, die mit dem zentralen Hub kommuniziert, an den bis zu f\u00fcnfzig Benutzer und hundert Ger\u00e4te angeschlossen werden k\u00f6nnen. Die App erm\u00f6glicht es, Benachrichtigungen \u00fcber Alarme und Ereignisse zu erhalten, Live-Videostreams anzusehen und den Status aller Sicherheitsger\u00e4te zu \u00fcberpr\u00fcfen. Die App bietet detaillierte Veranstaltungsinformationen und l\u00e4sst sich einfach \u00fcber mehrere Ger\u00e4te und Benutzer hinweg verwalten.<\/p>\n<p><strong>M\u00f6glichkeiten<\/strong><\/p>\n<p>Die Ajax BulletCam Black ist eine kabelgebundene Bullet-IP-Kamera mit verschiedenen intelligenten Funktionen. Die Ajax BulletCam Black zeigt Bilder in einer Full-HD-Aufl\u00f6sung von 3840 x 2160 an. Mit einer Bildrate von 20 FPS kommuniziert die Kamera Bilder mit dem zentralen Hub oder NVR, sodass die Bilder sofort in der Ajax-Anwendung sichtbar sind. Die Kamera verf\u00fcgt \u00fcber High Dynamic Range (HDR) und (True) Wide Dynamic Range (WDR), wodurch die Kamera auch mit komplexen Lichtverh\u00e4ltnissen wie Gegenlicht durch die Sonne oder Autoscheinwerfern sehr gut zurechtkommt. Der Unterschied zwischen True Wide Dynamic Range und der herk\u00f6mmlichen WDR-Funktion besteht darin, dass bei True-WDR das Bild Bild f\u00fcr Bild in Echtzeit ausgeglichen wird. Dadurch bleiben Details gut sichtbar und die Bilder bleiben in der Anwendung sofort sehr scharf. In der Anwendung ist es m\u00f6glich, die Lichtverh\u00e4ltnisse direkt selbst anzupassen. Mit der Ajax BulletCam Black ist es m\u00f6glich, in Kombination mit dem Alarmsystem Szenarien einzustellen.<\/p>\n<p>Die Anpassung der Bilder erfolgt ganz einfach \u00fcber einen Schieberegler in der Anwendung. Dadurch ist es m\u00f6glich, Helligkeit, Farben, Sch\u00e4rfe und Kontraste anzupassen. Die Ajax BulletCam Black verf\u00fcgt \u00fcber eine IR-Beleuchtung bis zu einer maximalen Reichweite von 35 Metern, die daf\u00fcr sorgt, dass auch bei Dunkelheit klare Bilder angezeigt werden. Die Ajax Baseline-Kameras verwenden ein Codec G722-Mikrofon, das Rauschen verhindert und daher \u00fcberall f\u00fcr eine sehr gute Tonqualit\u00e4t sorgt.<\/p>\n<p>Die Ajax BulletCam Black ist mit einer Bewegungserkennung mit KI-Technologie ausgestattet, die Fahrzeuge, Personen und Haustiere unterscheiden kann. Das Schlaue an der Ajax-Kamera ist, dass die Kamera alle drei in der Anwendung aufzeichnet, beschriftet und archiviert. Dazu geh\u00f6ren die Bewegung und die Zeit, in der sich das jeweilige Objekt bewegt. Der Erfassungsbereich kann angepasst werden. Die Ajax-Kameras sorgen dank k\u00fcnstlicher Intelligenz daf\u00fcr, dass keine unn\u00f6tigen Bilder gespeichert werden. Sie k\u00f6nnen das Archiv in der Ajax-Anwendung ganz einfach nach Bewegung, Szenarien und Datum durchsuchen. Die Kamerabilder k\u00f6nnen direkt aus der Anwendung geteilt werden.<\/p>\n<div style=\"width: 960px;\" class=\"wp-video\"><video class=\"wp-video-shortcode\" id=\"video-12362-1\" width=\"960\" height=\"245\" preload=\"metadata\" controls=\"controls\"><source type=\"video\/mp4\" src=\"https:\/\/webstore4.com\/wp-content\/uploads\/2023\/11\/Ajax-BulletCam-Wit-AI-WebStore4.mp4?_=1\" \/><a href=\"https:\/\/webstore4.com\/wp-content\/uploads\/2023\/11\/Ajax-BulletCam-Wit-AI-WebStore4.mp4\">https:\/\/webstore4.com\/wp-content\/uploads\/2023\/11\/Ajax-BulletCam-Wit-AI-WebStore4.mp4<\/a><\/video><\/div>\n<p>Die Kamera verf\u00fcgt \u00fcber ein festes 2,8-mm-Objektiv mit einem horizontalen Betrachtungswinkel von 100\u2013110 Grad. Die Kamera bietet die M\u00f6glichkeit, auf einer SD-Karte in der Kamera bis zu maximal 256 GB aufzuzeichnen. Diese SD-Karte kann unter \u201eOptionen\u201c bestellt werden. Bilder k\u00f6nnen auch auf einem Ajax NVR gespeichert werden, was empfohlen wird, wenn mehrere Kameras an einem Standort verwendet werden.<\/p>\n<p>Auch in der Kameraserie von Ajax Systems spielt die Anwendung eine zentrale Rolle. Durch Scannen des QR-Codes in der Kamera k\u00f6nnen Sie die Kamera in der Anwendung ganz einfach zu Ihrem Alarmsystem hinzuf\u00fcgen. Die Einstellungen mehrerer Kameras an einem Standort k\u00f6nnen alle in einer Anwendung verwaltet werden. Die Kamera verf\u00fcgt \u00fcber ein robustes Geh\u00e4use mit Schutzklasse IP65, wodurch die Kamera auch rauen Wetterbedingungen standh\u00e4lt. Dar\u00fcber hinaus verf\u00fcgen die Ajax-Kameras \u00fcber einen Manipulationsschutz durch die eingebauten Sto\u00dfsensoren, die bei physischer Bewegung oder Demontage des Ger\u00e4ts sofort eine Push-Benachrichtigung in der Anwendung bereitstellen.<\/p>\n<p>Die Kompaktkamera wird mit einer Montageplatte geliefert und ist daher sehr einfach zu installieren. Ajax-Kameras erf\u00fcllen alle Anforderungen der europ\u00e4ischen Datenschutznormen. Dar\u00fcber hinaus erf\u00fcllen die Kameras die NDAA-Standards und alle Komponenten stammen von Herstellern, die von der US-Regierung zugelassen sind. Die Kamera verf\u00fcgt au\u00dferdem \u00fcber JetSparrow-Technologie. Diese Technologie wurde von Ajax entwickelt, um sicherzustellen, dass die \u00dcbertragung, Speicherung und Verwaltung von Videos schnell und verschl\u00fcsselt erfolgt. Die Kamera ist mit einer Authentifizierung \u00fcber das Mutual TLS-Protokoll ausgestattet, wodurch sichergestellt wird, dass kein Passwort pro Kamera festgelegt werden muss.<\/p>\n<p>Die Ajax BulletCam Black ist energieeffizient und zur einfacheren Installation kann die Kamera \u00fcber das Netzwerkkabel mit Power over Ethernet (Standard 802.3at POE) mit Strom versorgt werden. PoE kann \u00fcber einen PoE-NVR, einen PoE-Switch oder mit einem PoE-Injektor bezogen werden. Die Kamera kann auch mit einem optionalen 12-V-Netzteil mit Strom versorgt werden. Unter dem Reiter \u201eOptionen\u201c k\u00f6nnen Sie angeben, ob ein Adapter enthalten sein soll.<\/p>\n<p>F\u00fcr weitere Spezifikationen empfehlen wir Ihnen, das Datenblatt zu konsultieren, das unter der Registerkarte \u201eDokumentation\u201c enthalten ist.<\/p>\n<p><strong>Wichtigste Funktionen<br \/>\n<\/strong><\/p>\n<ul>\n<li>Funktioniert mit allen Arten von NVR- und HUB-Zentralen von Ajax<\/li>\n<li>5-MP-Kamera, Aufl\u00f6sung 2880 x 1620<\/li>\n<li>Tag-\/Nachtkamera<\/li>\n<li>IR-Beleuchtung bis zu 35 Meter<\/li>\n<li>Echter WDR<\/li>\n<li>K\u00fcnstliche Intelligenz<\/li>\n<li>Unterscheidung von Mensch, Tier und Fahrzeug<\/li>\n<li>H.264\/H.265-Komprimierungstechnik<\/li>\n<li>Nehmen Sie auf microSD mit bis zu 256 GB auf<\/li>\n<li>Ethernet bis zu 100 Mbit\/s<\/li>\n<li>Codec G722-Mikrofon<\/li>\n<li>Verschl\u00fcsselte Verbindung (mTLS)<\/li>\n<li>Schutzklasse IP65<\/li>\n<li>Manipulationsschutz<\/li>\n<li>Stromversorgung mit 12VDC oder PoE (802.3at)<\/li>\n<li>Geeignet f\u00fcr den Au\u00dfenbereich<\/li>\n<li>Kostenlose App und Software<\/li>\n<li>Schwarz<\/li>\n<\/ul>\n<p>WebStore4 ist offizieller H\u00e4ndler von Ajax Systems. Bestellen Sie Alarmsysteme von Ajax Systems einfach und schnell \u00fcber unseren Webshop. Alle Elemente k\u00f6nnen auch einzeln bestellt werden. Gerne beraten wir Sie fachkundig \u00fcber die M\u00f6glichkeiten des Ajax-Systems. Bei gr\u00f6\u00dferen Projekten k\u00f6nnen wir attraktive Preise anbieten und Hilfe bei der Montage der richtigen Teile anbieten.<\/p>\n<p><a href=\"https:\/\/www.webstore4ipcameras.nl\/Copyright\" target=\"_blank\" rel=\"noopener\"><span style=\"color: #ff6e03; font-size: 11px;\">\u00a9 Der Text ist urheberrechtlich gesch\u00fctzt<\/span><\/a><\/p>\n<p><iframe title=\"Ajax-Sonderevent: Beherrsche deinen Raum\" width=\"960\" height=\"540\" src=\"https:\/\/www.youtube.com\/embed\/Nv55K5DeKSI?start=4486&#038;feature=oembed&#038;enablejsapi=1&#038;origin=https:\/\/webstore4.com\" frameborder=\"0\" allow=\"accelerometer; autoplay; clipboard-write; encrypted-media; gyroscope; picture-in-picture; web-share\" referrerpolicy=\"strict-origin-when-cross-origin\" allowfullscreen><\/iframe><\/p>","protected":false},"excerpt":{"rendered":"<p>De Ajax BulletCam Zwart is onderdeel van het Ajax Baseline alarmsysteem. Ajax is een toonaangevend bedrijf op het gebied van beveiligingsoplossingen. Met geavanceerde technologie\u00ebn en innovatieve producten bieden ze betrouwbare en effectieve beveiligingsoplossingen voor zowel particuliere als zakelijke klanten. Hun systemen zijn eenvoudig te installeren en te bedienen, waardoor gebruikers een veilig gevoel hebben. Ajax<\/p>\n<div class=\"klb-readmore button\"><a class=\"btn link\" href=\"https:\/\/webstore4.com\/de\/product\/ajax-bulletcam-zwart-5mp-bullet-camera\/\">Mehr lesen <i class=\"klbth-icon-right-arrow\"><\/i><\/a><\/div>","protected":false},"featured_media":12363,"comment_status":"closed","ping_status":"closed","template":"","meta":[],"pwb-brand":[3408],"product_cat":[3466,4224,4263,4575,4184,4219],"product_tag":[],"class_list":{"0":"post-12362","1":"product","2":"type-product","3":"status-publish","4":"has-post-thumbnail","6":"pwb-brand-ajax-systems","7":"product_cat-alarm","8":"product_cat-alarmsystemen","9":"product_cat-ajax-baseline","10":"product_cat-ajax-baseline-ip-camera","11":"product_cat-cameras","12":"product_cat-bullet-box-cameras-cameras","13":"product_shipping_class-pakket","14":"pa_audio-nee","15":"pa_beeldhoek-graden-horizontaal-3707","16":"pa_dag-nacht-ir-cut-filter-ja","17":"pa_draadloos-nee","18":"pa_geheugenkaart-type-micro-sdsdhcsdxc-256gb","19":"pa_ingebouwd-type-nachtzicht-infrared-ir-led","20":"pa_kleur-zwart","21":"pa_lens-mm-2-8","22":"pa_megapixel-5mp","23":"pa_merk-ajax-systems","24":"pa_mobiele-app-fabrikant-ja","25":"pa_nachtzicht-ja","26":"pa_omgeving-binnen-en-buiten","27":"pa_opnemen-op-sd-kaart-ja","28":"pa_poe-802-3at","29":"pa_resolutie-max-pixels-full-hd-2880x1620","30":"pa_voeding-12vdc","31":"pa_voeding-poe","32":"pa_wdr-ja","34":"first","35":"onbackorder","36":"taxable","37":"shipping-taxable","38":"purchasable","39":"product-type-simple"},"brands":[{"id":3408,"name":"Ajax Systems","slug":"ajax-systems"}],"_links":{"self":[{"href":"https:\/\/webstore4.com\/de\/wp-json\/wp\/v2\/product\/12362","targetHints":{"allow":["GET"]}}],"collection":[{"href":"https:\/\/webstore4.com\/de\/wp-json\/wp\/v2\/product"}],"about":[{"href":"https:\/\/webstore4.com\/de\/wp-json\/wp\/v2\/types\/product"}],"replies":[{"embeddable":true,"href":"https:\/\/webstore4.com\/de\/wp-json\/wp\/v2\/comments?post=12362"}],"wp:featuredmedia":[{"embeddable":true,"href":"https:\/\/webstore4.com\/de\/wp-json\/wp\/v2\/media\/12363"}],"wp:attachment":[{"href":"https:\/\/webstore4.com\/de\/wp-json\/wp\/v2\/media?parent=12362"}],"wp:term":[{"taxonomy":"pwb-brand","embeddable":true,"href":"https:\/\/webstore4.com\/de\/wp-json\/wp\/v2\/pwb-brand?post=12362"},{"taxonomy":"product_cat","embeddable":true,"href":"https:\/\/webstore4.com\/de\/wp-json\/wp\/v2\/product_cat?post=12362"},{"taxonomy":"product_tag","embeddable":true,"href":"https:\/\/webstore4.com\/de\/wp-json\/wp\/v2\/product_tag?post=12362"}],"curies":[{"name":"wp","href":"https:\/\/api.w.org\/{rel}","templated":true}]}}