{"id":12303,"date":"2023-11-01T08:57:56","date_gmt":"2023-11-01T06:57:56","guid":{"rendered":"https:\/\/webstore4.com\/?post_type=product&#038;p=12303"},"modified":"2025-06-19T19:20:06","modified_gmt":"2025-06-19T18:20:06","slug":"wl4-sl036a-zware-automatische-heksluiting-verzinkt","status":"publish","type":"product","link":"https:\/\/webstore4.com\/de\/product\/wl4-sl036a-zware-automatische-heksluiting-verzinkt\/","title":{"rendered":"WL4 SL036A Robuster automatischer Torverschluss, verzinkt"},"content":{"rendered":"<p>Der WL4 SL048 ist eine robuste Version eines automatischen Torriegels aus Stahl. WL4 f\u00fchrt in der Kategorie Tore und Z\u00e4une hochwertige Produkte aus Materialien wie Stahl, Edelstahl, verzinktem Stahl und pulverbeschichtetem Stahl.<\/p>\n<p>Wir stellen immer Produktinformationen wie L\u00e4nge, Breite und Dicke des Produkts zur Verf\u00fcgung. Dar\u00fcber hinaus haben unsere Produkte ein luxuri\u00f6ses Aussehen und eine lange Lebensdauer, was sie zu einer nachhaltigen L\u00f6sung macht.<\/p>\n<p>Unter der Marke WL4 f\u00fchrt WebStore4 Qualit\u00e4tsprodukte zu sehr wettbewerbsf\u00e4higen Preisen. Gesch\u00e4ftskunden erhalten bei uns wettbewerbsf\u00e4hige Preise f\u00fcr gr\u00f6\u00dfere Eink\u00e4ufe, aber auch f\u00fcr Privatpersonen halten wir die Preise wettbewerbsf\u00e4hig. F\u00fcr Gesch\u00e4ftskunden, die regelm\u00e4\u00dfig einkaufen, haben wir ein Konto, in dem Preise und Verwaltungsdokumente sofort sichtbar sind.<\/p>\n<p><strong>M\u00f6glichkeiten<\/strong><\/p>\n<p>De WL4 SL036A\u00a0 is een automatische heksluiting voor binnen en buiten, gemaakt van staal. Het materiaal is verzinkt, zodat het een lange levensduur heeft in de buitenomgeving. Dit product is geschikt voor hekken en poorten.<\/p>\n<p>Der WL4 SL048 kann f\u00fcr Holz- oder Metallz\u00e4une verwendet werden. Da das Material verzinkt ist, ist es sofort zus\u00e4tzlich vor Rostbildung gesch\u00fctzt. Die Montage des WL4 SL048 ist einfach.<\/p>\n<p><strong>Wichtigste Funktionen<\/strong><\/p>\n<ul>\n<li>Verzinkt<\/li>\n<li>Lange Lebensspanne<\/li>\n<li>Leicht zusammenzubauen<\/li>\n<li>Plattengr\u00f6\u00dfe: 180x30x5 MM<\/li>\n<li>Pen: 200x \u00d87 MM<\/li>\n<li>Galvanisierter Look<\/li>\n<\/ul>\n<p><a href=\"https:\/\/www.webstore4ipcameras.nl\/Copyright\" target=\"_blank\" rel=\"noopener\"><span style=\"color: #ff6e03; font-size: 11px;\">\u00a9 Der Text ist urheberrechtlich gesch\u00fctzt<\/span><\/a><\/p>","protected":false},"excerpt":{"rendered":"<p>De WL4 SL036A is een zware uitvoering van een automatische heksluiting gemaakt van staal. WL4 voert onder de categorie Poort en hekwerk hoogwaardige producten van materialen zoals staal, roestvrijstaal, verzinkt staal en gepoedercoat staal. Wij geven altijd de productinformatie op zoals de lengte, breedte en dikte van het product. Daarnaast hebben onze producten een luxueuze<\/p>\n<div class=\"klb-readmore button\"><a class=\"btn link\" href=\"https:\/\/webstore4.com\/de\/product\/wl4-sl036a-zware-automatische-heksluiting-verzinkt\/\">Mehr lesen <i class=\"klbth-icon-right-arrow\"><\/i><\/a><\/div>","protected":false},"featured_media":12302,"comment_status":"closed","ping_status":"closed","template":"","meta":[],"pwb-brand":[3380],"product_cat":[4544,4562],"product_tag":[],"class_list":{"0":"post-12303","1":"product","2":"type-product","3":"status-publish","4":"has-post-thumbnail","6":"pwb-brand-wl4","7":"product_cat-poort-en-hekwerk","8":"product_cat-sluitingen-en-sloten","9":"product_shipping_class-pakket","10":"pa_kleur-grijs","11":"pa_kleur-verzinkt","12":"pa_materiaal-staal","13":"pa_materiaal-verzinkt","14":"pa_merk-wl4","15":"pa_omgeving-binnen-en-buiten","17":"first","18":"instock","19":"taxable","20":"shipping-taxable","21":"purchasable","22":"product-type-simple"},"brands":[{"id":3380,"name":"WL4","slug":"wl4"}],"_links":{"self":[{"href":"https:\/\/webstore4.com\/de\/wp-json\/wp\/v2\/product\/12303","targetHints":{"allow":["GET"]}}],"collection":[{"href":"https:\/\/webstore4.com\/de\/wp-json\/wp\/v2\/product"}],"about":[{"href":"https:\/\/webstore4.com\/de\/wp-json\/wp\/v2\/types\/product"}],"replies":[{"embeddable":true,"href":"https:\/\/webstore4.com\/de\/wp-json\/wp\/v2\/comments?post=12303"}],"wp:featuredmedia":[{"embeddable":true,"href":"https:\/\/webstore4.com\/de\/wp-json\/wp\/v2\/media\/12302"}],"wp:attachment":[{"href":"https:\/\/webstore4.com\/de\/wp-json\/wp\/v2\/media?parent=12303"}],"wp:term":[{"taxonomy":"pwb-brand","embeddable":true,"href":"https:\/\/webstore4.com\/de\/wp-json\/wp\/v2\/pwb-brand?post=12303"},{"taxonomy":"product_cat","embeddable":true,"href":"https:\/\/webstore4.com\/de\/wp-json\/wp\/v2\/product_cat?post=12303"},{"taxonomy":"product_tag","embeddable":true,"href":"https:\/\/webstore4.com\/de\/wp-json\/wp\/v2\/product_tag?post=12303"}],"curies":[{"name":"wp","href":"https:\/\/api.w.org\/{rel}","templated":true}]}}