{"id":12275,"date":"2023-10-31T11:21:43","date_gmt":"2023-10-31T09:21:43","guid":{"rendered":"https:\/\/webstore4.com\/?post_type=product&#038;p=12275"},"modified":"2024-04-19T15:17:35","modified_gmt":"2024-04-19T14:17:35","slug":"wl4-dv02-deurvanger-zwart-met-windhaak-en-deurstop","status":"publish","type":"product","link":"https:\/\/webstore4.com\/de\/product\/wl4-dv02-deurvanger-zwart-met-windhaak-en-deurstop\/","title":{"rendered":"WL4 DV02 Schwarzer T\u00fcrschn\u00e4pper mit Windhaken und T\u00fcrstopper"},"content":{"rendered":"<p>De WL4 DV02 is een deurvanger met bijbehorende windhaak set gemaakt van staal. WL4 voert onder de categorie Poort en hekwerk hoogwaardige producten van materialen zoals staal, roestvrijstaal, verzinkt staal en gepoedercoat staal. De afmetingen van het scharnier moeten passen bij de afmetingen van de deur, poort of ander object dat ge\u00efnstalleerd moet worden.<\/p>\n<p>Wir stellen immer Produktinformationen wie L\u00e4nge, Breite und Dicke des Produkts zur Verf\u00fcgung. Dar\u00fcber hinaus haben unsere Produkte ein luxuri\u00f6ses Aussehen und eine lange Lebensdauer, was sie zu einer nachhaltigen L\u00f6sung macht.<\/p>\n<p>Unter der Marke WL4 f\u00fchrt WebStore4 Qualit\u00e4tsprodukte zu sehr wettbewerbsf\u00e4higen Preisen. Gesch\u00e4ftskunden erhalten bei uns wettbewerbsf\u00e4hige Preise f\u00fcr gr\u00f6\u00dfere Eink\u00e4ufe, aber auch f\u00fcr Privatpersonen halten wir die Preise wettbewerbsf\u00e4hig. F\u00fcr Gesch\u00e4ftskunden, die regelm\u00e4\u00dfig einkaufen, haben wir ein Konto, in dem Preise und Verwaltungsdokumente sofort sichtbar sind.<\/p>\n<p><strong>M\u00f6glichkeiten<\/strong><\/p>\n<p>De WL4 DV02 is een deur opvangbeugel met windhaak set voor binnen en buiten, gemaakt van staal. De deurstop zelf heeft een rode rozige kleur. Doordat het materiaal van de opvangbeugel verzinkt en daarna in zwarte kleur is gepoedercoat, heeft het product een lange levensduur in de buitenomgeving.<\/p>\n<p>Deze set bevat \u00e9\u00e9n deurvanger met deurstop en met \u00e9\u00e9n zwarte windhaak inclusief bijbehorende schroeven.<\/p>\n<p>Met de WL4 DV02 kan worden gebruikt om deuren op te vangen zonder beschadigingen aan de deur te maken. Door de windhaak is het mogelijk om de deur in een open stand vast te zetten, waardoor deze niet dicht kan waaien. Vaak wordt een deurvanger gebruikt voor een schuurdeur of tuindeur. Het monteren van de WL4 DV02 is eenvoudig op muur of schuur.<\/p>\n<p><strong>Wichtigste Funktionen<\/strong><\/p>\n<ul>\n<li>Set bestaande uit 1 opvangbeugel, 1 deurstop en 1 windhaak.<\/li>\n<li>Gegalvaniseerde opvangbeugel<\/li>\n<li>Inclusief deurstop<\/li>\n<li>Lange Lebensspanne<\/li>\n<li>Leicht zusammenzubauen<\/li>\n<li>Afmeting opvangbeugel 240x170x38 MM<\/li>\n<li>Exclusief schroeven set<\/li>\n<li>Schwarz<\/li>\n<\/ul>\n<p><a href=\"https:\/\/www.webstore4ipcameras.nl\/Copyright\" target=\"_blank\" rel=\"noopener\"><span style=\"color: #ff6e03; font-size: 11px;\">\u00a9 Der Text ist urheberrechtlich gesch\u00fctzt<\/span><\/a><\/p>","protected":false},"excerpt":{"rendered":"<p>De WL4 DV02 is een deurvanger met bijbehorende windhaak set gemaakt van staal. WL4 voert onder de categorie Poort en hekwerk hoogwaardige producten van materialen zoals staal, roestvrijstaal, verzinkt staal en gepoedercoat staal. De afmetingen van het scharnier moeten passen bij de afmetingen van de deur, poort of ander object dat ge\u00efnstalleerd moet worden. Wij<\/p>\n<div class=\"klb-readmore button\"><a class=\"btn link\" href=\"https:\/\/webstore4.com\/de\/product\/wl4-dv02-deurvanger-zwart-met-windhaak-en-deurstop\/\">Mehr lesen <i class=\"klbth-icon-right-arrow\"><\/i><\/a><\/div>","protected":false},"featured_media":12276,"comment_status":"closed","ping_status":"closed","template":"","meta":[],"pwb-brand":[3380],"product_cat":[4544,4567],"product_tag":[],"class_list":{"0":"post-12275","1":"product","2":"type-product","3":"status-publish","4":"has-post-thumbnail","6":"pwb-brand-wl4","7":"product_cat-poort-en-hekwerk","8":"product_cat-accessoires","9":"product_shipping_class-pakket","10":"pa_kleur-zwart","11":"pa_materiaal-staal","12":"pa_materiaal-gepoedercoat","13":"pa_materiaal-verzinkt","14":"pa_merk-wl4","15":"pa_omgeving-binnen-en-buiten","17":"first","18":"onbackorder","19":"taxable","20":"shipping-taxable","21":"purchasable","22":"product-type-simple"},"brands":[{"id":3380,"name":"WL4","slug":"wl4"}],"_links":{"self":[{"href":"https:\/\/webstore4.com\/de\/wp-json\/wp\/v2\/product\/12275","targetHints":{"allow":["GET"]}}],"collection":[{"href":"https:\/\/webstore4.com\/de\/wp-json\/wp\/v2\/product"}],"about":[{"href":"https:\/\/webstore4.com\/de\/wp-json\/wp\/v2\/types\/product"}],"replies":[{"embeddable":true,"href":"https:\/\/webstore4.com\/de\/wp-json\/wp\/v2\/comments?post=12275"}],"wp:featuredmedia":[{"embeddable":true,"href":"https:\/\/webstore4.com\/de\/wp-json\/wp\/v2\/media\/12276"}],"wp:attachment":[{"href":"https:\/\/webstore4.com\/de\/wp-json\/wp\/v2\/media?parent=12275"}],"wp:term":[{"taxonomy":"pwb-brand","embeddable":true,"href":"https:\/\/webstore4.com\/de\/wp-json\/wp\/v2\/pwb-brand?post=12275"},{"taxonomy":"product_cat","embeddable":true,"href":"https:\/\/webstore4.com\/de\/wp-json\/wp\/v2\/product_cat?post=12275"},{"taxonomy":"product_tag","embeddable":true,"href":"https:\/\/webstore4.com\/de\/wp-json\/wp\/v2\/product_tag?post=12275"}],"curies":[{"name":"wp","href":"https:\/\/api.w.org\/{rel}","templated":true}]}}