{"id":12207,"date":"2023-10-27T12:19:07","date_gmt":"2023-10-27T10:19:07","guid":{"rendered":"https:\/\/webstore4.com\/?post_type=product&#038;p=12207"},"modified":"2025-09-09T10:50:36","modified_gmt":"2025-09-09T09:50:36","slug":"wl4-sl048-automatische-heksluiting-verzinkt","status":"publish","type":"product","link":"https:\/\/webstore4.com\/de\/product\/wl4-sl048-automatische-heksluiting-verzinkt\/","title":{"rendered":"WL4 SL048 Automatische Torschlie\u00dfung, verzinkt"},"content":{"rendered":"<p>Der WL4 SL048 ist eine robuste Version eines automatischen Torriegels aus Stahl. WL4 f\u00fchrt in der Kategorie Tore und Z\u00e4une hochwertige Produkte aus Materialien wie Stahl, Edelstahl, verzinktem Stahl und pulverbeschichtetem Stahl.<\/p>\n<p>Wir stellen immer Produktinformationen wie L\u00e4nge, Breite und Dicke des Produkts zur Verf\u00fcgung. Dar\u00fcber hinaus haben unsere Produkte ein luxuri\u00f6ses Aussehen und eine lange Lebensdauer, was sie zu einer nachhaltigen L\u00f6sung macht.<\/p>\n<p>Unter der Marke WL4 f\u00fchrt WebStore4 Qualit\u00e4tsprodukte zu sehr wettbewerbsf\u00e4higen Preisen. Gesch\u00e4ftskunden erhalten bei uns wettbewerbsf\u00e4hige Preise f\u00fcr gr\u00f6\u00dfere Eink\u00e4ufe, aber auch f\u00fcr Privatpersonen halten wir die Preise wettbewerbsf\u00e4hig. F\u00fcr Gesch\u00e4ftskunden, die regelm\u00e4\u00dfig einkaufen, haben wir ein Konto, in dem Preise und Verwaltungsdokumente sofort sichtbar sind.<\/p>\n<p><strong>M\u00f6glichkeiten<\/strong><\/p>\n<p>Das WL4 SL048 ist ein automatisches Torschloss f\u00fcr den Innen- und Au\u00dfenbereich aus Stahl. Das Material ist verzinkt und hat daher eine lange Lebensdauer im Au\u00dfenbereich. Dieses Produkt ist f\u00fcr Z\u00e4une und Tore geeignet. Der WL4 SL048 verf\u00fcgt \u00fcber einen Federverschluss.<\/p>\n<p>Der WL4 SL048 kann f\u00fcr Holz- oder Metallz\u00e4une verwendet werden. Da das Material verzinkt ist, ist es sofort zus\u00e4tzlich vor Rostbildung gesch\u00fctzt. Die Montage des WL4 SL048 ist einfach.<\/p>\n<p><strong>Wichtigste Funktionen<\/strong><\/p>\n<ul>\n<li>Federverschluss<\/li>\n<li>Verzinkt<\/li>\n<li>Lange Lebensspanne<\/li>\n<li>Leicht zusammenzubauen<\/li>\n<li>Plattengr\u00f6\u00dfe: 130x50x5 MM<\/li>\n<li>Stift: 232x \u00d816 MM<\/li>\n<li>Galvanisierter Look<\/li>\n<\/ul>\n<p><a href=\"https:\/\/www.webstore4ipcameras.nl\/Copyright\" target=\"_blank\" rel=\"noopener\"><span style=\"color: #ff6e03; font-size: 11px;\">\u00a9 Der Text ist urheberrechtlich gesch\u00fctzt<\/span><\/a><\/p>","protected":false},"excerpt":{"rendered":"<p>De WL4 SL048 is een zware uitvoering van een automatische heksluiting gemaakt van staal. WL4 voert onder de categorie Poort en hekwerk hoogwaardige producten van materialen zoals staal, roestvrijstaal, verzinkt staal en gepoedercoat staal. Wij geven altijd de productinformatie op zoals de lengte, breedte en dikte van het product. Daarnaast hebben onze producten een luxueuze<\/p>\n<div class=\"klb-readmore button\"><a class=\"btn link\" href=\"https:\/\/webstore4.com\/de\/product\/wl4-sl048-automatische-heksluiting-verzinkt\/\">Mehr lesen <i class=\"klbth-icon-right-arrow\"><\/i><\/a><\/div>","protected":false},"featured_media":12208,"comment_status":"closed","ping_status":"closed","template":"","meta":[],"pwb-brand":[3380],"product_cat":[4544,4562],"product_tag":[],"class_list":{"0":"post-12207","1":"product","2":"type-product","3":"status-publish","4":"has-post-thumbnail","6":"pwb-brand-wl4","7":"product_cat-poort-en-hekwerk","8":"product_cat-sluitingen-en-sloten","9":"product_shipping_class-pakket","10":"pa_kleur-grijs","11":"pa_kleur-verzinkt","12":"pa_lengte-40-cm","13":"pa_materiaal-staal","14":"pa_materiaal-verzinkt","15":"pa_merk-wl4","16":"pa_omgeving-binnen-en-buiten","18":"first","19":"instock","20":"taxable","21":"shipping-taxable","22":"purchasable","23":"product-type-simple"},"brands":[{"id":3380,"name":"WL4","slug":"wl4"}],"_links":{"self":[{"href":"https:\/\/webstore4.com\/de\/wp-json\/wp\/v2\/product\/12207","targetHints":{"allow":["GET"]}}],"collection":[{"href":"https:\/\/webstore4.com\/de\/wp-json\/wp\/v2\/product"}],"about":[{"href":"https:\/\/webstore4.com\/de\/wp-json\/wp\/v2\/types\/product"}],"replies":[{"embeddable":true,"href":"https:\/\/webstore4.com\/de\/wp-json\/wp\/v2\/comments?post=12207"}],"wp:featuredmedia":[{"embeddable":true,"href":"https:\/\/webstore4.com\/de\/wp-json\/wp\/v2\/media\/12208"}],"wp:attachment":[{"href":"https:\/\/webstore4.com\/de\/wp-json\/wp\/v2\/media?parent=12207"}],"wp:term":[{"taxonomy":"pwb-brand","embeddable":true,"href":"https:\/\/webstore4.com\/de\/wp-json\/wp\/v2\/pwb-brand?post=12207"},{"taxonomy":"product_cat","embeddable":true,"href":"https:\/\/webstore4.com\/de\/wp-json\/wp\/v2\/product_cat?post=12207"},{"taxonomy":"product_tag","embeddable":true,"href":"https:\/\/webstore4.com\/de\/wp-json\/wp\/v2\/product_tag?post=12207"}],"curies":[{"name":"wp","href":"https:\/\/api.w.org\/{rel}","templated":true}]}}