{"id":12203,"date":"2023-10-27T12:00:15","date_gmt":"2023-10-27T10:00:15","guid":{"rendered":"https:\/\/webstore4.com\/?post_type=product&#038;p=12203"},"modified":"2024-04-19T15:17:26","modified_gmt":"2024-04-19T14:17:26","slug":"wl4-slr03-exclusieve-rustieke-handgreep-in-zwarte-uitvoering","status":"publish","type":"product","link":"https:\/\/webstore4.com\/de\/product\/wl4-slr03-exclusieve-rustieke-handgreep-in-zwarte-uitvoering\/","title":{"rendered":"WL4 SLR03 Exklusiver rustikaler Griff in Schwarz"},"content":{"rendered":"<p>De WL4 SLR03 is een exclusieve rustieke handgreep van staal. WL4 voert onder de categorie Poort en hekwerk hoogwaardige producten van materialen zoals staal, roestvrijstaal, verzinkt staal en gepoedercoat staal en bieden verschillende exclusieve complete sets aan.<\/p>\n<p>Wir stellen immer Produktinformationen wie L\u00e4nge, Breite und Dicke des Produkts zur Verf\u00fcgung. Dar\u00fcber hinaus haben unsere Produkte ein luxuri\u00f6ses Aussehen und eine lange Lebensdauer, was sie zu einer nachhaltigen L\u00f6sung macht.<\/p>\n<p>Unter der Marke WL4 f\u00fchrt WebStore4 Qualit\u00e4tsprodukte zu sehr wettbewerbsf\u00e4higen Preisen. Gesch\u00e4ftskunden erhalten bei uns wettbewerbsf\u00e4hige Preise f\u00fcr gr\u00f6\u00dfere Eink\u00e4ufe, aber auch f\u00fcr Privatpersonen halten wir die Preise wettbewerbsf\u00e4hig. F\u00fcr Gesch\u00e4ftskunden, die regelm\u00e4\u00dfig einkaufen, haben wir ein Konto, in dem Preise und Verwaltungsdokumente sofort sichtbar sind.<\/p>\n<p><strong>M\u00f6glichkeiten<\/strong><\/p>\n<p>De WL4 SLR03 is een exclusieve rustieke handgreep gemaakt van staal en gepoedercoat in zwarte kleur. Doordat de deurknop is verzinkt en daarna is gepoedercoat is de WL4 SLR03 zowel voor buiten als voor binnen te gebruiken.<\/p>\n<p>De WL4 SLR03 wordt veel gebruikt voor kasten, binnendeuren en buitendeuren. De SLR03 geeft een zeer luxueuze uitstraling aan de kast of deur.<\/p>\n<p><strong>Wichtigste Funktionen<\/strong><\/p>\n<ul>\n<li>Nach dem Verzinken schwarz pulverbeschichtet<\/li>\n<li>Leicht zusammenzubauen<\/li>\n<li>Kann f\u00fcr Schr\u00e4nke, Innent\u00fcren und Au\u00dfent\u00fcren verwendet werden<\/li>\n<li>Schwarz<\/li>\n<\/ul>\n<p><a href=\"https:\/\/www.webstore4ipcameras.nl\/Copyright\" target=\"_blank\" rel=\"noopener\"><span style=\"color: #ff6e03; font-size: 11px;\">\u00a9 Der Text ist urheberrechtlich gesch\u00fctzt<\/span><\/a><\/p>","protected":false},"excerpt":{"rendered":"<p>De WL4 SLR03 is een exclusieve rustieke handgreep van staal. WL4 voert onder de categorie Poort en hekwerk hoogwaardige producten van materialen zoals staal, roestvrijstaal, verzinkt staal en gepoedercoat staal en bieden verschillende exclusieve complete sets aan. Wij geven altijd de productinformatie op zoals de lengte, breedte en dikte van het product. Daarnaast hebben onze<\/p>\n<div class=\"klb-readmore button\"><a class=\"btn link\" href=\"https:\/\/webstore4.com\/de\/product\/wl4-slr03-exclusieve-rustieke-handgreep-in-zwarte-uitvoering\/\">Mehr lesen <i class=\"klbth-icon-right-arrow\"><\/i><\/a><\/div>","protected":false},"featured_media":12204,"comment_status":"closed","ping_status":"closed","template":"","meta":[],"pwb-brand":[3380],"product_cat":[4544,4561],"product_tag":[],"class_list":{"0":"post-12203","1":"product","2":"type-product","3":"status-publish","4":"has-post-thumbnail","6":"pwb-brand-wl4","7":"product_cat-poort-en-hekwerk","8":"product_cat-handgreep-en-deurknop","9":"product_shipping_class-pakket","10":"pa_kleur-zwart","11":"pa_materiaal-staal","12":"pa_materiaal-gepoedercoat","13":"pa_merk-wl4","14":"pa_omgeving-binnen-en-buiten","16":"first","17":"instock","18":"taxable","19":"shipping-taxable","20":"purchasable","21":"product-type-simple"},"brands":[{"id":3380,"name":"WL4","slug":"wl4"}],"_links":{"self":[{"href":"https:\/\/webstore4.com\/de\/wp-json\/wp\/v2\/product\/12203","targetHints":{"allow":["GET"]}}],"collection":[{"href":"https:\/\/webstore4.com\/de\/wp-json\/wp\/v2\/product"}],"about":[{"href":"https:\/\/webstore4.com\/de\/wp-json\/wp\/v2\/types\/product"}],"replies":[{"embeddable":true,"href":"https:\/\/webstore4.com\/de\/wp-json\/wp\/v2\/comments?post=12203"}],"wp:featuredmedia":[{"embeddable":true,"href":"https:\/\/webstore4.com\/de\/wp-json\/wp\/v2\/media\/12204"}],"wp:attachment":[{"href":"https:\/\/webstore4.com\/de\/wp-json\/wp\/v2\/media?parent=12203"}],"wp:term":[{"taxonomy":"pwb-brand","embeddable":true,"href":"https:\/\/webstore4.com\/de\/wp-json\/wp\/v2\/pwb-brand?post=12203"},{"taxonomy":"product_cat","embeddable":true,"href":"https:\/\/webstore4.com\/de\/wp-json\/wp\/v2\/product_cat?post=12203"},{"taxonomy":"product_tag","embeddable":true,"href":"https:\/\/webstore4.com\/de\/wp-json\/wp\/v2\/product_tag?post=12203"}],"curies":[{"name":"wp","href":"https:\/\/api.w.org\/{rel}","templated":true}]}}