{"id":12192,"date":"2023-10-27T09:51:59","date_gmt":"2023-10-27T07:51:59","guid":{"rendered":"https:\/\/webstore4.com\/?post_type=product&#038;p=12192"},"modified":"2024-11-28T18:57:38","modified_gmt":"2024-11-28T17:57:38","slug":"wl4-slr15-exclusieve-rustieke-deurknop-in-zwarte-uitvoering","status":"publish","type":"product","link":"https:\/\/webstore4.com\/de\/product\/wl4-slr15-exclusieve-rustieke-deurknop-in-zwarte-uitvoering\/","title":{"rendered":"WL4 SLR15 Exklusiver rustikaler T\u00fcrknauf in Schwarz"},"content":{"rendered":"<p>De WL4 SLR15 is een exclusieve deurknop van staal. WL4 voert onder de categorie Poort en hekwerk hoogwaardige producten van materialen zoals staal, roestvrijstaal, verzinkt staal en gepoedercoat staal en bieden verschillende exclusieve complete sets aan.<\/p>\n<p>Wir stellen immer Produktinformationen wie L\u00e4nge, Breite und Dicke des Produkts zur Verf\u00fcgung. Dar\u00fcber hinaus haben unsere Produkte ein luxuri\u00f6ses Aussehen und eine lange Lebensdauer, was sie zu einer nachhaltigen L\u00f6sung macht.<\/p>\n<p>Unter der Marke WL4 f\u00fchrt WebStore4 Qualit\u00e4tsprodukte zu sehr wettbewerbsf\u00e4higen Preisen. Gesch\u00e4ftskunden erhalten bei uns wettbewerbsf\u00e4hige Preise f\u00fcr gr\u00f6\u00dfere Eink\u00e4ufe, aber auch f\u00fcr Privatpersonen halten wir die Preise wettbewerbsf\u00e4hig. F\u00fcr Gesch\u00e4ftskunden, die regelm\u00e4\u00dfig einkaufen, haben wir ein Konto, in dem Preise und Verwaltungsdokumente sofort sichtbar sind.<\/p>\n<p><strong>M\u00f6glichkeiten<\/strong><\/p>\n<p>De WL4 SLR15 is een exclusieve rustieke ronde deurknop gemaakt van staal en gepoedercoat in zwarte kleur. Doordat de deurknop is verzinkt en daarna is gepoedercoat is de WL4 SLR15 zowel voor buiten als voor binnen te gebruiken. De deurknop is regelbaar voor poorten van veertig tot zeventig millimeter dik en wordt geleverd inclusief rozetten voor sleutels en cilinders.<\/p>\n<p>De WL4 SLR15 wordt veel gebruikt voor binnendeuren en buitendeuren. Door de rozetten wordt het gat in de deur mooi afgewerkt en geeft de SLR15 een zeer luxueuze uitstraling aan de deur.<\/p>\n<p><strong>Wichtigste Funktionen<\/strong><\/p>\n<ul>\n<li>Gepoedercoat in zwarte kleur<\/li>\n<li>Leicht zusammenzubauen<\/li>\n<li>Diameter 63 MM<\/li>\n<li>Regelbaar voor poorten en deuren van 40 tot 70 MM dik<\/li>\n<li>2 types rozetten (Sleutel en cilinder)<\/li>\n<li>Te gebruiken voor binnendeuren en voor buitendeuren<\/li>\n<li>Schwarz<\/li>\n<\/ul>\n<p><a href=\"https:\/\/www.webstore4ipcameras.nl\/Copyright\" target=\"_blank\" rel=\"noopener\"><span style=\"color: #ff6e03; font-size: 11px;\">\u00a9 Der Text ist urheberrechtlich gesch\u00fctzt<\/span><\/a><\/p>","protected":false},"excerpt":{"rendered":"<p>De WL4 SLR15 is een exclusieve deurknop van staal. WL4 voert onder de categorie Poort en hekwerk hoogwaardige producten van materialen zoals staal, roestvrijstaal, verzinkt staal en gepoedercoat staal en bieden verschillende exclusieve complete sets aan. Wij geven altijd de productinformatie op zoals de lengte, breedte en dikte van het product. Daarnaast hebben onze producten<\/p>\n<div class=\"klb-readmore button\"><a class=\"btn link\" href=\"https:\/\/webstore4.com\/de\/product\/wl4-slr15-exclusieve-rustieke-deurknop-in-zwarte-uitvoering\/\">Mehr lesen <i class=\"klbth-icon-right-arrow\"><\/i><\/a><\/div>","protected":false},"featured_media":12193,"comment_status":"closed","ping_status":"closed","template":"","meta":[],"pwb-brand":[3380],"product_cat":[4544,4561],"product_tag":[],"class_list":{"0":"post-12192","1":"product","2":"type-product","3":"status-publish","4":"has-post-thumbnail","6":"pwb-brand-wl4","7":"product_cat-poort-en-hekwerk","8":"product_cat-handgreep-en-deurknop","9":"product_shipping_class-pakket","10":"pa_kleur-zwart","11":"pa_materiaal-staal","12":"pa_materiaal-gepoedercoat","13":"pa_merk-wl4","14":"pa_omgeving-binnen-en-buiten","16":"first","17":"instock","18":"taxable","19":"shipping-taxable","20":"purchasable","21":"product-type-simple"},"brands":[{"id":3380,"name":"WL4","slug":"wl4"}],"_links":{"self":[{"href":"https:\/\/webstore4.com\/de\/wp-json\/wp\/v2\/product\/12192","targetHints":{"allow":["GET"]}}],"collection":[{"href":"https:\/\/webstore4.com\/de\/wp-json\/wp\/v2\/product"}],"about":[{"href":"https:\/\/webstore4.com\/de\/wp-json\/wp\/v2\/types\/product"}],"replies":[{"embeddable":true,"href":"https:\/\/webstore4.com\/de\/wp-json\/wp\/v2\/comments?post=12192"}],"wp:featuredmedia":[{"embeddable":true,"href":"https:\/\/webstore4.com\/de\/wp-json\/wp\/v2\/media\/12193"}],"wp:attachment":[{"href":"https:\/\/webstore4.com\/de\/wp-json\/wp\/v2\/media?parent=12192"}],"wp:term":[{"taxonomy":"pwb-brand","embeddable":true,"href":"https:\/\/webstore4.com\/de\/wp-json\/wp\/v2\/pwb-brand?post=12192"},{"taxonomy":"product_cat","embeddable":true,"href":"https:\/\/webstore4.com\/de\/wp-json\/wp\/v2\/product_cat?post=12192"},{"taxonomy":"product_tag","embeddable":true,"href":"https:\/\/webstore4.com\/de\/wp-json\/wp\/v2\/product_tag?post=12192"}],"curies":[{"name":"wp","href":"https:\/\/api.w.org\/{rel}","templated":true}]}}