{"id":12147,"date":"2023-10-26T09:15:19","date_gmt":"2023-10-26T07:15:19","guid":{"rendered":"https:\/\/webstore4.com\/?post_type=product&#038;p=12147"},"modified":"2024-04-19T15:17:22","modified_gmt":"2024-04-19T14:17:22","slug":"dahua-vtns1001b-2-a-ip-video-intercom-switch-2-draads-aansluiting","status":"publish","type":"product","link":"https:\/\/webstore4.com\/de\/product\/dahua-vtns1001b-2-a-ip-video-intercom-switch-2-draads-aansluiting\/","title":{"rendered":"Dahua VTNS1001B-2-A IP-Video-Gegensprechschalter (2-Draht-Verbindung)"},"content":{"rendered":"<p>Der Dahua VTNS2003B-2 ist ein IP-Video-Intercom-Switch zur Verwendung mit den Intercom-Innenmonitoren Dahua VTH5422HB\/HW, der Au\u00dfenstation VTO2202F-P-S2 oder dem Kamera-Intercom-Modul VTO4202F-P-S2. Durch den 2-Draht-Anschluss der Monitore und Au\u00dfenstationen an den Schalter eignet sich dieses System hervorragend zum Austausch einer alten Wohnungsklingel oder Gegensprechanlage. Die vorhandenen 2 Adern\/Adern k\u00f6nnen sowohl f\u00fcr das Audio-\/Videosignal als auch f\u00fcr die Stromversorgung des Monitors wiederverwendet werden. Dadurch ist ein Upgrade von einer alten Wohnungst\u00fcrklingel-Gegensprechanlage auf eine vollst\u00e4ndig IP-Video-Gegensprechanlage einfach, g\u00fcnstig und schnell m\u00f6glich.<\/p>\n<p><strong>Installation<\/strong><\/p>\n<p>Der VTNS1001B-2-A verf\u00fcgt \u00fcber 1 Anschluss f\u00fcr maximal 20 VTH-Monitore und 2 VTO-Au\u00dfenstationen. Die Kabelspezifikation (L\u00e4nge) finden Sie im Handbuch. Wenn mehr Anschl\u00fcsse f\u00fcr Innenmonitore erforderlich sind, k\u00f6nnen mehrere VTNS1001B-2-A Intercom-Schalter mit einer Zweidrahtverbindung miteinander verbunden werden. Der Dahua VTNS1001B-2-A Intercom-Schalter muss \u00fcber einen mitgelieferten 48-VDC-Adapter mit Strom versorgt werden. Der Dahua VTNS1001B-2-A wird mit einem Netzwerkkabel an das bestehende Geb\u00e4udenetzwerk (Access Point, Router oder Switch) angeschlossen.<\/p>\n<p><strong>Wichtigste Funktionen<\/strong><\/p>\n<ul>\n<li>Maximal 20 VTH-Monitore und 2 VTO-Au\u00dfenstationen an 1 VTNS1001B-2-A (siehe Spezifikationen im Handbuch)<\/li>\n<li>Verschaltung mit Zweileiteranschluss m\u00f6glich (Kaskadierung)<\/li>\n<li>Stromversorgung und Signal \u00fcber 2 Adern in einem Kabel<\/li>\n<li>Schneller und kosteng\u00fcnstiger Austausch der vorhandenen Klingel oder der alten (analogen) Gegensprechanlage<\/li>\n<\/ul>\n<p><a href=\"https:\/\/webstore4.com\/Copyright\/\" target=\"_blank\" rel=\"noopener\"><span style=\"color: #ff6e03; font-size: 11px;\">\u00a9 Der Text ist urheberrechtlich gesch\u00fctzt<\/span><\/a><\/p>","protected":false},"excerpt":{"rendered":"<p>De Dahua VTNS1001B-2-A is een IP video intercom switch voor gebruik met de Dahua VTH5422HB\/HW intercom binnen monitoren, het VTO2202F-P-S2 buiten station of de VTO4202F-P-S2 camera intercom module. Door de 2-wire aansluiting van de monitoren en buiten stations op de switch is dit systeem bijvoorbeeld zeer geschikt voor het vervangen van een oud appartement bel<\/p>\n<div class=\"klb-readmore button\"><a class=\"btn link\" href=\"https:\/\/webstore4.com\/de\/product\/dahua-vtns1001b-2-a-ip-video-intercom-switch-2-draads-aansluiting\/\">Mehr lesen <i class=\"klbth-icon-right-arrow\"><\/i><\/a><\/div>","protected":false},"featured_media":9910,"comment_status":"open","ping_status":"closed","template":"","meta":[],"pwb-brand":[3376],"product_cat":[4178,4179],"product_tag":[],"class_list":{"0":"post-12147","1":"product","2":"type-product","3":"status-publish","4":"has-post-thumbnail","6":"pwb-brand-dahua","7":"product_cat-intercom","8":"product_cat-dahua-ip-video","9":"product_shipping_class-pakket","10":"pa_aansluiting-2-draads","11":"pa_aantal-aansluitingen-4085","12":"pa_draadloos-nee","13":"pa_merk-dahua","14":"pa_mobiele-app-fabrikant-ja","15":"pa_montage-opbouw","16":"pa_omgeving-binnen","17":"pa_poe-nee","18":"pa_product-accessoires","19":"pa_product-status-k","20":"pa_voeding-48vdc","21":"pa_voeding-inclusief-adapter","23":"first","24":"onbackorder","25":"taxable","26":"shipping-taxable","27":"purchasable","28":"product-type-simple"},"brands":[{"id":3376,"name":"Dahua","slug":"dahua"}],"_links":{"self":[{"href":"https:\/\/webstore4.com\/de\/wp-json\/wp\/v2\/product\/12147","targetHints":{"allow":["GET"]}}],"collection":[{"href":"https:\/\/webstore4.com\/de\/wp-json\/wp\/v2\/product"}],"about":[{"href":"https:\/\/webstore4.com\/de\/wp-json\/wp\/v2\/types\/product"}],"replies":[{"embeddable":true,"href":"https:\/\/webstore4.com\/de\/wp-json\/wp\/v2\/comments?post=12147"}],"wp:featuredmedia":[{"embeddable":true,"href":"https:\/\/webstore4.com\/de\/wp-json\/wp\/v2\/media\/9910"}],"wp:attachment":[{"href":"https:\/\/webstore4.com\/de\/wp-json\/wp\/v2\/media?parent=12147"}],"wp:term":[{"taxonomy":"pwb-brand","embeddable":true,"href":"https:\/\/webstore4.com\/de\/wp-json\/wp\/v2\/pwb-brand?post=12147"},{"taxonomy":"product_cat","embeddable":true,"href":"https:\/\/webstore4.com\/de\/wp-json\/wp\/v2\/product_cat?post=12147"},{"taxonomy":"product_tag","embeddable":true,"href":"https:\/\/webstore4.com\/de\/wp-json\/wp\/v2\/product_tag?post=12147"}],"curies":[{"name":"wp","href":"https:\/\/api.w.org\/{rel}","templated":true}]}}