{"id":12145,"date":"2023-10-26T07:43:06","date_gmt":"2023-10-26T05:43:06","guid":{"rendered":"https:\/\/webstore4.com\/?post_type=product&#038;p=12145"},"modified":"2026-04-04T22:36:09","modified_gmt":"2026-04-04T21:36:09","slug":"huiderui-cr2-3v-lithium-batterij-10-stuks","status":"publish","type":"product","link":"https:\/\/webstore4.com\/de\/product\/huiderui-cr2-3v-lithium-batterij-10-stuks\/","title":{"rendered":"Hautzwiebel CR2 3V Lithiumbatterie 10 St\u00fcck"},"content":{"rendered":"<p>Die Huiderui CR2 3V Lithiumbatterie ist eine 3V-Batterie, die h\u00e4ufig f\u00fcr Alarmsysteme oder andere Ger\u00e4te verwendet wird.<\/p>\n<p>Das Set wird pro zehn St\u00fcck geliefert.<\/p>\n<p><a href=\"https:\/\/www.webstore4ipcameras.nl\/Copyright\" target=\"_blank\" rel=\"noopener\"><span style=\"color: #ff6e03; font-size: 11px;\">\u00a9 Der Text ist urheberrechtlich gesch\u00fctzt<\/span><\/a><\/p>","protected":false},"excerpt":{"rendered":"<p>De Huiderui CR2 3V Lithium batterij is een 3V batterij die veel gebruikt wordt voor bijvoorbeeld alarmsystemen of andere apparatuur. De set wordt geleverd per tien stuks. \u00a9 Tekst is auteursrechtelijk beschermd<\/p>","protected":false},"featured_media":12146,"comment_status":"closed","ping_status":"closed","template":"","meta":[],"pwb-brand":[4557],"product_cat":[3466,4224,4263,3458,4519],"product_tag":[],"class_list":{"0":"post-12145","1":"product","2":"type-product","3":"status-publish","4":"has-post-thumbnail","6":"pwb-brand-huiderui","7":"product_cat-alarm","8":"product_cat-alarmsystemen","9":"product_cat-ajax-baseline","10":"product_cat-voedingen","11":"product_cat-batterij-en-powerbank","12":"product_shipping_class-pakket","13":"pa_merk-huiderui","14":"pa_product-accessoires","16":"first","17":"onbackorder","18":"taxable","19":"shipping-taxable","20":"purchasable","21":"product-type-simple"},"brands":[{"id":4557,"name":"Huiderui","slug":"huiderui"}],"_links":{"self":[{"href":"https:\/\/webstore4.com\/de\/wp-json\/wp\/v2\/product\/12145","targetHints":{"allow":["GET"]}}],"collection":[{"href":"https:\/\/webstore4.com\/de\/wp-json\/wp\/v2\/product"}],"about":[{"href":"https:\/\/webstore4.com\/de\/wp-json\/wp\/v2\/types\/product"}],"replies":[{"embeddable":true,"href":"https:\/\/webstore4.com\/de\/wp-json\/wp\/v2\/comments?post=12145"}],"wp:featuredmedia":[{"embeddable":true,"href":"https:\/\/webstore4.com\/de\/wp-json\/wp\/v2\/media\/12146"}],"wp:attachment":[{"href":"https:\/\/webstore4.com\/de\/wp-json\/wp\/v2\/media?parent=12145"}],"wp:term":[{"taxonomy":"pwb-brand","embeddable":true,"href":"https:\/\/webstore4.com\/de\/wp-json\/wp\/v2\/pwb-brand?post=12145"},{"taxonomy":"product_cat","embeddable":true,"href":"https:\/\/webstore4.com\/de\/wp-json\/wp\/v2\/product_cat?post=12145"},{"taxonomy":"product_tag","embeddable":true,"href":"https:\/\/webstore4.com\/de\/wp-json\/wp\/v2\/product_tag?post=12145"}],"curies":[{"name":"wp","href":"https:\/\/api.w.org\/{rel}","templated":true}]}}