{"id":12131,"date":"2023-10-25T10:45:26","date_gmt":"2023-10-25T08:45:26","guid":{"rendered":"https:\/\/webstore4.com\/?post_type=product&#038;p=12131"},"modified":"2024-04-19T15:17:13","modified_gmt":"2024-04-19T14:17:13","slug":"ajax-starterkit-cam-zwart-met-hub-2-motioncam-doorprotect-en-spacecontrol","status":"publish","type":"product","link":"https:\/\/webstore4.com\/de\/product\/ajax-starterkit-cam-zwart-met-hub-2-motioncam-doorprotect-en-spacecontrol\/","title":{"rendered":"Ajax StarterKit CAM Zwart met Hub 2, MotionCam, DoorProtect en SpaceControl"},"content":{"rendered":"<p>Ajax StarterKit CAM Zwart is een geavanceerde basis kit met de Hub 2 in het Ajax Baseline alarmsysteem assortiment. Ajax is een toonaangevend bedrijf op het gebied van beveiligingsoplossingen. Met geavanceerde technologie\u00ebn en innovatieve producten bieden ze betrouwbare en effectieve beveiligingsoplossingen voor zowel particuliere als zakelijke klanten. Hun systemen zijn eenvoudig te installeren en te bedienen, waardoor gebruikers een veilig gevoel hebben. Ajax Security Systems staat bekend om zijn hoogwaardige beveiligingsproducten die voldoen aan de strengste normen en eisen.<\/p>\n<p>Ajax bietet zu seinen Produkten eine kostenlose App an, die mit dem zentralen Hub kommuniziert, an den bis zu f\u00fcnfzig Benutzer und hundert Ger\u00e4te angeschlossen werden k\u00f6nnen. Die App erm\u00f6glicht es, Benachrichtigungen \u00fcber Alarme und Ereignisse zu erhalten, Live-Videostreams anzusehen und den Status aller Sicherheitsger\u00e4te zu \u00fcberpr\u00fcfen. Die App bietet detaillierte Veranstaltungsinformationen und l\u00e4sst sich einfach \u00fcber mehrere Ger\u00e4te und Benutzer hinweg verwalten.<\/p>\n<p><strong>M\u00f6glichkeiten<\/strong><\/p>\n<p>Ajax StarterKit CAM White ist ein erweitertes Kit mit dem Hub 2 innerhalb des Ajax Baseline-Alarmsystems. Dieser Hub 2 bietet Ihnen die umfangreichsten Optionen, da dieser Hub mit den fortschrittlichsten Ger\u00e4ten der Ajax-Reihe kompatibel ist. Das Kit besteht aus a <span style=\"color: #ff9900;\"><a style=\"color: #ff9900;\" href=\"https:\/\/webstore4.com\/ajax-hub-2-zwart-met-2x-2g-gsm-en-lan\/\" target=\"_blank\" rel=\"noopener\">Ajax Hub 2 Schwarz mit 2x 2G GSM und LAN<\/a><span style=\"color: #000000;\">, Ein <span style=\"color: #ff9900;\"><a style=\"color: #ff9900;\" href=\"https:\/\/webstore4.com\/ajax-motioncam-zwart-draadloze-ir-bewegingsdetector-met-fotocamera\/\" target=\"_blank\" rel=\"noopener\">Ajax MotionCam PhOD Black Kabelloser IR-Bewegungsmelder mit Fotokamera<\/a><\/span>, Ein <a style=\"color: #ff9900;\" href=\"https:\/\/webstore4.com\/ajax-doorprotect-zwart\/\" target=\"_blank\" rel=\"noopener\">Ajax DoorProtect Schwarzer Magnetkontakt<\/a> und ein <a style=\"color: #ff9900;\" href=\"https:\/\/webstore4.com\/ajax-spacecontrol-zwart\/\" target=\"_blank\" rel=\"noopener\">Ajax SpaceControl Schwarz<\/a>.<br \/>\n<\/span><\/span><\/p>\n<p>Der Ajax Hub 2 Black 4G geh\u00f6rt zu den anderen Sicherheitsger\u00e4ten von Ajax. Diese zentrale Einheit ist der Punkt, der mit der kostenlosen Ajax-Anwendung kommuniziert. Mit der App k\u00f6nnen Sie das Sicherheitssystem einfach verwalten und Ihren Raum \u00fcberwachen. Die anderen Komponenten des Ajax-Sicherheitssystems sind im Umkreis von 2000 Metern mit dem zentralen Hub verbunden. Der Hub meldet die Alarme per Push-Benachrichtigung, SMS oder Telefonanruf.<br \/>\nNach einem Stromausfall l\u00e4uft der Hub noch etwa 15 Stunden lang mit der Notstrombatterie weiter. Wenn die Stromversorgung versehentlich entfernt wird, wird der Alarm aktiviert.<\/p>\n<p>Der Ajax Hub 2 Black 4G ist eine fortschrittlichere und leistungsst\u00e4rkere Version des urspr\u00fcnglichen Ajax Hub. Der Unterschied zwischen dem Hub und dem Hub 2 liegt in mehreren Elementen.<br \/>\nBeispielsweise verf\u00fcgt der Ajax Hub 2 Black \u00fcber mehr Softwarefunktionalit\u00e4ten als sein Vorg\u00e4nger. Die Software wurde angepasst, um Viren und Cyberangriffen k\u00fcnftig weitestgehend vorzubeugen. Durch die Funktion der vier Antennen und die Unterst\u00fctzung der Funkprotokolle Jeweler und Wings ist eine Alarmbest\u00e4tigung und eine visuelle Alarm\u00fcberpr\u00fcfung gew\u00e4hrleistet.<br \/>\nDer Ajax Hub 2 White verf\u00fcgt \u00fcber zwei SIM-Kartensteckpl\u00e4tze und die Option f\u00fcr ein Ethernet-Kabel. Zum Vergleich der verschiedenen Ajax-Kraftwerke verweisen wir auf den Vergleichslink in der Dokumentation.<\/p>\n<p>Die Ajax MotionCam White ist ein fortschrittlicher Bewegungssensor. Die Ajax MotionCam White ist ein kabelloser IR-Bewegungsmelder mit Fotokamera, der mit Manipulationsschutz ausgestattet ist. Mit einer beeindruckenden Kameraaufl\u00f6sung von 2 Megapixeln nimmt es selbst bei schlechten Lichtverh\u00e4ltnissen scharfe Bilder auf. Dadurch k\u00f6nnen Sie verd\u00e4chtige Ereignisse und Einbr\u00fcche absolut klar erkennen.<\/p>\n<p>Der Magnetkontakt Ajax DoorProtect Black ist ein drahtloser Sicherheitssensor zur \u00dcberwachung von Fenstern und T\u00fcren. Der Ajax DoorProtect Black besteht aus einem Magneten und einem Sensor. Sobald die Verbindung zwischen Magnet und Sensor unterbrochen wird, wird der Alarm aktiviert. Der Ajax DoorProtect Black sendet dann sofort ein Signal an den Ajax Hub.<\/p>\n<p>Die mitgelieferte Ajax SpaceControl Black-Fernbedienung bietet Benutzern die M\u00f6glichkeit, den Status des Sicherheitssystems schnell und einfach zu \u00e4ndern. Die Fernbedienung ist mit Sicherheitsma\u00dfnahmen wie einer Verschl\u00fcsselung ausgestattet, die einen unbefugten Zugriff auf das System verhindert.<\/p>\n<p>Selbstverst\u00e4ndlich k\u00f6nnen weitere Ger\u00e4te mit diesem Kit im WebStore4 erworben werden. Unter Optionen sind einige empfohlene Produkte aufgef\u00fchrt. Kaufen Sie, bevor Sie die Teile zusammenbauen <span style=\"color: #ff9900;\"><a style=\"color: #ff9900;\" href=\"https:\/\/webstore4.com\/alarmsystemen\/ajax-baseline\/?yith_wcan=1&amp;filter_product=bracket&amp;query_type_product=or\" target=\"_blank\" rel=\"noopener\">Hier<\/a> <\/span>eine zus\u00e4tzliche Halterung mit den Materialien.<br \/>\nF\u00fcr eine detailliertere Beschreibung der einzelnen Produkte verweisen wir auf die Produkte selbst. Wir empfehlen au\u00dferdem, die Produktseite zu konsultieren, die unter der Registerkarte \u201eDokumentation\u201c enthalten ist.<\/p>\n<p><strong>Wichtigste Funktionen<\/strong><\/p>\n<ul>\n<li>Kompletter Ajax-Bausatz<\/li>\n<li>1x <span style=\"color: #ff9900;\"><a style=\"color: #ff9900;\" href=\"https:\/\/webstore4.com\/ajax-hub-2-zwart-met-2x-2g-gsm-en-lan\/\" target=\"_blank\" rel=\"noopener\">Ajax Hub 2 Schwarz mit 2x 2G GSM und LAN<\/a><\/span><span style=\"color: #ff9900;\"><span style=\"color: #000000;\">, <\/span><\/span>mit ca. 15 Stunden Batterie-Backup<\/li>\n<li>1x <span style=\"color: #ff9900;\"><span style=\"color: #000000;\"><a style=\"color: #ff9900;\" href=\"https:\/\/webstore4.com\/ajax-motioncam-zwart-draadloze-ir-bewegingsdetector-met-fotocamera\/\" target=\"_blank\" rel=\"noopener\">Ajax MotionCam PhOD Black Kabelloser IR-Bewegungsmelder mit Fotokamera<\/a><\/span><\/span><\/li>\n<li>1x <span style=\"color: #ff9900;\"><span style=\"color: #000000;\"><a style=\"color: #ff9900;\" href=\"https:\/\/webstore4.com\/ajax-doorprotect-zwart\/\" target=\"_blank\" rel=\"noopener\">Ajax DoorProtect Schwarzer Magnetkontakt<\/a><\/span><\/span><\/li>\n<li>1x <span style=\"color: #ff9900;\"><span style=\"color: #000000;\"><a style=\"color: #ff9900;\" href=\"https:\/\/webstore4.com\/ajax-spacecontrol-zwart\/\" target=\"_blank\" rel=\"noopener\">Ajax SpaceControl Schwarz<\/a><\/span><\/span><\/li>\n<li>Maximal 50 Benutzer<\/li>\n<li>Bis zu 100 Ger\u00e4te<\/li>\n<li>Steuerung \u00fcber Ajax-Anwendung<\/li>\n<li>Ausgestattet mit einem Ethernet-Kabel und mobilen 2G-, 3G- und LTE 2-Netzwerken<\/li>\n<li>Batterien im Lieferumfang enthalten, Batterien sind von der Garantie ausgeschlossen<\/li>\n<li>Teile zum Anschluss des Bausatzes im Umkreis von 2000 Metern.<\/li>\n<li>Der Hub ist vom R\u00fcckgaberecht ausgeschlossen. Denn das Protokoll (nach der Registrierung) kann nicht gel\u00f6scht werden.<\/li>\n<li>Schwarz<\/li>\n<\/ul>\n<p>WebStore4 ist offizieller H\u00e4ndler von Ajax Systems. Bestellen Sie Alarmsysteme von Ajax Systems einfach und schnell \u00fcber unseren Webshop. Alle Elemente k\u00f6nnen auch einzeln bestellt werden. Gerne beraten wir Sie fachkundig \u00fcber die M\u00f6glichkeiten des Ajax-Systems. Bei gr\u00f6\u00dferen Projekten k\u00f6nnen wir attraktive Preise anbieten und Hilfe bei der Montage der richtigen Teile anbieten.<\/p>\n<p>Wussten Sie, dass Ajax Systems ein zertifiziertes drahtloses Alarmsystem ist? Neben einem Alarmsystem ist Ajax Systems auch ein Smart-Home-System. Dadurch besteht auch die M\u00f6glichkeit, eine IP-Kamera in das System zu integrieren.<\/p>\n<p><a href=\"https:\/\/www.webstore4ipcameras.nl\/Copyright\" target=\"_blank\" rel=\"noopener\"><span style=\"color: #ff6e03; font-size: 11px;\">\u00a9 Der Text ist urheberrechtlich gesch\u00fctzt<\/span><\/a><\/p>\n<p><iframe title=\"Ajax: Das drahtlose Sicherheitssystem der n\u00e4chsten Generation\" width=\"960\" height=\"540\" src=\"https:\/\/www.youtube.com\/embed\/0T5Sk6xCKek?feature=oembed\" frameborder=\"0\" allow=\"accelerometer; autoplay; clipboard-write; encrypted-media; gyroscope; picture-in-picture; web-share\" referrerpolicy=\"strict-origin-when-cross-origin\" allowfullscreen><\/iframe><\/p>","protected":false},"excerpt":{"rendered":"<p>Ajax StarterKit CAM Zwart is een geavanceerde basis kit met de Hub 2 in het Ajax Baseline alarmsysteem assortiment. Ajax is een toonaangevend bedrijf op het gebied van beveiligingsoplossingen. Met geavanceerde technologie\u00ebn en innovatieve producten bieden ze betrouwbare en effectieve beveiligingsoplossingen voor zowel particuliere als zakelijke klanten. Hun systemen zijn eenvoudig te installeren en te<\/p>\n<div class=\"klb-readmore button\"><a class=\"btn link\" href=\"https:\/\/webstore4.com\/de\/product\/ajax-starterkit-cam-zwart-met-hub-2-motioncam-doorprotect-en-spacecontrol\/\">Mehr lesen <i class=\"klbth-icon-right-arrow\"><\/i><\/a><\/div>","protected":false},"featured_media":12132,"comment_status":"closed","ping_status":"closed","template":"","meta":[],"pwb-brand":[3408],"product_cat":[3466,4224,4263],"product_tag":[],"class_list":{"0":"post-12131","1":"product","2":"type-product","3":"status-publish","4":"has-post-thumbnail","6":"pwb-brand-ajax-systems","7":"product_cat-alarm","8":"product_cat-alarmsystemen","9":"product_cat-ajax-baseline","10":"product_shipping_class-pakket","11":"pa_kleur-zwart","12":"pa_merk-ajax-systems","13":"pa_product-complete-kit","15":"first","16":"onbackorder","17":"featured","18":"taxable","19":"shipping-taxable","20":"purchasable","21":"product-type-simple"},"brands":[{"id":3408,"name":"Ajax Systems","slug":"ajax-systems"}],"_links":{"self":[{"href":"https:\/\/webstore4.com\/de\/wp-json\/wp\/v2\/product\/12131","targetHints":{"allow":["GET"]}}],"collection":[{"href":"https:\/\/webstore4.com\/de\/wp-json\/wp\/v2\/product"}],"about":[{"href":"https:\/\/webstore4.com\/de\/wp-json\/wp\/v2\/types\/product"}],"replies":[{"embeddable":true,"href":"https:\/\/webstore4.com\/de\/wp-json\/wp\/v2\/comments?post=12131"}],"wp:featuredmedia":[{"embeddable":true,"href":"https:\/\/webstore4.com\/de\/wp-json\/wp\/v2\/media\/12132"}],"wp:attachment":[{"href":"https:\/\/webstore4.com\/de\/wp-json\/wp\/v2\/media?parent=12131"}],"wp:term":[{"taxonomy":"pwb-brand","embeddable":true,"href":"https:\/\/webstore4.com\/de\/wp-json\/wp\/v2\/pwb-brand?post=12131"},{"taxonomy":"product_cat","embeddable":true,"href":"https:\/\/webstore4.com\/de\/wp-json\/wp\/v2\/product_cat?post=12131"},{"taxonomy":"product_tag","embeddable":true,"href":"https:\/\/webstore4.com\/de\/wp-json\/wp\/v2\/product_tag?post=12131"}],"curies":[{"name":"wp","href":"https:\/\/api.w.org\/{rel}","templated":true}]}}