{"id":12072,"date":"2023-10-19T23:00:06","date_gmt":"2023-10-19T21:00:06","guid":{"rendered":"https:\/\/webstore4.com\/?post_type=product&#038;p=12072"},"modified":"2024-04-19T15:17:12","modified_gmt":"2024-04-19T14:17:12","slug":"dahua-nvr4108hs-8p-4ks3-8-netwerk-video-recorder","status":"publish","type":"product","link":"https:\/\/webstore4.com\/de\/product\/dahua-nvr4108hs-8p-4ks3-8-netwerk-video-recorder\/","title":{"rendered":"Dahua NVR4108HS-8P-4KS3 8 kanaals PoE 4K Ultra HD Netwerk Video Recorder tot 12 megapixel"},"content":{"rendered":"<p>De Dahua NVR4108HS-8P-4KS3 is een 4K ultra HD PoE Netwerk Video Recorder (NVR) waar 8 IP camera&#8217;s mee kunnen worden verbonden voor het opnemen en beheren van camerabeelden. Door de grote functionaliteit, het installatiegemak en hoge bruikbaarheid is de NVR ideaal voor gebruik in zowel woningen, winkels als bedrijven.<\/p>\n<p><strong>M\u00f6glichkeiten<\/strong><\/p>\n<p>Op de NVR kunnen maximaal 8 IP camera&#8217;s bedraad of via het netwerk worden aangesloten. De Dahua NVR4108HS-8P-4KS3 beschikt over 8 PoE poorten waardoor de aangesloten camera&#8217;s over 1 netwerkkabel ook worden gevoed. Hiermee is de installatie zeer eenvoudig.<br \/>\nDer NVR kann eigenst\u00e4ndig arbeiten, kann aber auch mit dem Netzwerk verbunden werden. Auf den NVR kann dann \u00fcber einen Webbrowser, die Dahua-Videoverwaltungssoftware und mit der kostenlosen Dahua-App f\u00fcr Smartphone und Tablet zugegriffen werden.<\/p>\n<p>De NVR beschikt over een HDMI en VGA uitgang met een maximale resolutie van 3840&#215;2160 (4K Ultra HD) voor het aansluiten op een normale TV voor onder meer het tonen van beelden. Verder is er een tweetal USB aansluitingen voor het aansluiten van bijvoorbeeld een muis. De NVR4108HS-8P-4KS3 ondersteund camera&#8217;s tot maximaal 12 megapixel.<\/p>\n<p>De NVR uit de Lite series van Dahua ondersteund verschillende slimme functies van de camera&#8217;s, waaronder gezichtsdetectie, gezichtsherkenning, Smart Motion Detection Plus (SMD), Perimeter Protection en Heat Map. Om op de juiste manier gebruik te maken van de slimme functies, zal altijd de geschikte camera gekozen moeten worden.<\/p>\n<p><strong>Festplatten<\/strong><\/p>\n<p>De Dahua NVR4108HS-8P-4KS3 ondersteunt \u00e9\u00e9n 3,5 inch harde schijf van maximaal 20 terrabyte. De Dahua NVR4108HS-8P-4KS3 wordt standaard geleverd zonder een harde schijf. Onder het tabblad &#8216;Opties&#8217; kan een harde schijf worden mee besteld. Wij leveren Western Digital Purple hard disks die specifiek zijn ontworpen voor 24\/7 bewakingsdoeleinden.<\/p>\n<p>F\u00fcr weitere Spezifikationen empfehlen wir Ihnen, das Datenblatt zu konsultieren, das unter der Registerkarte \u201eDokumentation\u201c enthalten ist.<\/p>\n<p><strong>Wichtigste Funktionen<\/strong><\/p>\n<ul>\n<li>Geeignet f\u00fcr 8 IP-Kameras<\/li>\n<li>Geeignet f\u00fcr 3840\u00d72160 4K Ultra HD-Aufl\u00f6sung<\/li>\n<li>160 Mbps ingaande bandbreedte, 80 Mbps uitgaande bandbreedte<br \/>\nMet AI functionaliteiten geactiveerd is het 80 Mbps ingaande bandbreedte en 60 Mbps uitgaande bandbreedte<\/li>\n<li>Ondersteuning tot maximaal 12 megapixel<\/li>\n<li>H.265+ High Efficiency Video Codec (HEVC)<\/li>\n<li>Funktioniert mit IP-Kameras anderer Marken<\/li>\n<li>Audio- und Alarmeingang\/-ausgang<\/li>\n<li>HDMI\/VGA-Ausgang<\/li>\n<li>8 x PoE 802.3af\/at RJ45 poorten<\/li>\n<li>1x 3,5 inch harde schijf van maximaal 20 Tb<\/li>\n<\/ul>\n<p><a href=\"https:\/\/webstore4.com\/Copyright\/\" target=\"_blank\" rel=\"noopener\"><span style=\"color: #ff6e03; font-size: 11px;\">\u00a9 Der Text ist urheberrechtlich gesch\u00fctzt<\/span><\/a><\/p>","protected":false},"excerpt":{"rendered":"<p>De Dahua NVR4108HS-8P-4KS3 is een 4K ultra HD PoE Netwerk Video Recorder (NVR) waar 8 IP camera&#8217;s mee kunnen worden verbonden voor het opnemen en beheren van camerabeelden. Door de grote functionaliteit, het installatiegemak en hoge bruikbaarheid is de NVR ideaal voor gebruik in zowel woningen, winkels als bedrijven. Mogelijkheden Op de NVR kunnen maximaal<\/p>\n<div class=\"klb-readmore button\"><a class=\"btn link\" href=\"https:\/\/webstore4.com\/de\/product\/dahua-nvr4108hs-8p-4ks3-8-netwerk-video-recorder\/\">Mehr lesen <i class=\"klbth-icon-right-arrow\"><\/i><\/a><\/div>","protected":false},"featured_media":16653,"comment_status":"open","ping_status":"closed","template":"","meta":[],"pwb-brand":[3376],"product_cat":[3441,4210],"product_tag":[],"class_list":{"0":"post-12072","1":"product","2":"type-product","3":"status-publish","4":"has-post-thumbnail","6":"pwb-brand-dahua","7":"product_cat-benodigdheden","8":"product_cat-recorders-opslagmedia-benodigdheden","9":"product_shipping_class-pakket","10":"pa_aantal-poe-poorten-3936","11":"pa_harddisk-type-1-x-3-5-inch-max-20tb","12":"pa_maximaal-ip-camera-kanalen-3646","13":"pa_maximum-aantal-harddisks-3722","14":"pa_merk-dahua","15":"pa_omgeving-binnen","16":"pa_poe-802-3af-at","17":"pa_product-nvr","18":"pa_product-status-a","19":"pa_rj45-lan-aansluiting-1x-101001000","20":"pa_voeding-230vac","22":"first","23":"onbackorder","24":"taxable","25":"shipping-taxable","26":"purchasable","27":"product-type-simple"},"brands":[{"id":3376,"name":"Dahua","slug":"dahua"}],"_links":{"self":[{"href":"https:\/\/webstore4.com\/de\/wp-json\/wp\/v2\/product\/12072","targetHints":{"allow":["GET"]}}],"collection":[{"href":"https:\/\/webstore4.com\/de\/wp-json\/wp\/v2\/product"}],"about":[{"href":"https:\/\/webstore4.com\/de\/wp-json\/wp\/v2\/types\/product"}],"replies":[{"embeddable":true,"href":"https:\/\/webstore4.com\/de\/wp-json\/wp\/v2\/comments?post=12072"}],"wp:featuredmedia":[{"embeddable":true,"href":"https:\/\/webstore4.com\/de\/wp-json\/wp\/v2\/media\/16653"}],"wp:attachment":[{"href":"https:\/\/webstore4.com\/de\/wp-json\/wp\/v2\/media?parent=12072"}],"wp:term":[{"taxonomy":"pwb-brand","embeddable":true,"href":"https:\/\/webstore4.com\/de\/wp-json\/wp\/v2\/pwb-brand?post=12072"},{"taxonomy":"product_cat","embeddable":true,"href":"https:\/\/webstore4.com\/de\/wp-json\/wp\/v2\/product_cat?post=12072"},{"taxonomy":"product_tag","embeddable":true,"href":"https:\/\/webstore4.com\/de\/wp-json\/wp\/v2\/product_tag?post=12072"}],"curies":[{"name":"wp","href":"https:\/\/api.w.org\/{rel}","templated":true}]}}