{"id":11907,"date":"2023-10-10T14:19:38","date_gmt":"2023-10-10T12:19:38","guid":{"rendered":"https:\/\/webstore4.com\/?post_type=product&#038;p=11907"},"modified":"2024-04-26T12:49:45","modified_gmt":"2024-04-26T11:49:45","slug":"wl4-wom-draadloze-muis","status":"publish","type":"product","link":"https:\/\/webstore4.com\/de\/product\/wl4-wom-draadloze-muis\/","title":{"rendered":"WL4 WOM Kabellose Maus"},"content":{"rendered":"<p>Die WL4 WOM ist eine kabellose Maus. Diese Maus kann f\u00fcr Netzwerk-Videorekorder, aber nat\u00fcrlich auch f\u00fcr bekannte Anwendungen wie Laptop oder Computer verwendet werden.<br \/>\nDie WL4 WOM Wireless-Maus kann bis zu einer Entfernung von zehn Metern vom Medium verwendet werden und funktioniert \u00fcber einen USB 2.0-Eingang. Zus\u00e4tzlich werden zwei 1,5V AAA-Batterien ben\u00f6tigt (nicht im Lieferumfang enthalten).<\/p>\n<p><strong>Wichtigste Funktionen<\/strong><\/p>\n<ul>\n<li>Wireless<\/li>\n<li>Funktioniert mit USB 2.0<\/li>\n<li>Batterien nicht enthalten<\/li>\n<li>Plug<\/li>\n<\/ul>\n<p><a href=\"https:\/\/www.webstore4ipcameras.nl\/Copyright\" target=\"_blank\" rel=\"noopener\"><span style=\"color: #ff6e03; font-size: 11px;\">\u00a9 Der Text ist urheberrechtlich gesch\u00fctzt<\/span><\/a><\/p>","protected":false},"excerpt":{"rendered":"<p>De WL4 WOM is een draadloze muis. Deze muis kan gebruikt worden voor Network Video Recorders, maar uiteraard ook voor de bekende toepassingen zoals voor een laptop of computer. De WL4 WOM Draadloze muis kan tot een afstand van tien meter vanaf het medium gebruikt worden en functioneert op een USB 2.0 ingang. Daarnaast zijn<\/p>\n<div class=\"klb-readmore button\"><a class=\"btn link\" href=\"https:\/\/webstore4.com\/de\/product\/wl4-wom-draadloze-muis\/\">Mehr lesen <i class=\"klbth-icon-right-arrow\"><\/i><\/a><\/div>","protected":false},"featured_media":11908,"comment_status":"open","ping_status":"closed","template":"","meta":[],"pwb-brand":[3380],"product_cat":[3441,3450,4195,4210],"product_tag":[],"class_list":{"0":"post-11907","1":"product","2":"type-product","3":"status-publish","4":"has-post-thumbnail","6":"pwb-brand-wl4","7":"product_cat-benodigdheden","8":"product_cat-montage","9":"product_cat-monitors-audio","10":"product_cat-recorders-opslagmedia-benodigdheden","11":"product_shipping_class-pakket","12":"pa_merk-wl4","14":"first","15":"instock","16":"taxable","17":"shipping-taxable","18":"purchasable","19":"product-type-simple"},"brands":[{"id":3380,"name":"WL4","slug":"wl4"}],"_links":{"self":[{"href":"https:\/\/webstore4.com\/de\/wp-json\/wp\/v2\/product\/11907","targetHints":{"allow":["GET"]}}],"collection":[{"href":"https:\/\/webstore4.com\/de\/wp-json\/wp\/v2\/product"}],"about":[{"href":"https:\/\/webstore4.com\/de\/wp-json\/wp\/v2\/types\/product"}],"replies":[{"embeddable":true,"href":"https:\/\/webstore4.com\/de\/wp-json\/wp\/v2\/comments?post=11907"}],"wp:featuredmedia":[{"embeddable":true,"href":"https:\/\/webstore4.com\/de\/wp-json\/wp\/v2\/media\/11908"}],"wp:attachment":[{"href":"https:\/\/webstore4.com\/de\/wp-json\/wp\/v2\/media?parent=11907"}],"wp:term":[{"taxonomy":"pwb-brand","embeddable":true,"href":"https:\/\/webstore4.com\/de\/wp-json\/wp\/v2\/pwb-brand?post=11907"},{"taxonomy":"product_cat","embeddable":true,"href":"https:\/\/webstore4.com\/de\/wp-json\/wp\/v2\/product_cat?post=11907"},{"taxonomy":"product_tag","embeddable":true,"href":"https:\/\/webstore4.com\/de\/wp-json\/wp\/v2\/product_tag?post=11907"}],"curies":[{"name":"wp","href":"https:\/\/api.w.org\/{rel}","templated":true}]}}