{"id":11896,"date":"2023-10-10T12:19:36","date_gmt":"2023-10-10T10:19:36","guid":{"rendered":"https:\/\/webstore4.com\/?post_type=product&#038;p=11896"},"modified":"2024-11-30T13:15:48","modified_gmt":"2024-11-30T12:15:48","slug":"ajax-dubbele-button-wit-met-paniekknop-voor-overval","status":"publish","type":"product","link":"https:\/\/webstore4.com\/de\/product\/ajax-dubbele-button-wit-met-paniekknop-voor-overval\/","title":{"rendered":"Ajax Double Button Wei\u00df mit Panikknopf f\u00fcr Raub"},"content":{"rendered":"<p>Ajax ist ein f\u00fchrendes Unternehmen im Bereich Sicherheitsl\u00f6sungen. Mit fortschrittlichen Technologien und innovativen Produkten bieten sie zuverl\u00e4ssige und effektive Sicherheitsl\u00f6sungen f\u00fcr Privat- und Gesch\u00e4ftskunden. Ajax-Systeme sind einfach zu installieren und zu bedienen und geben den Benutzern ein Gef\u00fchl der Sicherheit. Ajax Security Systems ist bekannt f\u00fcr seine hochwertigen Sicherheitsprodukte, die die strengsten Standards und Anforderungen erf\u00fcllen.<\/p>\n<p>Die App erm\u00f6glicht es, Benachrichtigungen \u00fcber Alarme und Ereignisse zu erhalten, Live-Videostreams anzusehen (sofern Kameras integriert sind) und den Status aller Sicherheitsger\u00e4te zu \u00fcberpr\u00fcfen. Die App bietet detaillierte Veranstaltungsinformationen und l\u00e4sst sich einfach \u00fcber mehrere Ger\u00e4te und Benutzer hinweg verwalten.<\/p>\n<p><strong>M\u00f6glichkeiten<\/strong><\/p>\n<p>Der Ajax Double Button Black ist ein kabelloser Alarmknopf. Der Ajax Double Button Black ist f\u00fcr Raub\u00fcberf\u00e4lle gedacht und kann sowohl f\u00fcr private als auch f\u00fcr gesch\u00e4ftliche Zwecke verwendet werden. Durch gleichzeitiges Bet\u00e4tigen beider Tasten wird der Alarm sofort aktiviert. Um zu verhindern, dass ein Fehlalarm ausgel\u00f6st wird, k\u00f6nnen Sequenzen eingestellt werden. Es k\u00f6nnen auch Szenarien mit mehreren Ajax Double Buttons gew\u00e4hlt werden. Ein Beispiel finden Sie in den folgenden Videos.<\/p>\n<p>Ajax Double Button Black arbeitet mit dem zentralen Hub auf einer offenen Fl\u00e4che von 1300 Metern zusammen. Dar\u00fcber hinaus funktioniert der Ajax Double Button Black direkt mit der Ajax Systems-Anwendung. Der Ajax Double Button Black blinkt, wenn ein Befehl ausgef\u00fchrt wird.<\/p>\n<p>Der Ajax Double Button Black kann auf verschiedene Arten montiert oder getragen werden. Der Button kann beispielsweise unter dem Schreibtisch oder an der Wand montiert werden, es ist aber auch m\u00f6glich, ihn an einer Kordel oder lose in der Tasche zu tragen.<br \/>\nDer Ajax Double Button Black wird mit vorinstallierten Batterien geliefert, die austauschbar sind. Die Laufzeit wird auf maximal f\u00fcnf Jahre gesch\u00e4tzt. Dar\u00fcber hinaus befindet sich auf der R\u00fcckseite des Ajax Double Button Black eine Montageplatte f\u00fcr eine m\u00f6gliche Halterung. Die entsprechende Klammer kann unter \u201eOptionen\u201c hinzugef\u00fcgt werden.<\/p>\n<p>F\u00fcr weitere Spezifikationen empfehlen wir Ihnen, das Datenblatt zu konsultieren, das unter der Registerkarte \u201eDokumentation\u201c enthalten ist.<\/p>\n<p><strong>Wichtigste Funktionen<\/strong><\/p>\n<ul>\n<li>Steuerung \u00fcber Ajax-Anwendung<\/li>\n<li>Inklusive Panikkn\u00f6pfen<\/li>\n<li>Optionen zum Einstellen verschiedener Sequenzen<\/li>\n<li>2-Wege-Kommunikation<\/li>\n<li>Batterien im Lieferumfang enthalten, Batterien sind von der Garantie ausgeschlossen<\/li>\n<li>Kann in einem Umkreis von bis zu 1300 Metern (Freifl\u00e4che) mit dem Ajax Hub verbunden werden.<\/li>\n<li>IP55 spritzwassergesch\u00fctzt<\/li>\n<li>Wei\u00df<\/li>\n<\/ul>\n<p><a href=\"https:\/\/www.webstore4ipcameras.nl\/Copyright\" target=\"_blank\" rel=\"noopener\"><span style=\"color: #ff6e03; font-size: 11px;\">\u00a9 Der Text ist urheberrechtlich gesch\u00fctzt<\/span><\/a><\/p>\n<p>&nbsp;<\/p>\n<p><strong>Best\u00e4tigung mit einem Doppelknopf<\/strong><\/p>\n<div style=\"width: 960px;\" class=\"wp-video\"><video class=\"wp-video-shortcode\" id=\"video-11896-1\" width=\"960\" height=\"592\" preload=\"metadata\" controls=\"controls\"><source type=\"video\/mp4\" src=\"https:\/\/webstore4.com\/wp-content\/uploads\/2023\/10\/Ajax-Doublebutton-S1-WebStore4.mp4?_=1\" \/><a href=\"https:\/\/webstore4.com\/wp-content\/uploads\/2023\/10\/Ajax-Doublebutton-S1-WebStore4.mp4\">https:\/\/webstore4.com\/wp-content\/uploads\/2023\/10\/Ajax-Doublebutton-S1-WebStore4.mp4<\/a><\/video><\/div>\n<p>&nbsp;<\/p>\n<p><strong>Befestigung mit zwei Doppelkn\u00f6pfen<br \/>\n<\/strong><\/p>\n<div style=\"width: 960px;\" class=\"wp-video\"><video class=\"wp-video-shortcode\" id=\"video-11896-2\" width=\"960\" height=\"592\" preload=\"metadata\" controls=\"controls\"><source type=\"video\/mp4\" src=\"https:\/\/webstore4.com\/wp-content\/uploads\/2023\/10\/Ajax-Doublebutton-S2-WebStore4.mp4?_=2\" \/><a href=\"https:\/\/webstore4.com\/wp-content\/uploads\/2023\/10\/Ajax-Doublebutton-S2-WebStore4.mp4\">https:\/\/webstore4.com\/wp-content\/uploads\/2023\/10\/Ajax-Doublebutton-S2-WebStore4.mp4<\/a><\/video><\/div>\n<p><strong>\u00a0<\/strong><\/p>\n<p>&nbsp;<\/p>","protected":false},"excerpt":{"rendered":"<p>Ajax is een toonaangevend bedrijf op het gebied van beveiligingsoplossingen. Met geavanceerde technologie\u00ebn en innovatieve producten bieden ze betrouwbare en effectieve beveiligingsoplossingen voor zowel particuliere als zakelijke klanten. Ajax systemen zijn eenvoudig te installeren en te bedienen, waardoor gebruikers een veilig gevoel hebben. Ajax Security Systems staat bekend om zijn hoogwaardige beveiligingsproducten die voldoen aan<\/p>\n<div class=\"klb-readmore button\"><a class=\"btn link\" href=\"https:\/\/webstore4.com\/de\/product\/ajax-dubbele-button-wit-met-paniekknop-voor-overval\/\">Mehr lesen <i class=\"klbth-icon-right-arrow\"><\/i><\/a><\/div>","protected":false},"featured_media":11900,"comment_status":"closed","ping_status":"closed","template":"","meta":[],"pwb-brand":[3408],"product_cat":[3466,4224,4263],"product_tag":[],"class_list":{"0":"post-11896","1":"product","2":"type-product","3":"status-publish","4":"has-post-thumbnail","6":"pwb-brand-ajax-systems","7":"product_cat-alarm","8":"product_cat-alarmsystemen","9":"product_cat-ajax-baseline","10":"product_shipping_class-pakket","11":"pa_kleur-wit","12":"pa_merk-ajax-systems","13":"pa_product-bediening","15":"first","16":"instock","17":"taxable","18":"shipping-taxable","19":"purchasable","20":"product-type-simple"},"brands":[{"id":3408,"name":"Ajax Systems","slug":"ajax-systems"}],"_links":{"self":[{"href":"https:\/\/webstore4.com\/de\/wp-json\/wp\/v2\/product\/11896","targetHints":{"allow":["GET"]}}],"collection":[{"href":"https:\/\/webstore4.com\/de\/wp-json\/wp\/v2\/product"}],"about":[{"href":"https:\/\/webstore4.com\/de\/wp-json\/wp\/v2\/types\/product"}],"replies":[{"embeddable":true,"href":"https:\/\/webstore4.com\/de\/wp-json\/wp\/v2\/comments?post=11896"}],"wp:featuredmedia":[{"embeddable":true,"href":"https:\/\/webstore4.com\/de\/wp-json\/wp\/v2\/media\/11900"}],"wp:attachment":[{"href":"https:\/\/webstore4.com\/de\/wp-json\/wp\/v2\/media?parent=11896"}],"wp:term":[{"taxonomy":"pwb-brand","embeddable":true,"href":"https:\/\/webstore4.com\/de\/wp-json\/wp\/v2\/pwb-brand?post=11896"},{"taxonomy":"product_cat","embeddable":true,"href":"https:\/\/webstore4.com\/de\/wp-json\/wp\/v2\/product_cat?post=11896"},{"taxonomy":"product_tag","embeddable":true,"href":"https:\/\/webstore4.com\/de\/wp-json\/wp\/v2\/product_tag?post=11896"}],"curies":[{"name":"wp","href":"https:\/\/api.w.org\/{rel}","templated":true}]}}