{"id":11890,"date":"2023-10-10T10:03:09","date_gmt":"2023-10-10T08:03:09","guid":{"rendered":"https:\/\/webstore4.com\/?post_type=product&#038;p=11890"},"modified":"2024-04-19T15:16:50","modified_gmt":"2024-04-19T14:16:50","slug":"ajax-button-zwart-met-alarmknop-en-smart-functies","status":"publish","type":"product","link":"https:\/\/webstore4.com\/de\/product\/ajax-button-zwart-met-alarmknop-en-smart-functies\/","title":{"rendered":"Ajax Button Black mit Alarmknopf und smarten Funktionen"},"content":{"rendered":"<p>Ajax ist ein f\u00fchrendes Unternehmen im Bereich Sicherheitsl\u00f6sungen. Mit fortschrittlichen Technologien und innovativen Produkten bieten sie zuverl\u00e4ssige und effektive Sicherheitsl\u00f6sungen f\u00fcr Privat- und Gesch\u00e4ftskunden. Ajax-Systeme sind einfach zu installieren und zu bedienen und geben den Benutzern ein Gef\u00fchl der Sicherheit. Ajax Security Systems ist bekannt f\u00fcr seine hochwertigen Sicherheitsprodukte, die die strengsten Standards und Anforderungen erf\u00fcllen.<\/p>\n<p>Die App erm\u00f6glicht es, Benachrichtigungen \u00fcber Alarme und Ereignisse zu erhalten, Live-Videostreams anzusehen (sofern Kameras integriert sind) und den Status aller Sicherheitsger\u00e4te zu \u00fcberpr\u00fcfen. Die App bietet detaillierte Veranstaltungsinformationen und l\u00e4sst sich einfach \u00fcber mehrere Ger\u00e4te und Benutzer hinweg verwalten.<\/p>\n<p><strong>M\u00f6glichkeiten<\/strong><\/p>\n<p>De Ajax Button Zwart is een draadloze alarmknop, maar ook een\u00a0 slimme knop. Met de Ajax Button Zwart is het mogelijk om verschillende scenario&#8217;s in te stellen. De Ajax Button Zwart werkt samen met de centrale Hub binnen een open ruimte van 1300 meter. Daarnaast werkt de Ajax Button Zwart direct samen met de applicatie van Ajax Systems. De Ajax Button Zwart kleurt knipperend groen bij het uitvoeren van een opdracht.<\/p>\n<p>De Ajax Button Zwart kan gebruikt\u00a0 worden als paniekknop, helpknop of bedieningsknop. Als paniekknop heeft de Ajax Button Zwart de mogelijkheid om met \u00e9\u00e9n klik het beveiligingsbedrijf en andere gebruikers binnen het Ajax System te waarschuwen. Als helpknop kan de Ajax Button Zwart de hulpdiensten oproepen voor ouderen of zieken.<br \/>\nDaarnaast bied de Ajax Button Zwart tal van mogelijkheden om automatisering toe te passen in het rondom gebouwen. Zo is het mogelijk om slimme huishoudelijke apparaten te configureren met de Ajax Button Zwart. Totaal kunnen er acht scenario&#8217;s worden ingesteld op de Ajax Button Zwart.<\/p>\n<p>De Ajax Button Zwart kan op verschillende manieren gemonteerd of gedragen worden. Zo kan de button bijvoorbeeld gemonteerd worden onder een tafel of aan een hoofdeinde van een bed, maar het is ook mogelijk om deze te dragen met een koord of los in de zak.<br \/>\nDer Ajax Double Button Black wird mit vorinstallierten Batterien geliefert, die austauschbar sind. Die Laufzeit wird auf maximal f\u00fcnf Jahre gesch\u00e4tzt. Dar\u00fcber hinaus befindet sich auf der R\u00fcckseite des Ajax Double Button Black eine Montageplatte f\u00fcr eine m\u00f6gliche Halterung. Die entsprechende Klammer kann unter \u201eOptionen\u201c hinzugef\u00fcgt werden.<\/p>\n<p>F\u00fcr weitere Spezifikationen empfehlen wir Ihnen, das Datenblatt zu konsultieren, das unter der Registerkarte \u201eDokumentation\u201c enthalten ist.<\/p>\n<p><strong>Wichtigste Funktionen<\/strong><\/p>\n<ul>\n<li>Steuerung \u00fcber Ajax-Anwendung<\/li>\n<li>Inclusief paniekknop<\/li>\n<li>Mogelijkheden voor het instellen van 8 scenario&#8217;s<\/li>\n<li>2-Wege-Kommunikation<\/li>\n<li>Batterien im Lieferumfang enthalten, Batterien sind von der Garantie ausgeschlossen<\/li>\n<li>Kann in einem Umkreis von bis zu 1300 Metern (Freifl\u00e4che) mit dem Ajax Hub verbunden werden.<\/li>\n<li>Schwarz<\/li>\n<\/ul>\n<p><a href=\"https:\/\/www.webstore4ipcameras.nl\/Copyright\" target=\"_blank\" rel=\"noopener\"><span style=\"color: #ff6e03; font-size: 11px;\">\u00a9 Der Text ist urheberrechtlich gesch\u00fctzt<\/span><\/a><\/p>\n<div style=\"width: 340px;\" class=\"wp-video\"><video class=\"wp-video-shortcode\" id=\"video-11890-1\" width=\"340\" height=\"682\" preload=\"metadata\" controls=\"controls\"><source type=\"video\/mp4\" src=\"https:\/\/webstore4.com\/wp-content\/uploads\/2023\/10\/Ajax-Button-WebStore4.mp4?_=1\" \/><a href=\"https:\/\/webstore4.com\/wp-content\/uploads\/2023\/10\/Ajax-Button-WebStore4.mp4\">https:\/\/webstore4.com\/wp-content\/uploads\/2023\/10\/Ajax-Button-WebStore4.mp4<\/a><\/video><\/div>\n<p>&nbsp;<\/p>","protected":false},"excerpt":{"rendered":"<p>Ajax is een toonaangevend bedrijf op het gebied van beveiligingsoplossingen. Met geavanceerde technologie\u00ebn en innovatieve producten bieden ze betrouwbare en effectieve beveiligingsoplossingen voor zowel particuliere als zakelijke klanten. Ajax systemen zijn eenvoudig te installeren en te bedienen, waardoor gebruikers een veilig gevoel hebben. Ajax Security Systems staat bekend om zijn hoogwaardige beveiligingsproducten die voldoen aan<\/p>\n<div class=\"klb-readmore button\"><a class=\"btn link\" href=\"https:\/\/webstore4.com\/de\/product\/ajax-button-zwart-met-alarmknop-en-smart-functies\/\">Mehr lesen <i class=\"klbth-icon-right-arrow\"><\/i><\/a><\/div>","protected":false},"featured_media":11893,"comment_status":"closed","ping_status":"closed","template":"","meta":[],"pwb-brand":[3408],"product_cat":[3466,4224,4263],"product_tag":[],"class_list":{"0":"post-11890","1":"product","2":"type-product","3":"status-publish","4":"has-post-thumbnail","6":"pwb-brand-ajax-systems","7":"product_cat-alarm","8":"product_cat-alarmsystemen","9":"product_cat-ajax-baseline","10":"product_shipping_class-pakket","11":"pa_kleur-zwart","12":"pa_merk-ajax-systems","13":"pa_product-bediening","15":"first","16":"instock","17":"taxable","18":"shipping-taxable","19":"purchasable","20":"product-type-simple"},"brands":[{"id":3408,"name":"Ajax Systems","slug":"ajax-systems"}],"_links":{"self":[{"href":"https:\/\/webstore4.com\/de\/wp-json\/wp\/v2\/product\/11890","targetHints":{"allow":["GET"]}}],"collection":[{"href":"https:\/\/webstore4.com\/de\/wp-json\/wp\/v2\/product"}],"about":[{"href":"https:\/\/webstore4.com\/de\/wp-json\/wp\/v2\/types\/product"}],"replies":[{"embeddable":true,"href":"https:\/\/webstore4.com\/de\/wp-json\/wp\/v2\/comments?post=11890"}],"wp:featuredmedia":[{"embeddable":true,"href":"https:\/\/webstore4.com\/de\/wp-json\/wp\/v2\/media\/11893"}],"wp:attachment":[{"href":"https:\/\/webstore4.com\/de\/wp-json\/wp\/v2\/media?parent=11890"}],"wp:term":[{"taxonomy":"pwb-brand","embeddable":true,"href":"https:\/\/webstore4.com\/de\/wp-json\/wp\/v2\/pwb-brand?post=11890"},{"taxonomy":"product_cat","embeddable":true,"href":"https:\/\/webstore4.com\/de\/wp-json\/wp\/v2\/product_cat?post=11890"},{"taxonomy":"product_tag","embeddable":true,"href":"https:\/\/webstore4.com\/de\/wp-json\/wp\/v2\/product_tag?post=11890"}],"curies":[{"name":"wp","href":"https:\/\/api.w.org\/{rel}","templated":true}]}}