{"id":11871,"date":"2023-10-10T08:40:41","date_gmt":"2023-10-10T06:40:41","guid":{"rendered":"https:\/\/webstore4.com\/?post_type=product&#038;p=11871"},"modified":"2025-06-08T18:47:12","modified_gmt":"2025-06-08T17:47:12","slug":"ajax-keypad-plus-zwart-jeweller","status":"publish","type":"product","link":"https:\/\/webstore4.com\/de\/product\/ajax-keypad-plus-zwart-jeweller\/","title":{"rendered":"Ajax KeyPad PLUS Schwarzer Juwelier"},"content":{"rendered":"<p>Das Ajax KeyPad PLUS Black Jeweler ist ein kabelloses Bedienfeld mit Touchpanel und Teil des Ajax Baseline-Alarmsystems. Ajax ist ein f\u00fchrendes Unternehmen im Bereich Sicherheitsl\u00f6sungen. Mit fortschrittlichen Technologien und innovativen Produkten bieten sie zuverl\u00e4ssige und effektive Sicherheitsl\u00f6sungen f\u00fcr Privat- und Gesch\u00e4ftskunden. Ajax-Systeme sind einfach zu installieren und zu bedienen und geben den Benutzern ein Gef\u00fchl der Sicherheit. Ajax Security Systems ist bekannt f\u00fcr seine hochwertigen Sicherheitsprodukte, die die strengsten Standards und Anforderungen erf\u00fcllen.<\/p>\n<p>Die App erm\u00f6glicht es, Benachrichtigungen \u00fcber Alarme und Ereignisse zu erhalten, Live-Videostreams anzusehen (sofern Kameras integriert sind) und den Status aller Sicherheitsger\u00e4te zu \u00fcberpr\u00fcfen. Die App bietet detaillierte Veranstaltungsinformationen und l\u00e4sst sich einfach \u00fcber mehrere Ger\u00e4te und Benutzer hinweg verwalten.<\/p>\n<p><strong>M\u00f6glichkeiten<\/strong><\/p>\n<p>Das Ajax KeyPad PLUS Black Jeweler ist ein kabelloses Bedienfeld mit Touchpanel, mit dem das Ajax-Alarmsystem ein- und ausgeschaltet werden kann. Das Ajax KeyPad PLUS Black Jeweler wird h\u00e4ufig an einem Zugangspunkt montiert, da es als Zugangskontrolle verwendet wird.<\/p>\n<p>Mit dem Ajax Keypad PLUS Black Jeweler l\u00e4sst sich die Alarmanlage auf einmal aktivieren. Das Ajax KeyPad PLUS Black Jeweler arbeitet mit dem zentralen Hub auf einer offenen Fl\u00e4che von 1700 Metern zusammen. Dar\u00fcber hinaus funktioniert der Ajax Key Black direkt mit der Ajax Systems-Anwendung. Die Anwendung erm\u00f6glicht es, Codes aus der Ferne zu erstellen oder zu bearbeiten. Au\u00dferdem werden die Benutzer identifiziert und es besteht die M\u00f6glichkeit, Codes zu deaktivieren.<\/p>\n<p>Dieses smarte Ger\u00e4t pr\u00fcft selbst, ob es Probleme bei der Kommunikation mit dem zentralen Hub oder mit seinen eigenen Detektoren gibt. Dies wird sichtbar, nachdem das KeyPad entsperrt wurde. Das Ajax KeyPad Zwart Jeweler warnt au\u00dferdem vor Versuchen, das Passwort zu erraten, und blockiert das System, wenn es zu viele Versuche gibt.<br \/>\nMit dem Ajax KeyPad PLUS Black Jeweler ist es m\u00f6glich, den Zugang auf Personenebene zu registrieren, und es ist auch m\u00f6glich, neunundneunzig Zugangscodes f\u00fcr Personen zu generieren, die nicht direkt registriert sind. Denken Sie zum Beispiel an Reinigungsfirmen in Gesch\u00e4ftsr\u00e4umen.<\/p>\n<p>Das Ajax KeyPad PLUS Black Jeweler unterscheidet sich von seinem Vorg\u00e4nger, dem Ajax KeyPad Black Jeweler, dadurch, dass dieses Bedienfeld mit Karten, Tags und Fernbedienung gesteuert werden kann. Es k\u00f6nnen bis zu 200 Benutzer hinzugef\u00fcgt werden. Dies h\u00e4ngt vom HUB-Modell ab: Hub 2 und Hub Hybrid \u2013 bis zu 50 Benutzer, Hub Plus \u2013 bis zu 99, Hub 2 Plus \u2013 bis zu 200.<\/p>\n<p>Das Ajax KeyPad PLUS Black Jeweler wird mit vier AAA-Batterien geliefert. Diese sind austauschbar und haben eine voraussichtliche Lebensdauer von viereinhalb Jahren. Zus\u00e4tzlich befindet sich auf der R\u00fcckseite des KeyPads eine Montageplatte f\u00fcr eine m\u00f6gliche Halterung. Die entsprechende Klammer kann unter \u201eOptionen\u201c hinzugef\u00fcgt werden.<\/p>\n<p>F\u00fcr weitere Spezifikationen empfehlen wir Ihnen, das Datenblatt zu konsultieren, das unter der Registerkarte \u201eDokumentation\u201c enthalten ist.<\/p>\n<p><strong>Wichtigste Funktionen<\/strong><\/p>\n<ul>\n<li>Steuerung \u00fcber Ajax-Anwendung<\/li>\n<li>Zugangsm\u00f6glichkeit mit KeyPad, Karte, Tag oder Fernbedienung<\/li>\n<li>Funktioniert nur mit Ajax HUB 2 und HUB 2 PLUS und Signalverst\u00e4rkern<\/li>\n<li>Frequenz Mifare 13,56 MHz<\/li>\n<li>Maximal 200 Benutzer<\/li>\n<li>99 Codes zur Generierung externer registrierter Benutzer<\/li>\n<li>2-Wege-Kommunikation<\/li>\n<li>Batterien im Lieferumfang enthalten, Batterien sind von der Garantie ausgeschlossen<\/li>\n<li>Kann in einem Umkreis von bis zu 1700 Metern (Freifl\u00e4che) mit dem Ajax Hub verbunden werden.<\/li>\n<li>Schwarz<\/li>\n<\/ul>\n<p><a href=\"https:\/\/webstore4.com\/Copyright\/\" target=\"_blank\" rel=\"noopener\"><span style=\"color: #ff6e03; font-size: 11px;\">\u00a9 Der Text ist urheberrechtlich gesch\u00fctzt<\/span><\/a><\/p>\n<div style=\"width: 960px;\" class=\"wp-video\"><video class=\"wp-video-shortcode\" id=\"video-11871-1\" width=\"960\" height=\"540\" preload=\"metadata\" controls=\"controls\"><source type=\"video\/mp4\" src=\"https:\/\/webstore4.com\/wp-content\/uploads\/2023\/10\/Ajax-KeyPad-PLUS-WebStore4.mp4?_=1\" \/><a href=\"https:\/\/webstore4.com\/wp-content\/uploads\/2023\/10\/Ajax-KeyPad-PLUS-WebStore4.mp4\">https:\/\/webstore4.com\/wp-content\/uploads\/2023\/10\/Ajax-KeyPad-PLUS-WebStore4.mp4<\/a><\/video><\/div>","protected":false},"excerpt":{"rendered":"<p>Das Ajax KeyPad PLUS Black Jeweler ist ein kabelloses Bedienfeld mit Touchpanel und Teil des Ajax Baseline-Alarmsystems.<\/p>","protected":false},"featured_media":11872,"comment_status":"closed","ping_status":"closed","template":"","meta":[],"pwb-brand":[3408],"product_cat":[3466,4224,4263],"product_tag":[],"class_list":{"0":"post-11871","1":"product","2":"type-product","3":"status-publish","4":"has-post-thumbnail","6":"pwb-brand-ajax-systems","7":"product_cat-alarm","8":"product_cat-alarmsystemen","9":"product_cat-ajax-baseline","10":"product_shipping_class-pakket","11":"pa_frequentie-tags-en-readers-mifare-13-56-mhz","12":"pa_kleur-zwart","13":"pa_merk-ajax-systems","14":"pa_product-bediening","15":"pa_product-codepaneel","16":"pa_product-reader","17":"pa_toegang-met-kaartlezer","18":"pa_toegang-met-keypad","20":"first","21":"onbackorder","22":"sale","23":"taxable","24":"shipping-taxable","25":"purchasable","26":"product-type-simple"},"brands":[{"id":3408,"name":"Ajax Systems","slug":"ajax-systems"}],"_links":{"self":[{"href":"https:\/\/webstore4.com\/de\/wp-json\/wp\/v2\/product\/11871","targetHints":{"allow":["GET"]}}],"collection":[{"href":"https:\/\/webstore4.com\/de\/wp-json\/wp\/v2\/product"}],"about":[{"href":"https:\/\/webstore4.com\/de\/wp-json\/wp\/v2\/types\/product"}],"replies":[{"embeddable":true,"href":"https:\/\/webstore4.com\/de\/wp-json\/wp\/v2\/comments?post=11871"}],"wp:featuredmedia":[{"embeddable":true,"href":"https:\/\/webstore4.com\/de\/wp-json\/wp\/v2\/media\/11872"}],"wp:attachment":[{"href":"https:\/\/webstore4.com\/de\/wp-json\/wp\/v2\/media?parent=11871"}],"wp:term":[{"taxonomy":"pwb-brand","embeddable":true,"href":"https:\/\/webstore4.com\/de\/wp-json\/wp\/v2\/pwb-brand?post=11871"},{"taxonomy":"product_cat","embeddable":true,"href":"https:\/\/webstore4.com\/de\/wp-json\/wp\/v2\/product_cat?post=11871"},{"taxonomy":"product_tag","embeddable":true,"href":"https:\/\/webstore4.com\/de\/wp-json\/wp\/v2\/product_tag?post=11871"}],"curies":[{"name":"wp","href":"https:\/\/api.w.org\/{rel}","templated":true}]}}