{"id":11861,"date":"2023-10-09T17:44:37","date_gmt":"2023-10-09T15:44:37","guid":{"rendered":"https:\/\/webstore4.com\/?post_type=product&#038;p=11861"},"modified":"2025-02-19T05:22:12","modified_gmt":"2025-02-19T04:22:12","slug":"ajax-keypad-touchscreen-jeweller-wit","status":"publish","type":"product","link":"https:\/\/webstore4.com\/de\/product\/ajax-keypad-touchscreen-jeweller-wit\/","title":{"rendered":"Ajax KeyPad TouchScreen Jeweler White mit Steuerung von Codefeld, App, Kartenleser und Tag-Leser"},"content":{"rendered":"<p>De Ajax KeyPad TouchScreen Jeweller Wit is onderdeel van het Ajax Baseline alarmsysteem. Ajax is een toonaangevend bedrijf op het gebied van beveiligingsoplossingen. Met geavanceerde technologie\u00ebn en innovatieve producten bieden ze betrouwbare en effectieve beveiligingsoplossingen voor zowel particuliere als zakelijke klanten.<\/p>\n<p>Ajax-Systeme sind einfach zu installieren und zu bedienen und geben den Benutzern ein Gef\u00fchl der Sicherheit. Ajax Security Systems ist bekannt f\u00fcr seine hochwertigen Sicherheitsprodukte, die die strengsten Standards und Anforderungen erf\u00fcllen.<\/p>\n<p>Die App erm\u00f6glicht es, Benachrichtigungen \u00fcber Alarme und Ereignisse zu erhalten, Live-Videostreams anzusehen (sofern Kameras integriert sind) und den Status aller Sicherheitsger\u00e4te zu \u00fcberpr\u00fcfen. Die App bietet detaillierte Veranstaltungsinformationen und l\u00e4sst sich einfach \u00fcber mehrere Ger\u00e4te und Benutzer hinweg verwalten.<\/p>\n<p><strong>M\u00f6glichkeiten<\/strong><\/p>\n<p>De Ajax KeyPad TouchScreen Jeweller Wit is een draadloos bedieningspaneel, welke gebruikt kan worden als toegangscontrole. De touchscreen is voorzien van krasbestendig glas. De touchscreen geeft in het 5-inch scherm altijd helder de gevraagde informatie weer, omdat het zich in helderheid aanpast aan het moment van de dag. De KeyPad is te gebruiken met applicatie van het Ajax systeem via Bluetooth, maar ook met een Tag of kaart.<\/p>\n<p>De kaartlezer geeft ruimere mogelijkheden dan het traditionele codepaneel. De Ajax KeyPad TouchScreen Jeweller Wit is dan ook ideaal voor gebruik in openbare gebouwen, musea, werkplaatsen, kantoorgebouwen of priv\u00e9woningen. Iedereen komt geregistreerd binnen met een kaart, tag, code of door gebruik van de applicatie. De keypad geeft daarnaast ook de mogelijkheid om de tijd te registreren.<\/p>\n<p>De keypad is een geavanceerd systeem met versleuteling van gegevens, sabotage alarm en checkt gezamenlijk met de centrale Hub continu wat de status is. De Keypad is voorzien van Smarthome-beheer. Dat betekend dat er andere slimme apparaten verbonden kunnen worden zoals lichten en schakelaars.<\/p>\n<p>Op de keypad zit ook de mogelijkheid om een paniekcode in te stellen. Dat betekend dat wanneer een medewerker gedwongen wordt om toegang te geven, diegene de paniekcode kan ingeven. Daardoor wordt het alarm naar het aangesloten beveiligingsbedrijf gestuurd, maar wordt tegelijkertijd wel toegang gegeven.<\/p>\n<p>De reader wordt geleverd met AA-batterijen. Deze gaan naar inschatting maximaal anderhalf jaar mee. Het systeem geeft zelf een signaal af wanneer de batterij op een laag niveau komt. Eventueel kan de KeyPad ook op een 12V voeding aangesloten worden. Geschikte voedingen zijn terug te vinden onder &#8216;Opties&#8217;.<\/p>\n<p>Ook deze keypad wordt weer volledig bediend met de applicatie van Ajax Systems. Zo is het mogelijk om op afstand coderingen te wijzigen en rechten van gebruikers aan te passen.<br \/>\nMocht het nodig zijn is het ook mogelijk om kaarten, Tags en smartphones op afstand te blokkeren.<br \/>\nDe reader werkt met maximaal 200 persoonlijke codes. Het is ook, afhankelijk van welk model HUB er gebruikt wordt, mogelijk om maximaal 99 persoonlijke codes aan te maken voor niet-geregistreerde personen.<\/p>\n<p>F\u00fcr weitere Spezifikationen empfehlen wir Ihnen, das Datenblatt zu konsultieren, das unter der Registerkarte \u201eDokumentation\u201c enthalten ist.<\/p>\n<p><strong>Wichtigste Funktionen<\/strong><\/p>\n<ul>\n<li>Toegangscontrole met Tag, kaart, Applicatie of codepaneel<\/li>\n<li>Frequentie Mifare DESFire\u00ae 13.56 MHz<\/li>\n<li>Maximaal 200 persoonlijke toegangscodes<\/li>\n<li>Maximaal 99 persoonlijke codes voor niet-geregistreerde personen<\/li>\n<li>Steuerung \u00fcber Ajax-Anwendung<\/li>\n<li>Functioneert enkel met HUB 2 (2G), HUB 2 (4G) en HUB 2 PLUS<\/li>\n<li>Functioneert enkel met signaalversterker ReX 2<\/li>\n<li>Mogelijkheid tot instellen van paniekcode<\/li>\n<li>2-Wege-Kommunikation<\/li>\n<li>Detectie van communicatie om de zesendertig seconden<\/li>\n<li>Resolutie 480&#215;854 pixels<\/li>\n<li>Inclusief 6 AA-batterijen, batterijen zijn uitgesloten van garantie<\/li>\n<li>Kann in einem Umkreis von bis zu 1700 Metern (Freifl\u00e4che) mit dem Ajax Hub verbunden werden.<\/li>\n<li>Eventuele voeding met 12V (niet meegeleverd)<\/li>\n<li>Wei\u00df<\/li>\n<\/ul>\n<p><a href=\"https:\/\/webstore4.com\/Copyright\/\" target=\"_blank\" rel=\"noopener\"><span style=\"color: #ff6e03; font-size: 11px;\">\u00a9 Der Text ist urheberrechtlich gesch\u00fctzt<\/span><\/a><\/p>","protected":false},"excerpt":{"rendered":"<p>De Ajax KeyPad TouchScreen Jeweller Wit is onderdeel van het Ajax Baseline alarmsysteem. Ajax is een toonaangevend bedrijf op het gebied van beveiligingsoplossingen. Met geavanceerde technologie\u00ebn en innovatieve producten bieden ze betrouwbare en effectieve beveiligingsoplossingen voor zowel particuliere als zakelijke klanten. Ajax systemen zijn eenvoudig te installeren en te bedienen, waardoor gebruikers een veilig gevoel<\/p>\n<div class=\"klb-readmore button\"><a class=\"btn link\" href=\"https:\/\/webstore4.com\/de\/product\/ajax-keypad-touchscreen-jeweller-wit\/\">Mehr lesen <i class=\"klbth-icon-right-arrow\"><\/i><\/a><\/div>","protected":false},"featured_media":15827,"comment_status":"open","ping_status":"closed","template":"","meta":[],"pwb-brand":[3408],"product_cat":[3466,4224,4263,4191,4193],"product_tag":[],"class_list":{"0":"post-11861","1":"product","2":"type-product","3":"status-publish","4":"has-post-thumbnail","6":"pwb-brand-ajax-systems","7":"product_cat-alarm","8":"product_cat-alarmsystemen","9":"product_cat-ajax-baseline","10":"product_cat-access","11":"product_cat-toegangscontrole-access","12":"product_shipping_class-pakket","13":"pa_aanbieding-sale","14":"pa_frequentie-tags-en-readers-mifare-13-56-mhz","15":"pa_kleur-wit","16":"pa_materiaal-kunststof","17":"pa_max-aantal-gebruikers-4516","18":"pa_merk-ajax-systems","19":"pa_montage-opbouw","20":"pa_omgeving-binnen","21":"pa_product-bediening","22":"pa_product-codepaneel","23":"pa_product-reader","24":"pa_product-status-a","25":"pa_stand-alone-nee","26":"pa_toegang-met-kaartlezer","27":"pa_toegang-met-keypad","28":"pa_voeding-12vdc","29":"pa_voeding-batterij","31":"first","32":"onbackorder","33":"sale","34":"taxable","35":"shipping-taxable","36":"purchasable","37":"product-type-simple"},"brands":[{"id":3408,"name":"Ajax Systems","slug":"ajax-systems"}],"_links":{"self":[{"href":"https:\/\/webstore4.com\/de\/wp-json\/wp\/v2\/product\/11861","targetHints":{"allow":["GET"]}}],"collection":[{"href":"https:\/\/webstore4.com\/de\/wp-json\/wp\/v2\/product"}],"about":[{"href":"https:\/\/webstore4.com\/de\/wp-json\/wp\/v2\/types\/product"}],"replies":[{"embeddable":true,"href":"https:\/\/webstore4.com\/de\/wp-json\/wp\/v2\/comments?post=11861"}],"wp:featuredmedia":[{"embeddable":true,"href":"https:\/\/webstore4.com\/de\/wp-json\/wp\/v2\/media\/15827"}],"wp:attachment":[{"href":"https:\/\/webstore4.com\/de\/wp-json\/wp\/v2\/media?parent=11861"}],"wp:term":[{"taxonomy":"pwb-brand","embeddable":true,"href":"https:\/\/webstore4.com\/de\/wp-json\/wp\/v2\/pwb-brand?post=11861"},{"taxonomy":"product_cat","embeddable":true,"href":"https:\/\/webstore4.com\/de\/wp-json\/wp\/v2\/product_cat?post=11861"},{"taxonomy":"product_tag","embeddable":true,"href":"https:\/\/webstore4.com\/de\/wp-json\/wp\/v2\/product_tag?post=11861"}],"curies":[{"name":"wp","href":"https:\/\/api.w.org\/{rel}","templated":true}]}}