{"id":11849,"date":"2023-10-09T13:21:40","date_gmt":"2023-10-09T11:21:40","guid":{"rendered":"https:\/\/webstore4.com\/?post_type=product&#038;p=11849"},"modified":"2024-04-19T15:16:40","modified_gmt":"2024-04-19T14:16:40","slug":"ajax-fireprotect-2-rb-wit-met-hitte-sensors-en-vervangbare-batterijen","status":"publish","type":"product","link":"https:\/\/webstore4.com\/de\/product\/ajax-fireprotect-2-rb-wit-met-hitte-sensors-en-vervangbare-batterijen\/","title":{"rendered":"Ajax FireProtect 2 RB White mit W\u00e4rmesensoren und austauschbaren Batterien"},"content":{"rendered":"<p>De Ajax FireProtect 2 RB Wit met hitte sensors en vervangbare batterijen is onderdeel van het Ajax Baseline alarmsysteem. Ajax is een toonaangevend bedrijf op het gebied van beveiligingsoplossingen. Met geavanceerde technologie\u00ebn en innovatieve producten bieden ze betrouwbare en effectieve beveiligingsoplossingen voor zowel particuliere als zakelijke klanten. Ajax systemen zijn eenvoudig te installeren en te bedienen, waardoor gebruikers een veilig gevoel hebben. Ajax Security Systems staat bekend om zijn hoogwaardige beveiligingsproducten die voldoen aan de strengste normen en eisen.<\/p>\n<p>Die App erm\u00f6glicht es, Benachrichtigungen \u00fcber Alarme und Ereignisse zu erhalten, Live-Videostreams anzusehen (sofern Kameras integriert sind) und den Status aller Sicherheitsger\u00e4te zu \u00fcberpr\u00fcfen. Die App bietet detaillierte Veranstaltungsinformationen und l\u00e4sst sich einfach \u00fcber mehrere Ger\u00e4te und Benutzer hinweg verwalten.<\/p>\n<p><strong>M\u00f6glichkeiten<\/strong><\/p>\n<p>De Ajax FireProtect 2 RB Wit beschermt de omgeving tegen brand en hitte. Deze draadloze hitte melder stuurt binnen een seconde een melding bij detectie van snelle tempratuurstijging en heeft een ingebouwd alarm met een volume van vijfentachtig decibel.<br \/>\nDas Ger\u00e4t verf\u00fcgt \u00fcber ein Jeweler-Funkprotokoll, das einen schnellen Informationsaustausch zwischen den verschiedenen Alarmkomponenten von Ajax erm\u00f6glicht.<\/p>\n<p>De Ajax FireProtect 2 RB Wit is een draadloos alarm die binnen een afstand van 1700 meter (open ruimte) van de centrale Hub gemonteerd kan worden. Deze afstand kan vergroot worden met signaalversterkers. De Ajax FireProtect 2 SB Wit functioneert op twee batterijen en een back-up batterij. De batterijen kunnen vervangen worden in dit model.<br \/>\nDer Ajax FireProtect 2 RB White verf\u00fcgt \u00fcber einen Manipulationsschutz und f\u00fchrt regelm\u00e4\u00dfig eine Selbsttestfunktion durch. Dank der Selbsttestfunktion \u00fcberpr\u00fcft sich das System selbst und etwaige Probleme werden sofort gemeldet. Die Sensoren sind durch eine patentierte Rauchkammer gut vor Staub und Schmutz gesch\u00fctzt. Daher muss dieses Modell nicht oft gereinigt werden.<\/p>\n<p>Dieses Produkt besteht aus dem Ajax FireProtect 2 RB White, inklusive Batterien und einer Montageplatte f\u00fcr eine m\u00f6gliche Halterung. Die entsprechende Klammer kann unter \u201eOptionen\u201c hinzugef\u00fcgt werden.<\/p>\n<p>F\u00fcr weitere Spezifikationen empfehlen wir Ihnen, das Datenblatt zu konsultieren, das unter der Registerkarte \u201eDokumentation\u201c enthalten ist.<\/p>\n<p><strong>Wichtigste Funktionen<\/strong><\/p>\n<ul>\n<li>Version mit austauschbaren Batterien<\/li>\n<li>Dieses Modell verf\u00fcgt nur \u00fcber W\u00e4rmesensoren usw <span style=\"color: #ff9900;\">NEIN<\/span> Rauch- und\/oder Kohlenmonoxidfunktion<\/li>\n<li>Funktioniert nur mit HUB PLUS, HUB 2 (2G), HUB 2 (4G) und HUB 2 PLUS<\/li>\n<li>Funktioniert mit den Signalverst\u00e4rkern ReX und ReX 2<\/li>\n<li>Steuerung \u00fcber Ajax-Anwendung<\/li>\n<li>Eingebaute Sirene<\/li>\n<li>2-Wege-Kommunikation<\/li>\n<li>Batterien im Lieferumfang enthalten, Batterien sind von der Garantie ausgeschlossen<\/li>\n<li>Kann in einem Umkreis von bis zu 1700 Metern (Freifl\u00e4che) mit dem Ajax Hub verbunden werden.<\/li>\n<li>Wei\u00df<\/li>\n<\/ul>\n<p><a href=\"https:\/\/www.webstore4ipcameras.nl\/Copyright\" target=\"_blank\" rel=\"noopener\"><span style=\"color: #ff6e03; font-size: 11px;\">\u00a9 Der Text ist urheberrechtlich gesch\u00fctzt<\/span><\/a><\/p>\n<p><iframe title=\"Ajax FireProtect 2: Pr\u00e4ziser Brandmelder durch Interferenzen\" width=\"960\" height=\"540\" src=\"https:\/\/www.youtube.com\/embed\/-wVQDdkJBfc?start=2&#038;feature=oembed&#038;enablejsapi=1&#038;origin=https:\/\/webstore4.com\" frameborder=\"0\" allow=\"accelerometer; autoplay; clipboard-write; encrypted-media; gyroscope; picture-in-picture; web-share\" allowfullscreen><\/iframe><\/p>","protected":false},"excerpt":{"rendered":"<p>De Ajax FireProtect 2 RB Wit met hitte sensors en vervangbare batterijen is onderdeel van het Ajax Baseline alarmsysteem. Ajax is een toonaangevend bedrijf op het gebied van beveiligingsoplossingen. Met geavanceerde technologie\u00ebn en innovatieve producten bieden ze betrouwbare en effectieve beveiligingsoplossingen voor zowel particuliere als zakelijke klanten. Ajax systemen zijn eenvoudig te installeren en te<\/p>\n<div class=\"klb-readmore button\"><a class=\"btn link\" href=\"https:\/\/webstore4.com\/de\/product\/ajax-fireprotect-2-rb-wit-met-hitte-sensors-en-vervangbare-batterijen\/\">Mehr lesen <i class=\"klbth-icon-right-arrow\"><\/i><\/a><\/div>","protected":false},"featured_media":11769,"comment_status":"open","ping_status":"closed","template":"","meta":[],"pwb-brand":[3408],"product_cat":[3466,4224,4263],"product_tag":[],"class_list":{"0":"post-11849","1":"product","2":"type-product","3":"status-publish","4":"has-post-thumbnail","6":"pwb-brand-ajax-systems","7":"product_cat-alarm","8":"product_cat-alarmsystemen","9":"product_cat-ajax-baseline","10":"product_shipping_class-pakket","11":"pa_detectie-met-hitte-sensoren","12":"pa_kleur-wit","13":"pa_merk-ajax-systems","14":"pa_product-branddetectie","15":"pa_voeding-vervangbare-batterij","17":"first","18":"onbackorder","19":"taxable","20":"shipping-taxable","21":"purchasable","22":"product-type-simple"},"brands":[{"id":3408,"name":"Ajax Systems","slug":"ajax-systems"}],"_links":{"self":[{"href":"https:\/\/webstore4.com\/de\/wp-json\/wp\/v2\/product\/11849","targetHints":{"allow":["GET"]}}],"collection":[{"href":"https:\/\/webstore4.com\/de\/wp-json\/wp\/v2\/product"}],"about":[{"href":"https:\/\/webstore4.com\/de\/wp-json\/wp\/v2\/types\/product"}],"replies":[{"embeddable":true,"href":"https:\/\/webstore4.com\/de\/wp-json\/wp\/v2\/comments?post=11849"}],"wp:featuredmedia":[{"embeddable":true,"href":"https:\/\/webstore4.com\/de\/wp-json\/wp\/v2\/media\/11769"}],"wp:attachment":[{"href":"https:\/\/webstore4.com\/de\/wp-json\/wp\/v2\/media?parent=11849"}],"wp:term":[{"taxonomy":"pwb-brand","embeddable":true,"href":"https:\/\/webstore4.com\/de\/wp-json\/wp\/v2\/pwb-brand?post=11849"},{"taxonomy":"product_cat","embeddable":true,"href":"https:\/\/webstore4.com\/de\/wp-json\/wp\/v2\/product_cat?post=11849"},{"taxonomy":"product_tag","embeddable":true,"href":"https:\/\/webstore4.com\/de\/wp-json\/wp\/v2\/product_tag?post=11849"}],"curies":[{"name":"wp","href":"https:\/\/api.w.org\/{rel}","templated":true}]}}