{"id":11722,"date":"2023-10-05T14:41:55","date_gmt":"2023-10-05T12:41:55","guid":{"rendered":"https:\/\/webstore4.com\/?post_type=product&#038;p=11722"},"modified":"2025-08-21T10:51:14","modified_gmt":"2025-08-21T09:51:14","slug":"ajax-hub-2-plus-wit-met-2x-4g-gsm-wi-fi-en-lan","status":"publish","type":"product","link":"https:\/\/webstore4.com\/de\/product\/ajax-hub-2-plus-wit-met-2x-4g-gsm-wi-fi-en-lan\/","title":{"rendered":"Ajax Hub 2 PLUS Wei\u00df mit 2x 4G GSM, WI-FI und LAN"},"content":{"rendered":"<p>Der Ajax Hub 2 PLUS White ist Teil des Ajax Baseline-Alarmsystems. Ajax ist ein f\u00fchrendes Unternehmen im Bereich Sicherheitsl\u00f6sungen. Mit fortschrittlichen Technologien und innovativen Produkten bieten sie zuverl\u00e4ssige und effektive Sicherheitsl\u00f6sungen f\u00fcr Privat- und Gesch\u00e4ftskunden. Ajax-Systeme sind einfach zu installieren und zu bedienen und geben den Benutzern ein Gef\u00fchl der Sicherheit. Ajax Security Systems ist bekannt f\u00fcr seine hochwertigen Sicherheitsprodukte, die die strengsten Standards und Anforderungen erf\u00fcllen.<\/p>\n<p>Die App erm\u00f6glicht es, Benachrichtigungen \u00fcber Alarme und Ereignisse zu erhalten, Live-Videostreams anzusehen (sofern Kameras integriert sind) und den Status aller Sicherheitsger\u00e4te zu \u00fcberpr\u00fcfen. Die App bietet detaillierte Veranstaltungsinformationen und l\u00e4sst sich einfach \u00fcber mehrere Ger\u00e4te und Benutzer hinweg verwalten.<\/p>\n<p><strong>M\u00f6glichkeiten<\/strong><\/p>\n<p>Der Ajax Hub 2 PLUS White geh\u00f6rt zu den anderen Sicherheitsger\u00e4ten von Ajax. Diese zentrale Einheit ist der Punkt, der mit der kostenlosen Ajax-Anwendung kommuniziert.<br \/>\nMit der App k\u00f6nnen Sie das Sicherheitssystem einfach verwalten und Ihren Raum \u00fcberwachen. Die anderen Komponenten des Ajax-Sicherheitssystems sind im Umkreis von 2000 Metern mit dem zentralen Hub verbunden. Der Hub meldet die Alarme per Push-Benachrichtigung, SMS oder Telefonanruf.<br \/>\nNach einem Stromausfall l\u00e4uft der Hub noch etwa 15 Stunden lang mit der Notstrombatterie weiter. Wenn die Stromversorgung versehentlich entfernt wird, wird der Alarm aktiviert.<\/p>\n<p>Der Ajax Hub 2 Black 4G ist eine fortschrittlichere und leistungsst\u00e4rkere Version des urspr\u00fcnglichen Ajax Hub. Der Unterschied zwischen dem Hub und dem Hub 2 liegt in mehreren Elementen.<br \/>\nBeispielsweise verf\u00fcgt der Ajax Hub 2 PLUS Black \u00fcber mehr Softwarefunktionalit\u00e4ten als sein Vorg\u00e4nger. Es ist m\u00f6glich, hundert Kameras und\/oder DVRs anzuschlie\u00dfen. Aufgrund der Funktion der vier Antennen und der Unterst\u00fctzung der Funkprotokolle Jeweler und Wings ist bei diesem Modell auch eine garantierte Alarmbest\u00e4tigung und visuelle Alarm\u00fcberpr\u00fcfung gew\u00e4hrleistet.<\/p>\n<p>Der Ajax Hub 2 PLUS White verf\u00fcgt au\u00dferdem \u00fcber zwei SIM-Kartensteckpl\u00e4tze und die Option f\u00fcr ein Ethernet-Kabel. Der Hub 2 PLUS White kann daher gleichzeitig mit drei Internetanbietern verbunden werden \u2013 \u00fcber ein Ethernet-Kabel sowie mobiles 4G und LTE. Der automatische Kanalwechsel dauert einige Sekunden. Dies erh\u00f6ht die Zuverl\u00e4ssigkeit. Der Ajax Hub 2 PLUS verf\u00fcgt auch \u00fcber WLAN, was der Ajax Hub 2 nicht hat.<\/p>\n<p>Der Ajax Hub 2 PLUS Black unterst\u00fctzt bis zu 200 Ger\u00e4te. Der Ajax Hub 2 PLUS Black unterst\u00fctzt den Anschluss von f\u00fcnf Signalverst\u00e4rkern und kann mit 200 Benutzern arbeiten. Dar\u00fcber hinaus unterst\u00fctzt der Ajax Hub 2 PLUS 25 Sicherheitsgruppen und es ist m\u00f6glich, 64 Szenarien zu erstellen. Die PLUS-Variante bietet daher viel zus\u00e4tzlichen Komfort.<\/p>\n<p>Zum Vergleich der verschiedenen Ajax-Kraftwerke verweisen wir auf den Vergleichslink in der Dokumentation.<br \/>\nF\u00fcr weitere Spezifikationen empfehlen wir Ihnen, das Datenblatt zu konsultieren, das unter der Registerkarte \u201eDokumentation\u201c enthalten ist.<\/p>\n<p><strong>Wichtigste Funktionen<\/strong><\/p>\n<ul>\n<li>4G-Verbindung m\u00f6glich<\/li>\n<li>WI-FI 802.11 b\/g\/n-Modul<\/li>\n<li>Steuerung \u00fcber Ajax-Anwendung<\/li>\n<li>Zwei SIM-Kartensteckpl\u00e4tze<\/li>\n<li>Anschluss f\u00fcr 200 Ger\u00e4te m\u00f6glich<\/li>\n<li>Maximal 200 Benutzer<\/li>\n<li>Kann an IP-Kameras angeschlossen werden<\/li>\n<li>Kompatibel mit Ajax MotionCam<\/li>\n<li>Batterien im Lieferumfang enthalten, Batterien sind von der Garantie ausgeschlossen<\/li>\n<li>Kann in einem Umkreis von bis zu 2000 Metern an das Ajax-System angeschlossen werden.<\/li>\n<li>Wei\u00df<\/li>\n<li><b>Dieses Produkt ist von der R\u00fcckgabe ausgeschlossen. Denn das Protokoll (nach der Registrierung) kann nicht gel\u00f6scht werden.<\/b><\/li>\n<\/ul>\n<p><a href=\"https:\/\/www.webstore4ipcameras.nl\/Copyright\" target=\"_blank\" rel=\"noopener\"><span style=\"color: #ff6e03; font-size: 11px;\">\u00a9 Der Text ist urheberrechtlich gesch\u00fctzt<\/span><\/a><\/p>\n<p><iframe title=\"Hub 2 Plus: der neue Standard f\u00fcr Bedienfelder f\u00fcr Sicherheitssysteme\" width=\"960\" height=\"540\" src=\"https:\/\/www.youtube.com\/embed\/WquVI7jj6b0?feature=oembed&#038;enablejsapi=1&#038;origin=https:\/\/webstore4.com\" frameborder=\"0\" allow=\"accelerometer; autoplay; clipboard-write; encrypted-media; gyroscope; picture-in-picture; web-share\" referrerpolicy=\"strict-origin-when-cross-origin\" allowfullscreen><\/iframe><\/p>","protected":false},"excerpt":{"rendered":"<p>De Ajax Hub 2 PLUS Wit is onderdeel van het Ajax Baseline alarmsysteem. Ajax is een toonaangevend bedrijf op het gebied van beveiligingsoplossingen. Met geavanceerde technologie\u00ebn en innovatieve producten bieden ze betrouwbare en effectieve beveiligingsoplossingen voor zowel particuliere als zakelijke klanten. Ajax systemen zijn eenvoudig te installeren en te bedienen, waardoor gebruikers een veilig gevoel<\/p>\n<div class=\"klb-readmore button\"><a class=\"btn link\" href=\"https:\/\/webstore4.com\/de\/product\/ajax-hub-2-plus-wit-met-2x-4g-gsm-wi-fi-en-lan\/\">Mehr lesen <i class=\"klbth-icon-right-arrow\"><\/i><\/a><\/div>","protected":false},"featured_media":11706,"comment_status":"closed","ping_status":"closed","template":"","meta":[],"pwb-brand":[3408],"product_cat":[3466,4224,4263],"product_tag":[],"class_list":{"0":"post-11722","1":"product","2":"type-product","3":"status-publish","4":"has-post-thumbnail","6":"pwb-brand-ajax-systems","7":"product_cat-alarm","8":"product_cat-alarmsystemen","9":"product_cat-ajax-baseline","10":"product_shipping_class-pakket","11":"pa_aanbieding-sale","12":"pa_kleur-wit","13":"pa_max-aantal-gebruikers-4516","14":"pa_merk-ajax-systems","15":"pa_product-centrale","17":"first","18":"onbackorder","19":"sale","20":"taxable","21":"shipping-taxable","22":"purchasable","23":"product-type-simple"},"brands":[{"id":3408,"name":"Ajax Systems","slug":"ajax-systems"}],"_links":{"self":[{"href":"https:\/\/webstore4.com\/de\/wp-json\/wp\/v2\/product\/11722","targetHints":{"allow":["GET"]}}],"collection":[{"href":"https:\/\/webstore4.com\/de\/wp-json\/wp\/v2\/product"}],"about":[{"href":"https:\/\/webstore4.com\/de\/wp-json\/wp\/v2\/types\/product"}],"replies":[{"embeddable":true,"href":"https:\/\/webstore4.com\/de\/wp-json\/wp\/v2\/comments?post=11722"}],"wp:featuredmedia":[{"embeddable":true,"href":"https:\/\/webstore4.com\/de\/wp-json\/wp\/v2\/media\/11706"}],"wp:attachment":[{"href":"https:\/\/webstore4.com\/de\/wp-json\/wp\/v2\/media?parent=11722"}],"wp:term":[{"taxonomy":"pwb-brand","embeddable":true,"href":"https:\/\/webstore4.com\/de\/wp-json\/wp\/v2\/pwb-brand?post=11722"},{"taxonomy":"product_cat","embeddable":true,"href":"https:\/\/webstore4.com\/de\/wp-json\/wp\/v2\/product_cat?post=11722"},{"taxonomy":"product_tag","embeddable":true,"href":"https:\/\/webstore4.com\/de\/wp-json\/wp\/v2\/product_tag?post=11722"}],"curies":[{"name":"wp","href":"https:\/\/api.w.org\/{rel}","templated":true}]}}