{"id":11705,"date":"2023-10-04T17:26:30","date_gmt":"2023-10-04T15:26:30","guid":{"rendered":"https:\/\/webstore4.com\/?post_type=product&#038;p=11705"},"modified":"2024-04-19T15:16:19","modified_gmt":"2024-04-19T14:16:19","slug":"ajax-hub-plus-wit-met-2x-2g-gsm-wi-fi-en-lan","status":"publish","type":"product","link":"https:\/\/webstore4.com\/de\/product\/ajax-hub-plus-wit-met-2x-2g-gsm-wi-fi-en-lan\/","title":{"rendered":"Ajax Hub PLUS Wei\u00df mit 2x 2G GSM, WLAN und LAN"},"content":{"rendered":"<p>Ajax ist ein f\u00fchrendes Unternehmen im Bereich Sicherheitsl\u00f6sungen. Mit fortschrittlichen Technologien und innovativen Produkten bieten sie zuverl\u00e4ssige und effektive Sicherheitsl\u00f6sungen f\u00fcr Privat- und Gesch\u00e4ftskunden. Ajax-Systeme sind einfach zu installieren und zu bedienen und geben den Benutzern ein Gef\u00fchl der Sicherheit. Ajax Security Systems ist bekannt f\u00fcr seine hochwertigen Sicherheitsprodukte, die die strengsten Standards und Anforderungen erf\u00fcllen.<\/p>\n<p><strong>Vanaf 1 maart 2024 wordt dit product niet meer geproduceerd door Ajax. Het product is momenteel nog verkrijgbaar.\u00a0<\/strong><\/p>\n<p>Die App erm\u00f6glicht es, Benachrichtigungen \u00fcber Alarme und Ereignisse zu erhalten, Live-Videostreams anzusehen (sofern Kameras integriert sind) und den Status aller Sicherheitsger\u00e4te zu \u00fcberpr\u00fcfen. Die App bietet detaillierte Veranstaltungsinformationen und l\u00e4sst sich einfach \u00fcber mehrere Ger\u00e4te und Benutzer hinweg verwalten.<\/p>\n<p><strong>M\u00f6glichkeiten<\/strong><\/p>\n<p>Der Ajax Hub White funktioniert drahtlos zwischen den anderen Sicherheitsger\u00e4ten von Ajax. Diese zentrale Einheit ist der Punkt, der mit der kostenlosen Ajax-Anwendung kommuniziert. Mit der App k\u00f6nnen Sie das Sicherheitssystem einfach verwalten und Ihren Raum \u00fcberwachen. Alle zw\u00f6lf Sekunden pr\u00fcft der Hub die Funktionsf\u00e4higkeit der Melder.<br \/>\nDie anderen Komponenten des Ajax-Sicherheitssystems sind in einer Entfernung von 2000 Metern in einem offenen Bereich mit dem zentralen Hub verbunden. Der Hub meldet dem Nutzer die Alarme per Push-Benachrichtigung, SMS oder Telefonanruf in wenigen Millisekunden.<\/p>\n<p>Der Ajax Hub White funktioniert \u00fcber eine LAN-Verbindung und verf\u00fcgt als Backup \u00fcber eine 2G-GSM-Option. Nach einem Stromausfall l\u00e4uft der Hub noch etwa 15 Stunden lang mit der Notstrombatterie weiter. Bei versehentlichem Entfernen der Stromversorgung wird der 85-Dezibel-Alarm aktiviert.<br \/>\nDer Ajax Hub White unterst\u00fctzt bis zu 100 Ger\u00e4te und verf\u00fcgt \u00fcber Manipulationsschutz. Dar\u00fcber hinaus ist der Ajax Hub White auf Softwareebene gegen Viren gesch\u00fctzt.<br \/>\nBei diesem Modell gibt es keine garantierte Best\u00e4tigung von Alarmmeldungen und keine visuelle Alarm\u00fcberpr\u00fcfung, da dieses Modell noch nicht \u00fcber ein Jeweler and Wings-Funkprotokoll verf\u00fcgt. Dieses Modell verf\u00fcgt nur \u00fcber Jeweler als Funkprotokoll. Der Ajax Hub White unterst\u00fctzt keine Szenarien basierend auf Temperatur, Luftfeuchtigkeit und CO\u2082-Konzentration.<\/p>\n<p>Die Hauptunterschiede zwischen dem Ajax Hub und dem Ajax Hub PLUS bestehen darin, dass der Ajax Hub PLUS \u00fcber WLAN und zwei SIM-Kartensteckpl\u00e4tze verf\u00fcgt und f\u00fcnfzig weitere Ger\u00e4te anschlie\u00dfen kann. Dar\u00fcber hinaus bietet der Ajax Hub PLUS die M\u00f6glichkeit, f\u00fcnf Signalverst\u00e4rker anzuschlie\u00dfen, wodurch die Reichweite deutlich erh\u00f6ht werden kann. Es ist m\u00f6glich, f\u00fcnfzig Benutzer hinzuzuf\u00fcgen. Zum Vergleich der verschiedenen Ajax-Kraftwerke verweisen wir auf den Vergleichslink in der Dokumentation.<\/p>\n<p>F\u00fcr weitere Spezifikationen empfehlen wir Ihnen, das Datenblatt zu konsultieren, das unter der Registerkarte \u201eDokumentation\u201c enthalten ist.<\/p>\n<p><strong>Wichtigste Funktionen<\/strong><\/p>\n<ul>\n<li>Steuerung \u00fcber Ajax-Anwendung<\/li>\n<li>2 SIM-Kartensteckpl\u00e4tze zur Sicherung der LAN-Verbindung<\/li>\n<li>Anschluss f\u00fcr 150 Ger\u00e4te m\u00f6glich<\/li>\n<li>Maximal 100 Benutzer<\/li>\n<li>Einfach zu installieren<\/li>\n<li>Anschlie\u00dfbar an 50 IP-Kameras<\/li>\n<li>Batterien im Lieferumfang enthalten, Batterien sind von der Garantie ausgeschlossen<\/li>\n<li>Kann in einem Umkreis von bis zu 2000 Metern an das Ajax-System angeschlossen werden.<\/li>\n<li>M\u00f6glichkeit zur Signalerweiterung mit bis zu f\u00fcnf Signalverst\u00e4rkern.<\/li>\n<li>Einschlie\u00dflich Ern\u00e4hrung<\/li>\n<li>Kann direkt mit einem Ethernet-Kabel angeschlossen werden<\/li>\n<li>Wei\u00df<\/li>\n<li><b>Dieses Produkt ist von der R\u00fcckgabe ausgeschlossen. Denn das Protokoll (nach der Registrierung) kann nicht gel\u00f6scht werden.<\/b><\/li>\n<\/ul>\n<p><a href=\"https:\/\/www.webstore4ipcameras.nl\/Copyright\" target=\"_blank\" rel=\"noopener\"><span style=\"color: #ff6e03; font-size: 11px;\">\u00a9 Der Text ist urheberrechtlich gesch\u00fctzt<\/span><\/a><\/p>","protected":false},"excerpt":{"rendered":"<p>Ajax is een toonaangevend bedrijf op het gebied van beveiligingsoplossingen. Met geavanceerde technologie\u00ebn en innovatieve producten bieden ze betrouwbare en effectieve beveiligingsoplossingen voor zowel particuliere als zakelijke klanten. Ajax systemen zijn eenvoudig te installeren en te bedienen, waardoor gebruikers een veilig gevoel hebben. Ajax Security Systems staat bekend om zijn hoogwaardige beveiligingsproducten die voldoen aan<\/p>\n<div class=\"klb-readmore button\"><a class=\"btn link\" href=\"https:\/\/webstore4.com\/de\/product\/ajax-hub-plus-wit-met-2x-2g-gsm-wi-fi-en-lan\/\">Mehr lesen <i class=\"klbth-icon-right-arrow\"><\/i><\/a><\/div>","protected":false},"featured_media":11706,"comment_status":"closed","ping_status":"closed","template":"","meta":[],"pwb-brand":[3408],"product_cat":[3466,4224,4263],"product_tag":[],"class_list":{"0":"post-11705","1":"product","2":"type-product","3":"status-publish","4":"has-post-thumbnail","6":"pwb-brand-ajax-systems","7":"product_cat-alarm","8":"product_cat-alarmsystemen","9":"product_cat-ajax-baseline","10":"product_shipping_class-pakket","11":"pa_kleur-wit","12":"pa_max-aantal-gebruikers-3835","13":"pa_merk-ajax-systems","14":"pa_product-centrale","16":"first","17":"onbackorder","18":"taxable","19":"shipping-taxable","20":"purchasable","21":"product-type-simple"},"brands":[{"id":3408,"name":"Ajax Systems","slug":"ajax-systems"}],"_links":{"self":[{"href":"https:\/\/webstore4.com\/de\/wp-json\/wp\/v2\/product\/11705","targetHints":{"allow":["GET"]}}],"collection":[{"href":"https:\/\/webstore4.com\/de\/wp-json\/wp\/v2\/product"}],"about":[{"href":"https:\/\/webstore4.com\/de\/wp-json\/wp\/v2\/types\/product"}],"replies":[{"embeddable":true,"href":"https:\/\/webstore4.com\/de\/wp-json\/wp\/v2\/comments?post=11705"}],"wp:featuredmedia":[{"embeddable":true,"href":"https:\/\/webstore4.com\/de\/wp-json\/wp\/v2\/media\/11706"}],"wp:attachment":[{"href":"https:\/\/webstore4.com\/de\/wp-json\/wp\/v2\/media?parent=11705"}],"wp:term":[{"taxonomy":"pwb-brand","embeddable":true,"href":"https:\/\/webstore4.com\/de\/wp-json\/wp\/v2\/pwb-brand?post=11705"},{"taxonomy":"product_cat","embeddable":true,"href":"https:\/\/webstore4.com\/de\/wp-json\/wp\/v2\/product_cat?post=11705"},{"taxonomy":"product_tag","embeddable":true,"href":"https:\/\/webstore4.com\/de\/wp-json\/wp\/v2\/product_tag?post=11705"}],"curies":[{"name":"wp","href":"https:\/\/api.w.org\/{rel}","templated":true}]}}