{"id":11701,"date":"2023-10-04T17:01:53","date_gmt":"2023-10-04T15:01:53","guid":{"rendered":"https:\/\/webstore4.com\/?post_type=product&#038;p=11701"},"modified":"2024-11-30T12:58:49","modified_gmt":"2024-11-30T11:58:49","slug":"ajax-hub-zwart-met-1x-2g-gsm-en-lan-kopie","status":"publish","type":"product","link":"https:\/\/webstore4.com\/de\/product\/ajax-hub-zwart-met-1x-2g-gsm-en-lan-kopie\/","title":{"rendered":"Ajax Hub Schwarz mit 1x 2G GSM und LAN"},"content":{"rendered":"<p>De Ajax Hub is een zwarte hub die de centrale vormt van het Ajax alarmsysteem. Ajax is een toonaangevend bedrijf op het gebied van beveiligingsoplossingen. Met geavanceerde technologie\u00ebn en innovatieve producten bieden ze betrouwbare en effectieve beveiligingsoplossingen voor zowel particuliere als zakelijke klanten. Ajax systemen zijn eenvoudig te installeren en te bedienen, waardoor gebruikers een veilig gevoel hebben. Ajax Security Systems staat bekend om zijn hoogwaardige beveiligingsproducten die voldoen aan de strengste normen en eisen.<\/p>\n<p>Die App erm\u00f6glicht es, Benachrichtigungen \u00fcber Alarme und Ereignisse zu erhalten, Live-Videostreams anzusehen (sofern Kameras integriert sind) und den Status aller Sicherheitsger\u00e4te zu \u00fcberpr\u00fcfen. Die App bietet detaillierte Veranstaltungsinformationen und l\u00e4sst sich einfach \u00fcber mehrere Ger\u00e4te und Benutzer hinweg verwalten.<\/p>\n<p><strong>M\u00f6glichkeiten<\/strong><\/p>\n<p>Der Ajax Hub White funktioniert drahtlos zwischen den anderen Sicherheitsger\u00e4ten von Ajax. Diese zentrale Einheit ist der Punkt, der mit der kostenlosen Ajax-Anwendung kommuniziert. Mit der App k\u00f6nnen Sie das Sicherheitssystem einfach verwalten und Ihren Raum \u00fcberwachen. Alle zw\u00f6lf Sekunden pr\u00fcft der Hub die Funktionsf\u00e4higkeit der Melder.<br \/>\nDie anderen Komponenten des Ajax-Sicherheitssystems sind in einer Entfernung von 2000 Metern in einem offenen Bereich mit dem zentralen Hub verbunden. Der Hub meldet dem Nutzer die Alarme per Push-Benachrichtigung, SMS oder Telefonanruf in wenigen Millisekunden.<\/p>\n<p>Der Ajax Hub White funktioniert \u00fcber eine LAN-Verbindung und verf\u00fcgt als Backup \u00fcber eine 2G-GSM-Option. Nach einem Stromausfall l\u00e4uft der Hub noch etwa 15 Stunden lang mit der Notstrombatterie weiter. Bei versehentlichem Entfernen der Stromversorgung wird der 85-Dezibel-Alarm aktiviert.<br \/>\nDer Ajax Hub Black unterst\u00fctzt bis zu 100 Ger\u00e4te und verf\u00fcgt \u00fcber Manipulationsschutz. Dar\u00fcber hinaus ist der Ajax Hub Black auf Softwareebene gegen Viren gesch\u00fctzt.<br \/>\nBei diesem Modell gibt es keine garantierte Best\u00e4tigung von Alarmmeldungen und keine visuelle Alarm\u00fcberpr\u00fcfung, da dieses Modell noch nicht \u00fcber ein Jeweler and Wings-Funkprotokoll verf\u00fcgt. Dieses Modell verf\u00fcgt nur \u00fcber Jeweler als Funkprotokoll. Der Ajax Hub White unterst\u00fctzt keine Szenarien basierend auf Temperatur, Luftfeuchtigkeit und CO\u2082-Konzentration.<\/p>\n<p>Zum Vergleich der verschiedenen Ajax-Kraftwerke verweisen wir auf den Vergleichslink in der Dokumentation.<br \/>\nF\u00fcr weitere Spezifikationen empfehlen wir Ihnen, das Datenblatt zu konsultieren, das unter der Registerkarte \u201eDokumentation\u201c enthalten ist.<\/p>\n<p><strong>Wichtigste Funktionen<\/strong><\/p>\n<ul>\n<li>Steuerung \u00fcber Ajax-Anwendung<\/li>\n<li>SIM-Kartensteckplatz zur Sicherung der LAN-Verbindung<\/li>\n<li>Anschluss f\u00fcr 100 Ger\u00e4te m\u00f6glich<\/li>\n<li>Maximal 10 Benutzer<\/li>\n<li>Einfach zu installieren<\/li>\n<li>Kann an IP-Kameras angeschlossen werden<\/li>\n<li>Batterien im Lieferumfang enthalten, Batterien sind von der Garantie ausgeschlossen<\/li>\n<li>Kann im Umkreis von bis zu 2000 Metern (Freifl\u00e4che) an das Ajax-System angeschlossen werden.<\/li>\n<li>Einschlie\u00dflich Ern\u00e4hrung<\/li>\n<li>Schwarz<\/li>\n<li><b>Dieses Produkt ist von der R\u00fcckgabe ausgeschlossen. Denn das Protokoll (nach der Registrierung) kann nicht gel\u00f6scht werden.<\/b><\/li>\n<\/ul>\n<p><a href=\"https:\/\/webstore4.com\/Copyright\/\" target=\"_blank\" rel=\"noopener\"><span style=\"color: #ff6e03; font-size: 11px;\">\u00a9 Der Text ist urheberrechtlich gesch\u00fctzt<\/span><\/a><\/p>","protected":false},"excerpt":{"rendered":"<p>De Ajax Hub is een zwarte hub die de centrale vormt van het Ajax alarmsysteem. Ajax is een toonaangevend bedrijf op het gebied van beveiligingsoplossingen. Met geavanceerde technologie\u00ebn en innovatieve producten bieden ze betrouwbare en effectieve beveiligingsoplossingen voor zowel particuliere als zakelijke klanten. Ajax systemen zijn eenvoudig te installeren en te bedienen, waardoor gebruikers een<\/p>\n<div class=\"klb-readmore button\"><a class=\"btn link\" href=\"https:\/\/webstore4.com\/de\/product\/ajax-hub-zwart-met-1x-2g-gsm-en-lan-kopie\/\">Mehr lesen <i class=\"klbth-icon-right-arrow\"><\/i><\/a><\/div>","protected":false},"featured_media":17877,"comment_status":"open","ping_status":"closed","template":"","meta":[],"pwb-brand":[3408],"product_cat":[3466,4224,4263],"product_tag":[],"class_list":{"0":"post-11701","1":"product","2":"type-product","3":"status-publish","4":"has-post-thumbnail","6":"pwb-brand-ajax-systems","7":"product_cat-alarm","8":"product_cat-alarmsystemen","9":"product_cat-ajax-baseline","10":"product_shipping_class-pakket","11":"pa_kleur-zwart","12":"pa_max-aantal-gebruikers-4515","13":"pa_merk-ajax-systems","14":"pa_product-centrale","16":"first","17":"instock","18":"taxable","19":"shipping-taxable","20":"purchasable","21":"product-type-simple"},"brands":[{"id":3408,"name":"Ajax Systems","slug":"ajax-systems"}],"_links":{"self":[{"href":"https:\/\/webstore4.com\/de\/wp-json\/wp\/v2\/product\/11701","targetHints":{"allow":["GET"]}}],"collection":[{"href":"https:\/\/webstore4.com\/de\/wp-json\/wp\/v2\/product"}],"about":[{"href":"https:\/\/webstore4.com\/de\/wp-json\/wp\/v2\/types\/product"}],"replies":[{"embeddable":true,"href":"https:\/\/webstore4.com\/de\/wp-json\/wp\/v2\/comments?post=11701"}],"wp:featuredmedia":[{"embeddable":true,"href":"https:\/\/webstore4.com\/de\/wp-json\/wp\/v2\/media\/17877"}],"wp:attachment":[{"href":"https:\/\/webstore4.com\/de\/wp-json\/wp\/v2\/media?parent=11701"}],"wp:term":[{"taxonomy":"pwb-brand","embeddable":true,"href":"https:\/\/webstore4.com\/de\/wp-json\/wp\/v2\/pwb-brand?post=11701"},{"taxonomy":"product_cat","embeddable":true,"href":"https:\/\/webstore4.com\/de\/wp-json\/wp\/v2\/product_cat?post=11701"},{"taxonomy":"product_tag","embeddable":true,"href":"https:\/\/webstore4.com\/de\/wp-json\/wp\/v2\/product_tag?post=11701"}],"curies":[{"name":"wp","href":"https:\/\/api.w.org\/{rel}","templated":true}]}}