{"id":11671,"date":"2023-10-03T17:59:20","date_gmt":"2023-10-03T15:59:20","guid":{"rendered":"https:\/\/webstore4.com\/?post_type=product&#038;p=11671"},"modified":"2025-02-19T05:22:11","modified_gmt":"2025-02-19T04:22:11","slug":"ajax-hub-2-wit-met-2x-2g-gsm-en-lan","status":"publish","type":"product","link":"https:\/\/webstore4.com\/de\/product\/ajax-hub-2-wit-met-2x-2g-gsm-en-lan\/","title":{"rendered":"Ajax Hub 2 Wei\u00df mit 2x 2G GSM und LAN"},"content":{"rendered":"<p>Ajax ist ein f\u00fchrendes Unternehmen im Bereich Sicherheitsl\u00f6sungen. Mit fortschrittlichen Technologien und innovativen Produkten bieten sie zuverl\u00e4ssige und effektive Sicherheitsl\u00f6sungen f\u00fcr Privat- und Gesch\u00e4ftskunden. Ajax-Systeme sind einfach zu installieren und zu bedienen und geben den Benutzern ein Gef\u00fchl der Sicherheit. Ajax Security Systems ist bekannt f\u00fcr seine hochwertigen Sicherheitsprodukte, die die strengsten Standards und Anforderungen erf\u00fcllen.<\/p>\n<p>Die App erm\u00f6glicht es, Benachrichtigungen \u00fcber Alarme und Ereignisse zu erhalten, Live-Videostreams anzusehen (sofern Kameras integriert sind) und den Status aller Sicherheitsger\u00e4te zu \u00fcberpr\u00fcfen. Die App bietet detaillierte Veranstaltungsinformationen und l\u00e4sst sich einfach \u00fcber mehrere Ger\u00e4te und Benutzer hinweg verwalten.<\/p>\n<p><strong>M\u00f6glichkeiten<\/strong><\/p>\n<p>De Ajax Hub 2 Wit functioneert draadloos tussen de andere beveiligingsapparatuur van Ajax. Deze centrale eenheid is het punt wat met de gratis applicatie van Ajax communiceert. Met de app kan het beveiligingssysteem eenvoudig worden beheerd en je ruimte worden bewaakt. De overige componenten van het Ajax beveiligingssysteem worden verbonden met de centrale hub binnen een afstand van 2000 meter. De hub meldt de alarmen via push meldingen, sms of telefoongesprek binnen enkele milliseconden.<br \/>\nDe Hub werkt na stroomuitval nog ongeveer 15 uur op een batterij back-up. Bij het ongewenst verwijderen van de voeding wordt het alarm van 85 decibel geactiveerd.<\/p>\n<p>Der Ajax Hub 2 Black 4G ist eine fortschrittlichere und leistungsst\u00e4rkere Version des urspr\u00fcnglichen Ajax Hub. Der Unterschied zwischen dem Hub und dem Hub 2 liegt in mehreren Elementen.<br \/>\nBeispielsweise verf\u00fcgt der Ajax Hub 2 Black \u00fcber mehr Softwarefunktionalit\u00e4ten als sein Vorg\u00e4nger. Die Software wurde angepasst, um Viren und Cyberangriffen k\u00fcnftig weitestgehend vorzubeugen. Durch die Funktion der vier Antennen und die Unterst\u00fctzung der Funkprotokolle Jeweler und Wings ist eine Alarmbest\u00e4tigung und eine visuelle Alarm\u00fcberpr\u00fcfung gew\u00e4hrleistet.<br \/>\nDe Ajax Hub 2 Wit heeft twee simkaartgleuven en mogelijkheid voor een enthernetkabel. De Ajax Hub 2 Wit kan dus gelijktijdig worden verbonden met drie internetproviders \u2014 via een ethernetkabel en mobiele 2G-, 3G- en LTE. Het automatisch omschakelen tussen kanalen duurt enkele seconden. Dit verhoogd de betrouwbaarheid.<\/p>\n<p>Der Ajax Hub unterst\u00fctzt bis zu 100 Ger\u00e4te. Der Ajax Hub 2 Black 4G unterst\u00fctzt bis zu 150 Ger\u00e4te und der Ajax Hub 2 Black 4G bietet zudem die M\u00f6glichkeit, bis zu f\u00fcnf Signalverst\u00e4rker anzuschlie\u00dfen. Dadurch kann der Ajax Hub 2 4G mehrere Etagen in einem Geb\u00e4ude abdecken. Der Ajax Hub 2 Black 4G verf\u00fcgt au\u00dferdem \u00fcber einen Manipulationsschutz.<\/p>\n<p>Voor het vergelijken van de verschillende centrales van Ajax verwijzen we naar de vergelijkingslink in de documentatie. Wij adviseren de datasheet, die ook is opgenomen onder het tabblad &#8216;Documentatie&#8217;, te raadplegen voor de overige specificaties.<\/p>\n<p><strong>Wichtigste Funktionen<\/strong><\/p>\n<ul>\n<li>Steuerung \u00fcber Ajax-Anwendung<\/li>\n<li>Zwei SIM-Kartensteckpl\u00e4tze<\/li>\n<li>Verbesserte Software im Vergleich zum Hub<\/li>\n<li>Anschluss f\u00fcr 150 Ger\u00e4te m\u00f6glich<\/li>\n<li>Maximal 50 Benutzer<\/li>\n<li>Kann an IP-Kameras angeschlossen werden<\/li>\n<li>Kompatibel mit Ajax MotionCam<\/li>\n<li>Batterien im Lieferumfang enthalten, Batterien sind von der Garantie ausgeschlossen<\/li>\n<li>Met het Ajax systeem te verbinden binnen een straal van maximaal 2000 meter<\/li>\n<li>Einschlie\u00dflich Ern\u00e4hrung<\/li>\n<li>Wei\u00df<\/li>\n<li><b>Dieses Produkt ist von der R\u00fcckgabe ausgeschlossen. Denn das Protokoll (nach der Registrierung) kann nicht gel\u00f6scht werden.<\/b><\/li>\n<\/ul>\n<p><a href=\"https:\/\/www.webstore4ipcameras.nl\/Copyright\" target=\"_blank\" rel=\"noopener\"><span style=\"color: #ff6e03; font-size: 11px;\">\u00a9 Der Text ist urheberrechtlich gesch\u00fctzt<\/span><\/a><\/p>\n<div class=\"wp-playlist wp-video-playlist wp-playlist-light\">\n\t\t<video controls=\"controls\" preload=\"none\" width=\"938\"\n\t\t height=\"528\"\t><\/video>\n\t<div class=\"wp-playlist-next\"><\/div>\n\t<div class=\"wp-playlist-prev\"><\/div>\n\t<noscript>\n\t<ol>\n\t\t<li><a href=\"https:\/\/webstore4.com\/wp-content\/uploads\/2023\/10\/Ajax-Hub2-WebStore4.mp4\">Ajax-Hub2-WebStore4<\/a><\/li>\t<\/ol>\n\t<\/noscript>\n\t<script type=\"application\/json\" class=\"wp-playlist-script\">{\"type\":\"video\",\"tracklist\":true,\"tracknumbers\":true,\"images\":true,\"artists\":true,\"tracks\":[{\"src\":\"https:\/\/webstore4.com\/wp-content\/uploads\/2023\/10\/Ajax-Hub2-WebStore4.mp4\",\"type\":\"video\/mp4\",\"title\":\"Ajax-Hub2-WebStore4\",\"caption\":\"\",\"description\":\"\",\"meta\":{\"length_formatted\":\"0:11\"},\"dimensions\":{\"original\":{\"width\":4000,\"height\":2250},\"resized\":{\"width\":938,\"height\":528}},\"image\":{\"src\":\"https:\/\/webstore4.com\/wp-includes\/images\/media\/video.svg\",\"width\":48,\"height\":64},\"thumb\":{\"src\":\"https:\/\/webstore4.com\/wp-includes\/images\/media\/video.svg\",\"width\":48,\"height\":64}}]}<\/script>\n<\/div>","protected":false},"excerpt":{"rendered":"<p>Ajax is een toonaangevend bedrijf op het gebied van beveiligingsoplossingen. Met geavanceerde technologie\u00ebn en innovatieve producten bieden ze betrouwbare en effectieve beveiligingsoplossingen voor zowel particuliere als zakelijke klanten. Ajax systemen zijn eenvoudig te installeren en te bedienen, waardoor gebruikers een veilig gevoel hebben. Ajax Security Systems staat bekend om zijn hoogwaardige beveiligingsproducten die voldoen aan<\/p>\n<div class=\"klb-readmore button\"><a class=\"btn link\" href=\"https:\/\/webstore4.com\/de\/product\/ajax-hub-2-wit-met-2x-2g-gsm-en-lan\/\">Mehr lesen <i class=\"klbth-icon-right-arrow\"><\/i><\/a><\/div>","protected":false},"featured_media":8462,"comment_status":"closed","ping_status":"closed","template":"","meta":[],"pwb-brand":[3408],"product_cat":[3466,4224,4263],"product_tag":[],"class_list":{"0":"post-11671","1":"product","2":"type-product","3":"status-publish","4":"has-post-thumbnail","6":"pwb-brand-ajax-systems","7":"product_cat-alarm","8":"product_cat-alarmsystemen","9":"product_cat-ajax-baseline","10":"product_shipping_class-pakket","11":"pa_kleur-wit","12":"pa_max-aantal-gebruikers-4485","13":"pa_merk-ajax-systems","14":"pa_product-centrale","16":"first","17":"onbackorder","18":"taxable","19":"shipping-taxable","20":"purchasable","21":"product-type-simple"},"brands":[{"id":3408,"name":"Ajax Systems","slug":"ajax-systems"}],"_links":{"self":[{"href":"https:\/\/webstore4.com\/de\/wp-json\/wp\/v2\/product\/11671","targetHints":{"allow":["GET"]}}],"collection":[{"href":"https:\/\/webstore4.com\/de\/wp-json\/wp\/v2\/product"}],"about":[{"href":"https:\/\/webstore4.com\/de\/wp-json\/wp\/v2\/types\/product"}],"replies":[{"embeddable":true,"href":"https:\/\/webstore4.com\/de\/wp-json\/wp\/v2\/comments?post=11671"}],"wp:featuredmedia":[{"embeddable":true,"href":"https:\/\/webstore4.com\/de\/wp-json\/wp\/v2\/media\/8462"}],"wp:attachment":[{"href":"https:\/\/webstore4.com\/de\/wp-json\/wp\/v2\/media?parent=11671"}],"wp:term":[{"taxonomy":"pwb-brand","embeddable":true,"href":"https:\/\/webstore4.com\/de\/wp-json\/wp\/v2\/pwb-brand?post=11671"},{"taxonomy":"product_cat","embeddable":true,"href":"https:\/\/webstore4.com\/de\/wp-json\/wp\/v2\/product_cat?post=11671"},{"taxonomy":"product_tag","embeddable":true,"href":"https:\/\/webstore4.com\/de\/wp-json\/wp\/v2\/product_tag?post=11671"}],"curies":[{"name":"wp","href":"https:\/\/api.w.org\/{rel}","templated":true}]}}