{"id":11551,"date":"2023-09-29T07:21:51","date_gmt":"2023-09-29T05:21:51","guid":{"rendered":"https:\/\/webstore4.com\/?post_type=product&#038;p=11551"},"modified":"2024-11-04T19:30:09","modified_gmt":"2024-11-04T18:30:09","slug":"wl4-4g-lte-ap2-r-wifi-access-point-4g-lte-6","status":"publish","type":"product","link":"https:\/\/webstore4.com\/de\/product\/wl4-4g-lte-ap2-r-wifi-access-point-4g-lte-6\/","title":{"rendered":"WL4 4G-LTE-AP2-R Wi-Fi access point 4G LTE (6) router met 4x RJ45 poort en 866+300Mbps"},"content":{"rendered":"<p>Der 4G-LTE-AP2-R ist ein WLAN-Access-Point-4G-LTE-Router mit 4x RJ45-Port und 866 Mbit\/s + 300 Mbit\/s. Das 4G-LTE-AP2-R WiFi \u00fcbertr\u00e4gt zwei separate drahtlose Netzwerke. Im 5-GHz-Band mit einer Geschwindigkeit von 866 Mbit\/s und im 2,4-GHz-Band mit einer Geschwindigkeit von 300 Mbit\/s, sodass der Router gleichzeitig f\u00fcr anspruchsvolle Netzwerke und weniger anspruchsvolle Anwendungen genutzt werden kann. Die RJ45-Anschl\u00fcsse erm\u00f6glichen es, ein kabelgebundenes IP-Ger\u00e4t, wie zum Beispiel eine IP-Kamera oder einen NVR, \u00fcber das 4G-Mobilfunknetz drahtlos zu machen. 6 Rundstrahlantennen sorgen f\u00fcr eine gro\u00dfe Reichweite.<\/p>\n<p>An den 4G-LTE-AP2-R kann auch ein Switch angeschlossen werden, sodass mehrere kabelgebundene Ger\u00e4te angeschlossen werden k\u00f6nnen. Der WL4 4G-LTE-AP2-R verf\u00fcgt au\u00dferdem \u00fcber einen RJ45-WAN-Port f\u00fcr die kabelgebundene Verbindung zum Internet.<\/p>\n<p>Beispielsweise eignet sich der 4G-LTE-AP-R auch sehr gut f\u00fcr eine 4G-Internetverbindung in einem WL4-Solarpanel-Energiesystem (netzunabh\u00e4ngig). An einem Standort ohne Strom und festes Internet kann beispielsweise eine IP-Kamera mit Strom versorgt und mit dem Internet verbunden werden. Der WL4 4G-LTE-AP-R eignet sich auch sehr gut als 4G-Backup-Verbindung f\u00fcr ein Alarmsystem, Zutrittskontrollsystem oder IP-Kamerasystem.<\/p>\n<p>Der WL4 4G-LTE-AP2-R muss mit einem Standard-12VDC\/1A-Netzteil (im Lieferumfang enthalten) betrieben werden.<\/p>\n<p><strong>Hauptmerkmale<\/strong><\/p>\n<ul>\n<li>Unterst\u00fctzung f\u00fcr 4G (SIM-Karte nicht im Lieferumfang enthalten)<\/li>\n<li>4 x RJ45 10\/100 Mbit\/s \u2013 LAN<\/li>\n<li>1 x RJ45 10\/100 Mbit\/s \u2013 LAN\/WAN<\/li>\n<li>Geschwindigkeiten 11n: WLAN: 866 Mbit\/s + 300 Mbit\/s und LTE Cat. 6: 300 Mbit\/s \/ 50 Mbit\/s<\/li>\n<li>SIM-frei<\/li>\n<li>WLAN IEEE 802.11 b\/g\/n\/ac<\/li>\n<li>4 x omnidirectional antenne Wi-Fi<\/li>\n<li>2x Rundstrahlantenne 4G LTE<\/li>\n<\/ul>\n<p><a href=\"https:\/\/webstore4.com\/Copyright\/\" target=\"_blank\" rel=\"noopener\"><span style=\"color: #ff6e03; font-size: 11px;\">\u00a9 Der Text ist urheberrechtlich gesch\u00fctzt<\/span><\/a><\/p>","protected":false},"excerpt":{"rendered":"<p>De 4G-LTE-AP2-R is een Wi-Fi access point 4G LTE router met 4x RJ45 poort en 866 Mbps + 300Mbps. De 4G-LTE-AP2-R Wi-Fi zendt 2 aparte draadloze netwerken uit. In de 5 GHz band met een snelheid van 866 Mb\/s en in de 2,4 GHz band met een snelheid van 300 Mb\/s, waardoor de router te<\/p>\n<div class=\"klb-readmore button\"><a class=\"btn link\" href=\"https:\/\/webstore4.com\/de\/product\/wl4-4g-lte-ap2-r-wifi-access-point-4g-lte-6\/\">Mehr lesen <i class=\"klbth-icon-right-arrow\"><\/i><\/a><\/div>","protected":false},"featured_media":11552,"comment_status":"open","ping_status":"closed","template":"","meta":[],"pwb-brand":[3380],"product_cat":[3440,3511],"product_tag":[],"class_list":{"0":"post-11551","1":"product","2":"type-product","3":"status-publish","4":"has-post-thumbnail","6":"pwb-brand-wl4","7":"product_cat-netwerk","8":"product_cat-router-4g5g","9":"product_shipping_class-pakket","10":"pa_draadloos-ja","11":"pa_functies-access-point-client-bridge","12":"pa_materiaal-kunststof","13":"pa_merk-wl4","14":"pa_voeding-12vdc","16":"first","17":"instock","18":"featured","19":"taxable","20":"shipping-taxable","21":"purchasable","22":"product-type-simple"},"brands":[{"id":3380,"name":"WL4","slug":"wl4"}],"_links":{"self":[{"href":"https:\/\/webstore4.com\/de\/wp-json\/wp\/v2\/product\/11551","targetHints":{"allow":["GET"]}}],"collection":[{"href":"https:\/\/webstore4.com\/de\/wp-json\/wp\/v2\/product"}],"about":[{"href":"https:\/\/webstore4.com\/de\/wp-json\/wp\/v2\/types\/product"}],"replies":[{"embeddable":true,"href":"https:\/\/webstore4.com\/de\/wp-json\/wp\/v2\/comments?post=11551"}],"wp:featuredmedia":[{"embeddable":true,"href":"https:\/\/webstore4.com\/de\/wp-json\/wp\/v2\/media\/11552"}],"wp:attachment":[{"href":"https:\/\/webstore4.com\/de\/wp-json\/wp\/v2\/media?parent=11551"}],"wp:term":[{"taxonomy":"pwb-brand","embeddable":true,"href":"https:\/\/webstore4.com\/de\/wp-json\/wp\/v2\/pwb-brand?post=11551"},{"taxonomy":"product_cat","embeddable":true,"href":"https:\/\/webstore4.com\/de\/wp-json\/wp\/v2\/product_cat?post=11551"},{"taxonomy":"product_tag","embeddable":true,"href":"https:\/\/webstore4.com\/de\/wp-json\/wp\/v2\/product_tag?post=11551"}],"curies":[{"name":"wp","href":"https:\/\/api.w.org\/{rel}","templated":true}]}}