{"id":11537,"date":"2023-09-28T17:54:27","date_gmt":"2023-09-28T15:54:27","guid":{"rendered":"https:\/\/webstore4.com\/?post_type=product&#038;p=11537"},"modified":"2024-04-19T15:16:15","modified_gmt":"2024-04-19T14:16:15","slug":"wl4-u-mount-ct31-w-universele-kantelbare-steun","status":"publish","type":"product","link":"https:\/\/webstore4.com\/de\/product\/wl4-u-mount-ct31-w-universele-kantelbare-steun\/","title":{"rendered":"WL4 U-MOUNT-CT31-W universelle Neigehalterung f\u00fcr Kameras an Wand oder Decke f\u00fcr den Innen- und Au\u00dfenbereich"},"content":{"rendered":"<p>De WL4 U-MOUNT-CT31-W is een universele plafond en wand steun voor camera&#8217;s voor binnen en buiten.<br \/>\nDit product heeft een bewegend kogelgewricht, waardoor een ori\u00ebntatiepunt ingesteld kan worden in elke richting.<\/p>\n<p>De bedrading van de camera kan netjes weg gewerkt worden in de WL4 U-MOUNT-CT31-W.<\/p>\n<p><strong>Wichtige Funktionen<\/strong><\/p>\n<ul>\n<li>Lengte: 145mm<\/li>\n<li>Diameter: 120mm<\/li>\n<li>Farbe Wei\u00df<\/li>\n<\/ul>\n<p><a href=\"https:\/\/www.webstore4ipcameras.nl\/Copyright\" target=\"_blank\" rel=\"noopener\"><span style=\"color: #ff6e03; font-size: 11px;\">\u00a9 Der Text ist urheberrechtlich gesch\u00fctzt<\/span><\/a><\/p>","protected":false},"excerpt":{"rendered":"<p>De WL4 U-MOUNT-CT31-W is een universele plafond en wand steun voor camera&#8217;s voor binnen en buiten. Dit product heeft een bewegend kogelgewricht, waardoor een ori\u00ebntatiepunt ingesteld kan worden in elke richting. De bedrading van de camera kan netjes weg gewerkt worden in de WL4 U-MOUNT-CT31-W. Belangrijke kenmerken Lengte: 145mm Diameter: 120mm Kleur: Wit \u00a9 Tekst<\/p>\n<div class=\"klb-readmore button\"><a class=\"btn link\" href=\"https:\/\/webstore4.com\/de\/product\/wl4-u-mount-ct31-w-universele-kantelbare-steun\/\">Mehr lesen <i class=\"klbth-icon-right-arrow\"><\/i><\/a><\/div>","protected":false},"featured_media":11538,"comment_status":"open","ping_status":"closed","template":"","meta":[],"pwb-brand":[3380],"product_cat":[4620],"product_tag":[],"class_list":{"0":"post-11537","1":"product","2":"type-product","3":"status-publish","4":"has-post-thumbnail","6":"pwb-brand-wl4","7":"product_cat-camera-toebehoren","8":"product_shipping_class-pakket","9":"pa_kleur-wit","10":"pa_materiaal-metaal","11":"pa_merk-wl4","12":"pa_omgeving-binnen","13":"pa_product-muursteun","14":"pa_product-plafondbeugel","15":"pa_universeel-ja","17":"first","18":"instock","19":"taxable","20":"shipping-taxable","21":"purchasable","22":"product-type-simple"},"brands":[{"id":3380,"name":"WL4","slug":"wl4"}],"_links":{"self":[{"href":"https:\/\/webstore4.com\/de\/wp-json\/wp\/v2\/product\/11537","targetHints":{"allow":["GET"]}}],"collection":[{"href":"https:\/\/webstore4.com\/de\/wp-json\/wp\/v2\/product"}],"about":[{"href":"https:\/\/webstore4.com\/de\/wp-json\/wp\/v2\/types\/product"}],"replies":[{"embeddable":true,"href":"https:\/\/webstore4.com\/de\/wp-json\/wp\/v2\/comments?post=11537"}],"wp:featuredmedia":[{"embeddable":true,"href":"https:\/\/webstore4.com\/de\/wp-json\/wp\/v2\/media\/11538"}],"wp:attachment":[{"href":"https:\/\/webstore4.com\/de\/wp-json\/wp\/v2\/media?parent=11537"}],"wp:term":[{"taxonomy":"pwb-brand","embeddable":true,"href":"https:\/\/webstore4.com\/de\/wp-json\/wp\/v2\/pwb-brand?post=11537"},{"taxonomy":"product_cat","embeddable":true,"href":"https:\/\/webstore4.com\/de\/wp-json\/wp\/v2\/product_cat?post=11537"},{"taxonomy":"product_tag","embeddable":true,"href":"https:\/\/webstore4.com\/de\/wp-json\/wp\/v2\/product_tag?post=11537"}],"curies":[{"name":"wp","href":"https:\/\/api.w.org\/{rel}","templated":true}]}}