{"id":11536,"date":"2023-09-28T17:54:03","date_gmt":"2023-09-28T15:54:03","guid":{"rendered":"https:\/\/webstore4.com\/?post_type=product&#038;p=11536"},"modified":"2025-08-07T10:02:57","modified_gmt":"2025-08-07T09:02:57","slug":"wl4-po22-g-polyester-kast-met-driehoek-sluiting","status":"publish","type":"product","link":"https:\/\/webstore4.com\/de\/product\/wl4-po22-g-polyester-kast-met-driehoek-sluiting\/","title":{"rendered":"WL4 PO17-G Polyesterschrank mit Dreiecksverschluss, geeignet f\u00fcr den Au\u00dfenbereich IP65 zur Wand- oder Mastmontage"},"content":{"rendered":"<p>Der WL4 PO17-G ist ein Polyesterkoffer mit Dreiecksverschluss. Der Schrank ist mit der Schutzart IP65 ideal f\u00fcr den Au\u00dfenbereich geeignet. Der graue Schrank wird h\u00e4ufig zur Unterbringung von Ger\u00e4ten verwendet. Eine verstellbare DIN-Schiene ist im Lieferumfang enthalten.<br \/>\nIm Schrank befindet sich ein Bel\u00fcftungsfilter, sodass Ger\u00e4te bei Bedarf gek\u00fchlt werden k\u00f6nnen.<\/p>\n<p>Der Schrank wird oft an einer Wand oder einem Mast aufgeh\u00e4ngt. F\u00fcr die Montage an einem Mast kann unter \u201eOptionen\u201c der WL4 U-MOUNT-P40 bestellt werden.<\/p>\n<p><strong>Hauptmerkmale<\/strong><\/p>\n<ul>\n<li>Schrank mit IP65-Klassifizierung f\u00fcr den Au\u00dfenbereich<\/li>\n<li>Farbe: Grau<\/li>\n<li>L\u00fcftungsgitter<\/li>\n<li>Montageplatte mit DIN-Schiene<\/li>\n<li>Au\u00dfenma\u00dfe 400 (H\u00f6he) x 300 (Breite) x 170 (Tiefe) mm<\/li>\n<li>Innenma\u00dfe 345 (H\u00f6he) x 240 (Breite) x 145 (Tiefe) mm<\/li>\n<li>Gummidichtung<\/li>\n<\/ul>\n<p><a href=\"https:\/\/www.webstore4ipcameras.nl\/Copyright\" target=\"_blank\" rel=\"noopener\"><span style=\"color: #ff6e03; font-size: 11px;\">\u00a9 Der Text ist urheberrechtlich gesch\u00fctzt<\/span><\/a><\/p>","protected":false},"excerpt":{"rendered":"<p>De WL4 PO22-G is een polyester kast met driehoek sluiting. De kunststof kast is uitermate geschikt voor buiten met classificering IP65. De grijze kast wordt veelal gebruikt voor het plaatsen van apparatuur. Er wordt een verstelbare DIN-rail meegeleverd. In de kast bevind zich een ventilatiefilter, zodat er eventueel apparaten kunnen worden gekoeld. De kast wordt<\/p>\n<div class=\"klb-readmore button\"><a class=\"btn link\" href=\"https:\/\/webstore4.com\/de\/product\/wl4-po22-g-polyester-kast-met-driehoek-sluiting\/\">Mehr lesen <i class=\"klbth-icon-right-arrow\"><\/i><\/a><\/div>","protected":false},"featured_media":15310,"comment_status":"open","ping_status":"closed","template":"","meta":[],"pwb-brand":[3380],"product_cat":[4204,4253],"product_tag":[],"class_list":{"0":"post-11536","1":"product","2":"type-product","3":"status-publish","4":"has-post-thumbnail","6":"pwb-brand-wl4","7":"product_cat-kasten-kluizen","8":"product_cat-montagekasten","9":"product_shipping_class-pakket","10":"pa_breedte-300-mm","11":"pa_diepte-220-mm","12":"pa_hoogte-400-mm","13":"pa_kleur-grijs","14":"pa_materiaal-polyester","15":"pa_merk-wl4","16":"pa_montage-opbouw","17":"pa_omgeving-binnen-en-buiten","18":"pa_weersbestendigheid-ip65","20":"first","21":"onbackorder","22":"taxable","23":"shipping-taxable","24":"purchasable","25":"product-type-simple"},"brands":[{"id":3380,"name":"WL4","slug":"wl4"}],"_links":{"self":[{"href":"https:\/\/webstore4.com\/de\/wp-json\/wp\/v2\/product\/11536","targetHints":{"allow":["GET"]}}],"collection":[{"href":"https:\/\/webstore4.com\/de\/wp-json\/wp\/v2\/product"}],"about":[{"href":"https:\/\/webstore4.com\/de\/wp-json\/wp\/v2\/types\/product"}],"replies":[{"embeddable":true,"href":"https:\/\/webstore4.com\/de\/wp-json\/wp\/v2\/comments?post=11536"}],"wp:featuredmedia":[{"embeddable":true,"href":"https:\/\/webstore4.com\/de\/wp-json\/wp\/v2\/media\/15310"}],"wp:attachment":[{"href":"https:\/\/webstore4.com\/de\/wp-json\/wp\/v2\/media?parent=11536"}],"wp:term":[{"taxonomy":"pwb-brand","embeddable":true,"href":"https:\/\/webstore4.com\/de\/wp-json\/wp\/v2\/pwb-brand?post=11536"},{"taxonomy":"product_cat","embeddable":true,"href":"https:\/\/webstore4.com\/de\/wp-json\/wp\/v2\/product_cat?post=11536"},{"taxonomy":"product_tag","embeddable":true,"href":"https:\/\/webstore4.com\/de\/wp-json\/wp\/v2\/product_tag?post=11536"}],"curies":[{"name":"wp","href":"https:\/\/api.w.org\/{rel}","templated":true}]}}