{"id":11514,"date":"2023-09-28T16:41:36","date_gmt":"2023-09-28T14:41:36","guid":{"rendered":"https:\/\/webstore4.com\/?post_type=product&#038;p=11514"},"modified":"2026-02-07T16:01:41","modified_gmt":"2026-02-07T15:01:41","slug":"wl4-sr10wo6u-l-metalen-6u-10-rack-kast","status":"publish","type":"product","link":"https:\/\/webstore4.com\/de\/product\/wl4-sr10wo6u-l-metalen-6u-10-rack-kast\/","title":{"rendered":"WL4 SR10WO6U-W 6U 10\u2033-Rackschrank aus Metall, geeignet f\u00fcr die Wand- oder Mastmontage im Freien, mit 2 Schl\u00fcsselschl\u00f6ssern"},"content":{"rendered":"<p>Der WL4 SR10WO6U-L ist ein 6-HE-10-Zoll-Rackschrank aus Metall, der f\u00fcr Au\u00dfenw\u00e4nde geeignet ist und \u00fcber 2 Schl\u00fcsselschl\u00f6sser verf\u00fcgt.<\/p>\n<p><strong>M\u00f6glichkeiten<\/strong><\/p>\n<p>Der Schrank ist f\u00fcr die Montage aller 10-Zoll-Ger\u00e4te mit einer maximalen H\u00f6he von 6 HE geeignet. Zur vertikalen Montage ist im Schrank eine Schiene montiert.<\/p>\n<p>Der WL4 SR10WO6U-L verf\u00fcgt \u00fcber die Schutzart IP65 f\u00fcr den Au\u00dfenbereich. Die T\u00fcr ist mit zwei Schl\u00fcsselschl\u00f6ssern ausgestattet und verf\u00fcgt \u00fcber eine Gummidichtung. Auch die Kabeleinf\u00fchrungen unten sind mit Dichtungen versehen.<\/p>\n<p><strong>Hauptmerkmale<\/strong><\/p>\n<ul>\n<li>10 Zoll maximaler 6U-Wandschrank, geeignet f\u00fcr den Au\u00dfenbereich (IP65)<\/li>\n<li>Innenma\u00dfe 210 mm tief, 10 Zoll breit und 6 HE hoch<\/li>\n<li>Au\u00dfenma\u00dfe 420 mm hoch, 235 mm tief, 335 mm breit<\/li>\n<li>2 Schl\u00fcsselschl\u00f6sser (wasserdichte Abdeckung)<\/li>\n<li>1 mm dickes Metall, mechanischer Vandalismusschutz IK10<\/li>\n<li>Hellgrau<\/li>\n<li>Eigengewicht 6,16 kg<\/li>\n<\/ul>\n<p><a href=\"https:\/\/webstore4.com\/Copyright\/\" target=\"_blank\" rel=\"noopener\"><span style=\"color: #ff6e03; font-size: 11px;\">\u00a9 Der Text ist urheberrechtlich gesch\u00fctzt<\/span><\/a><\/p>","protected":false},"excerpt":{"rendered":"<p>De WL4 SR10WO6U-L is een metalen 6U 10&#8243; rack kast geschikt voor buiten muur met 2 sleutelsloten. Mogelijkheden De kast is geschikt voor het monteren van alle 10&#8243; apparatuur met een maximale hoogte van 6U. In de kast is een rail gemonteerd voor verticale montage. De WL4 SR10WO6U-L heeft een IP65 classificering voor gebruik buiten.<\/p>\n<div class=\"klb-readmore button\"><a class=\"btn link\" href=\"https:\/\/webstore4.com\/de\/product\/wl4-sr10wo6u-l-metalen-6u-10-rack-kast\/\">Mehr lesen <i class=\"klbth-icon-right-arrow\"><\/i><\/a><\/div>","protected":false},"featured_media":14763,"comment_status":"open","ping_status":"closed","template":"","meta":[],"pwb-brand":[3380],"product_cat":[4204,4253,4213],"product_tag":[],"class_list":{"0":"post-11514","1":"product","2":"type-product","3":"status-publish","4":"has-post-thumbnail","6":"pwb-brand-wl4","7":"product_cat-kasten-kluizen","8":"product_cat-montagekasten","9":"product_cat-serverkasten-kasten-kluizen","10":"product_shipping_class-pakket","11":"pa_breedte-335-mm","12":"pa_diepte-235-mm","13":"pa_hoogte-420-mm","14":"pa_kleur-grijs","15":"pa_materiaal-metaal","16":"pa_merk-wl4","17":"pa_montage-opbouw","18":"pa_omgeving-binnen-en-buiten","19":"pa_product-wand-kast","20":"pa_vandaalbestendig-ik10","21":"pa_weersbestendigheid-ip65","23":"first","24":"instock","25":"sale","26":"taxable","27":"shipping-taxable","28":"purchasable","29":"product-type-simple"},"brands":[{"id":3380,"name":"WL4","slug":"wl4"}],"_links":{"self":[{"href":"https:\/\/webstore4.com\/de\/wp-json\/wp\/v2\/product\/11514","targetHints":{"allow":["GET"]}}],"collection":[{"href":"https:\/\/webstore4.com\/de\/wp-json\/wp\/v2\/product"}],"about":[{"href":"https:\/\/webstore4.com\/de\/wp-json\/wp\/v2\/types\/product"}],"replies":[{"embeddable":true,"href":"https:\/\/webstore4.com\/de\/wp-json\/wp\/v2\/comments?post=11514"}],"wp:featuredmedia":[{"embeddable":true,"href":"https:\/\/webstore4.com\/de\/wp-json\/wp\/v2\/media\/14763"}],"wp:attachment":[{"href":"https:\/\/webstore4.com\/de\/wp-json\/wp\/v2\/media?parent=11514"}],"wp:term":[{"taxonomy":"pwb-brand","embeddable":true,"href":"https:\/\/webstore4.com\/de\/wp-json\/wp\/v2\/pwb-brand?post=11514"},{"taxonomy":"product_cat","embeddable":true,"href":"https:\/\/webstore4.com\/de\/wp-json\/wp\/v2\/product_cat?post=11514"},{"taxonomy":"product_tag","embeddable":true,"href":"https:\/\/webstore4.com\/de\/wp-json\/wp\/v2\/product_tag?post=11514"}],"curies":[{"name":"wp","href":"https:\/\/api.w.org\/{rel}","templated":true}]}}