{"id":11399,"date":"2023-09-25T14:11:33","date_gmt":"2023-09-25T12:11:33","guid":{"rendered":"https:\/\/webstore4.com\/?post_type=product&#038;p=11399"},"modified":"2025-07-29T14:15:36","modified_gmt":"2025-07-29T13:15:36","slug":"wl4-srw2u-b-zwarte-server-wandkast-2u-19-met-gasveer-opening","status":"publish","type":"product","link":"https:\/\/webstore4.com\/de\/product\/wl4-srw2u-b-zwarte-server-wandkast-2u-19-met-gasveer-opening\/","title":{"rendered":"WL4 SRW2U-B schwarzer Server-Wandschrank 2U 19\u2033 mit Gasfeder\u00f6ffnung"},"content":{"rendered":"<p>Der WL4 SRW2U-W ist ein 19-Zoll-Server-Wandschrank mit einer H\u00f6he von 2 HE zur vertikalen Montage mit einer mit Gasfedern ausgestatteten T\u00fcr zum vorsichtigen \u00d6ffnen. Der Serverschrank eignet sich sehr gut f\u00fcr die sichere Platzierung eines NVR (Netzwerk-Videorekorders), Switches, Routers, Servers usw.<\/p>\n<p><strong>M\u00f6glichkeiten<\/strong><\/p>\n<p>De serverkast voldoet aan de standaardmaatvoering volgens de EIA-310 normering en is daarom geschikt voor het monteren van alle 19&#8243; apparatuur met een maximale hoogte van 2U.<\/p>\n<p>Der WL4 SRW2U-W ist f\u00fcr die Wandmontage vorgesehen und mit einem Schl\u00fcsselschloss ausgestattet. Der Schrank besteht aus Stahl und ist pulverbeschichtet (RAL 9003). Der Schrank verf\u00fcgt \u00fcber \u00d6ffnungen zur K\u00fchlung und Verkabelung.<\/p>\n<p><strong>Hauptmerkmale<\/strong><\/p>\n<ul>\n<li>19-Zoll-Wandschrank mit maximal 2 HE<\/li>\n<li>Interne afmeting 350mm hoog, 19&#8243; breed en 2U diepte<\/li>\n<li>Eigengewicht 8kg<\/li>\n<\/ul>\n<p><a href=\"https:\/\/webstore4.com\/Copyright\/\" target=\"_blank\" rel=\"noopener\"><span style=\"color: #ff6e03; font-size: 11px;\">\u00a9 Der Text ist urheberrechtlich gesch\u00fctzt<\/span><\/a><\/p>","protected":false},"excerpt":{"rendered":"<p>De WL4 SRW2U-B is een zwarte 19 inch server wandkast met een 2U hoogte voor verticale montage met deur voorzien van gasveren voor voorzichtige opening. De serverkast is zeer geschikt voor het veilig plaatsen van bijvoorbeeld een NVR (Netwerk Video Recorder), switch, router, server etc. Mogelijkheden De serverkast voldoet aan de standaardmaatvoering volgens de EIA-310<\/p>\n<div class=\"klb-readmore button\"><a class=\"btn link\" href=\"https:\/\/webstore4.com\/de\/product\/wl4-srw2u-b-zwarte-server-wandkast-2u-19-met-gasveer-opening\/\">Mehr lesen <i class=\"klbth-icon-right-arrow\"><\/i><\/a><\/div>","protected":false},"featured_media":14244,"comment_status":"open","ping_status":"closed","template":"","meta":[],"pwb-brand":[3380],"product_cat":[4204,4213],"product_tag":[],"class_list":{"0":"post-11399","1":"product","2":"type-product","3":"status-publish","4":"has-post-thumbnail","6":"pwb-brand-wl4","7":"product_cat-kasten-kluizen","8":"product_cat-serverkasten-kasten-kluizen","9":"product_shipping_class-pakket","10":"pa_breedte-580-mm","11":"pa_diepte-130-mm","12":"pa_hoogte-500-mm","13":"pa_materiaal-staal","14":"pa_merk-wl4","15":"pa_omgeving-binnen","16":"pa_product-wand-kast","18":"first","19":"onbackorder","20":"taxable","21":"shipping-taxable","22":"purchasable","23":"product-type-simple"},"brands":[{"id":3380,"name":"WL4","slug":"wl4"}],"_links":{"self":[{"href":"https:\/\/webstore4.com\/de\/wp-json\/wp\/v2\/product\/11399","targetHints":{"allow":["GET"]}}],"collection":[{"href":"https:\/\/webstore4.com\/de\/wp-json\/wp\/v2\/product"}],"about":[{"href":"https:\/\/webstore4.com\/de\/wp-json\/wp\/v2\/types\/product"}],"replies":[{"embeddable":true,"href":"https:\/\/webstore4.com\/de\/wp-json\/wp\/v2\/comments?post=11399"}],"wp:featuredmedia":[{"embeddable":true,"href":"https:\/\/webstore4.com\/de\/wp-json\/wp\/v2\/media\/14244"}],"wp:attachment":[{"href":"https:\/\/webstore4.com\/de\/wp-json\/wp\/v2\/media?parent=11399"}],"wp:term":[{"taxonomy":"pwb-brand","embeddable":true,"href":"https:\/\/webstore4.com\/de\/wp-json\/wp\/v2\/pwb-brand?post=11399"},{"taxonomy":"product_cat","embeddable":true,"href":"https:\/\/webstore4.com\/de\/wp-json\/wp\/v2\/product_cat?post=11399"},{"taxonomy":"product_tag","embeddable":true,"href":"https:\/\/webstore4.com\/de\/wp-json\/wp\/v2\/product_tag?post=11399"}],"curies":[{"name":"wp","href":"https:\/\/api.w.org\/{rel}","templated":true}]}}