{"id":11393,"date":"2023-09-25T13:38:16","date_gmt":"2023-09-25T11:38:16","guid":{"rendered":"https:\/\/webstore4.com\/?post_type=product&#038;p=11393"},"modified":"2025-02-06T06:48:34","modified_gmt":"2025-02-06T05:48:34","slug":"wl4-ibm5-inbouw-afsluitbare-stalen-montage-kast","status":"publish","type":"product","link":"https:\/\/webstore4.com\/de\/product\/wl4-ibm5-inbouw-afsluitbare-stalen-montage-kast\/","title":{"rendered":"WL4 IBM5 universeller abschlie\u00dfbarer Einbauschrank aus Stahl"},"content":{"rendered":"<p>Der universelle abschlie\u00dfbare Einbauschrank WL4 IBM4 aus Stahl mit Schl\u00fcsselschloss, in dem beispielsweise ein PoE-Switch, ein Zugangscontroller, eine Alarmtastatur, ein Netzteil usw. montiert werden k\u00f6nnen, sodass kein einfacher Zugriff auf die Ausr\u00fcstung f\u00fcr Unbefugte m\u00f6glich ist Personen.<\/p>\n<p><strong>M\u00f6glichkeiten<\/strong><\/p>\n<p>Der Schrank ist f\u00fcr die Wandmontage geeignet und verf\u00fcgt \u00fcber eine Holzr\u00fcckwand. Oben und unten sind Ausbrech\u00f6ffnungen f\u00fcr Kabeleinf\u00fchrungen vorgesehen. Der Schrank wird mit zwei Schl\u00fcsseln geliefert.<\/p>\n<p><strong>Hauptmerkmale<\/strong><\/p>\n<ul>\n<li>Pulverbeschichteter Stahl<\/li>\n<li>Wei\u00df \u2013 RAL9003<\/li>\n<li>Montageplatte aus Holz<\/li>\n<li>Externe afmetingen behuizing: 500\u00a0 x 400\u00a0 x 120 mm<\/li>\n<li>Externe afmetingen behuizing inclusief flens: 538\u00a0 x 444\u00a0 x 120 mm<\/li>\n<li>Interne afmetingen: 495\u00a0 x 395\u00a0 x 110 mm<\/li>\n<li>Lieferung mit 2 Schl\u00fcsseln<\/li>\n<\/ul>\n<p><a href=\"https:\/\/webstore4.com\/Copyright\/\" target=\"_blank\" rel=\"noopener\"><span style=\"color: #ff6e03; font-size: 11px;\">\u00a9 Der Text ist urheberrechtlich gesch\u00fctzt<\/span><\/a><\/p>","protected":false},"excerpt":{"rendered":"<p>De WL4 IBM5 universele inbouw afsluitbare stalen montage kast met sleutelslot waarin bijvoorbeeld een PoE switch, toegangscontroller, alarm keypad, voeding etc. kan worden gemonteerd zodat er geen eenvoudige toegang tot de apparatuur is voor onbevoegden. Mogelijkheden De kast is geschikt voor inbouw montage en heeft een houten achter paneel. Aan de bovenkant en onderkant zijn<\/p>\n<div class=\"klb-readmore button\"><a class=\"btn link\" href=\"https:\/\/webstore4.com\/de\/product\/wl4-ibm5-inbouw-afsluitbare-stalen-montage-kast\/\">Mehr lesen <i class=\"klbth-icon-right-arrow\"><\/i><\/a><\/div>","protected":false},"featured_media":14769,"comment_status":"open","ping_status":"closed","template":"","meta":[],"pwb-brand":[3380],"product_cat":[4204,4253],"product_tag":[],"class_list":{"0":"post-11393","1":"product","2":"type-product","3":"status-publish","4":"has-post-thumbnail","6":"pwb-brand-wl4","7":"product_cat-kasten-kluizen","8":"product_cat-montagekasten","9":"product_shipping_class-pakket","10":"pa_breedte-400-mm","11":"pa_diepte-120-mm","12":"pa_garantie-2-year","13":"pa_hoogte-500-mm","14":"pa_kleur-wit","15":"pa_materiaal-metaal","16":"pa_merk-wl4","17":"pa_montage-inbouw","18":"pa_omgeving-binnen","20":"first","21":"instock","22":"taxable","23":"shipping-taxable","24":"purchasable","25":"product-type-simple"},"brands":[{"id":3380,"name":"WL4","slug":"wl4"}],"_links":{"self":[{"href":"https:\/\/webstore4.com\/de\/wp-json\/wp\/v2\/product\/11393","targetHints":{"allow":["GET"]}}],"collection":[{"href":"https:\/\/webstore4.com\/de\/wp-json\/wp\/v2\/product"}],"about":[{"href":"https:\/\/webstore4.com\/de\/wp-json\/wp\/v2\/types\/product"}],"replies":[{"embeddable":true,"href":"https:\/\/webstore4.com\/de\/wp-json\/wp\/v2\/comments?post=11393"}],"wp:featuredmedia":[{"embeddable":true,"href":"https:\/\/webstore4.com\/de\/wp-json\/wp\/v2\/media\/14769"}],"wp:attachment":[{"href":"https:\/\/webstore4.com\/de\/wp-json\/wp\/v2\/media?parent=11393"}],"wp:term":[{"taxonomy":"pwb-brand","embeddable":true,"href":"https:\/\/webstore4.com\/de\/wp-json\/wp\/v2\/pwb-brand?post=11393"},{"taxonomy":"product_cat","embeddable":true,"href":"https:\/\/webstore4.com\/de\/wp-json\/wp\/v2\/product_cat?post=11393"},{"taxonomy":"product_tag","embeddable":true,"href":"https:\/\/webstore4.com\/de\/wp-json\/wp\/v2\/product_tag?post=11393"}],"curies":[{"name":"wp","href":"https:\/\/api.w.org\/{rel}","templated":true}]}}