{"id":11363,"date":"2023-09-24T11:22:50","date_gmt":"2023-09-24T09:22:50","guid":{"rendered":"https:\/\/webstore4.com\/?post_type=product&#038;p=11363"},"modified":"2024-04-19T15:16:05","modified_gmt":"2024-04-19T14:16:05","slug":"wl4-aluminium-universele-kaarthouder","status":"publish","type":"product","link":"https:\/\/webstore4.com\/de\/product\/wl4-aluminium-universele-kaarthouder\/","title":{"rendered":"WL4 Universal-Kartenhalter aus Aluminium (5 St\u00fcck)"},"content":{"rendered":"<p>De WL4 Aluminium universele kaarthouder is een kaarthouder voor \u00e9\u00e9n creditcard. De WL4 kaarthouder wordt geleverd inclusief keycord.<\/p>\n<p>Doordat de kaarthouder van aluminium is gemaakt is deze zeer geschikt voor intensief gebruik.<br \/>\nDe toepassingen voor het gebruik van de WL4 Aluminium kaarthouder zijn universeel. Onder opties staan verschillende toepassingen waarvoor de WL4 Aluminium kaarthouder gebruikt kan worden.<\/p>\n<p><strong>Wichtigste Funktionen<\/strong><\/p>\n<ul>\n<li>Set van 5 stuks<\/li>\n<li>Aluminium<\/li>\n<li>Afmetingen binnenzijde 85&#215;54 MM<\/li>\n<li>Afmetingen buitenzijde 96&#215;57 MM<\/li>\n<li>Inclusief keycord<\/li>\n<\/ul>\n<p><a href=\"https:\/\/www.webstore4ipcameras.nl\/Copyright\" target=\"_blank\" rel=\"noopener\"><span style=\"color: #ff6e03; font-size: 11px;\">\u00a9 Der Text ist urheberrechtlich gesch\u00fctzt<\/span><\/a><\/p>","protected":false},"excerpt":{"rendered":"<p>De WL4 Aluminium universele kaarthouder is een kaarthouder voor \u00e9\u00e9n creditcard. De WL4 kaarthouder wordt geleverd inclusief keycord. Doordat de kaarthouder van aluminium is gemaakt is deze zeer geschikt voor intensief gebruik. De toepassingen voor het gebruik van de WL4 Aluminium kaarthouder zijn universeel. Onder opties staan verschillende toepassingen waarvoor de WL4 Aluminium kaarthouder gebruikt<\/p>\n<div class=\"klb-readmore button\"><a class=\"btn link\" href=\"https:\/\/webstore4.com\/de\/product\/wl4-aluminium-universele-kaarthouder\/\">Mehr lesen <i class=\"klbth-icon-right-arrow\"><\/i><\/a><\/div>","protected":false},"featured_media":11364,"comment_status":"open","ping_status":"closed","template":"","meta":[],"pwb-brand":[3380],"product_cat":[4191,4196],"product_tag":[],"class_list":{"0":"post-11363","1":"product","2":"type-product","3":"status-publish","4":"has-post-thumbnail","6":"pwb-brand-wl4","7":"product_cat-access","8":"product_cat-tags","9":"product_shipping_class-pakket","10":"pa_kleur-wit","11":"pa_merk-wl4","12":"pa_product-kaarthouder","14":"first","15":"instock","16":"taxable","17":"shipping-taxable","18":"purchasable","19":"product-type-simple"},"brands":[{"id":3380,"name":"WL4","slug":"wl4"}],"_links":{"self":[{"href":"https:\/\/webstore4.com\/de\/wp-json\/wp\/v2\/product\/11363","targetHints":{"allow":["GET"]}}],"collection":[{"href":"https:\/\/webstore4.com\/de\/wp-json\/wp\/v2\/product"}],"about":[{"href":"https:\/\/webstore4.com\/de\/wp-json\/wp\/v2\/types\/product"}],"replies":[{"embeddable":true,"href":"https:\/\/webstore4.com\/de\/wp-json\/wp\/v2\/comments?post=11363"}],"wp:featuredmedia":[{"embeddable":true,"href":"https:\/\/webstore4.com\/de\/wp-json\/wp\/v2\/media\/11364"}],"wp:attachment":[{"href":"https:\/\/webstore4.com\/de\/wp-json\/wp\/v2\/media?parent=11363"}],"wp:term":[{"taxonomy":"pwb-brand","embeddable":true,"href":"https:\/\/webstore4.com\/de\/wp-json\/wp\/v2\/pwb-brand?post=11363"},{"taxonomy":"product_cat","embeddable":true,"href":"https:\/\/webstore4.com\/de\/wp-json\/wp\/v2\/product_cat?post=11363"},{"taxonomy":"product_tag","embeddable":true,"href":"https:\/\/webstore4.com\/de\/wp-json\/wp\/v2\/product_tag?post=11363"}],"curies":[{"name":"wp","href":"https:\/\/api.w.org\/{rel}","templated":true}]}}