{"id":11289,"date":"2023-09-21T08:17:24","date_gmt":"2023-09-21T06:17:24","guid":{"rendered":"https:\/\/webstore4.com\/?post_type=product&#038;p=11289"},"modified":"2024-04-19T15:16:04","modified_gmt":"2024-04-19T14:16:04","slug":"maxalarm-vega-plus-bedrade-buiten-sirene","status":"publish","type":"product","link":"https:\/\/webstore4.com\/de\/product\/maxalarm-vega-plus-bedrade-buiten-sirene\/","title":{"rendered":"Maxalarm Vega Plus kabelgebundene Au\u00dfensirene mit 2 wei\u00dfen LED-Blitzbalken und Pufferbatterie der G\u00fcteklasse 3"},"content":{"rendered":"<p>De Maxalarm Vega Plus bedrade buiten sirene heeft 2 witte hoge intensiteit LED flitsbalken en een 112dB sirene. De Maxalarm Vega Plus is geschikt voor universele toepassing en heeft een EN 50131-4 Grade 3 \/ Environmental class &#8211; III certificering. Onder het tabblad &#8216;Documentatie&#8217; is het aansluitschema terug te vinden.<\/p>\n<p><strong>Wichtige Funktionen<\/strong><\/p>\n<ul>\n<li>Geeignet f\u00fcr den Au\u00dfenbereich<\/li>\n<li>2 Lautsprecher<\/li>\n<li>4 w\u00e4hlbare Sounds<\/li>\n<li>W\u00e4hlbarer LED-Blitz<\/li>\n<li>Ein\/Aus-Ton und Blitz m\u00f6glich<\/li>\n<li>Akustische oder visuelle Ausl\u00f6sung durch positive oder negative Eingabe<\/li>\n<li>Einstellbare Dauer von 3 oder 15 Minuten<\/li>\n<li>Mitgelieferter wiederaufladbarer Backup-Akku mit 6 V und 1,3 Ah<\/li>\n<li>Sabotageschalter vorne und hinten<\/li>\n<li>12VDC Netzteil (nicht im Lieferumfang enthalten)<\/li>\n<li>Zertifizierung nach EN 50131-4 Klasse 3 \/ Umweltklasse III<\/li>\n<\/ul>\n<p><a href=\"https:\/\/www.webstore4ipcameras.nl\/Copyright\" target=\"_blank\" rel=\"noopener\"><span style=\"color: #ff6e03; font-size: 11px;\">\u00a9 Der Text ist urheberrechtlich gesch\u00fctzt<\/span><\/a><\/p>","protected":false},"excerpt":{"rendered":"<p>Die Maxalarm Vega Plus ist eine kabelgebundene Au\u00dfensirene mit 2 wei\u00dfen LED-Blitzbalken und einer Sirene.<\/p>","protected":false},"featured_media":11290,"comment_status":"open","ping_status":"closed","template":"","meta":[],"pwb-brand":[3392],"product_cat":[3466,4194],"product_tag":[],"class_list":{"0":"post-11289","1":"product","2":"type-product","3":"status-publish","4":"has-post-thumbnail","6":"pwb-brand-maxalarm","7":"product_cat-alarm","8":"product_cat-audio","9":"product_shipping_class-pakket","10":"pa_garantie-3-jaar","11":"pa_merk-maxalarm","12":"pa_omgeving-binnen-en-buiten","13":"pa_voeding-12vdc","15":"first","16":"onbackorder","17":"taxable","18":"shipping-taxable","19":"purchasable","20":"product-type-simple"},"brands":[{"id":3392,"name":"Maxalarm","slug":"maxalarm"}],"_links":{"self":[{"href":"https:\/\/webstore4.com\/de\/wp-json\/wp\/v2\/product\/11289","targetHints":{"allow":["GET"]}}],"collection":[{"href":"https:\/\/webstore4.com\/de\/wp-json\/wp\/v2\/product"}],"about":[{"href":"https:\/\/webstore4.com\/de\/wp-json\/wp\/v2\/types\/product"}],"replies":[{"embeddable":true,"href":"https:\/\/webstore4.com\/de\/wp-json\/wp\/v2\/comments?post=11289"}],"wp:featuredmedia":[{"embeddable":true,"href":"https:\/\/webstore4.com\/de\/wp-json\/wp\/v2\/media\/11290"}],"wp:attachment":[{"href":"https:\/\/webstore4.com\/de\/wp-json\/wp\/v2\/media?parent=11289"}],"wp:term":[{"taxonomy":"pwb-brand","embeddable":true,"href":"https:\/\/webstore4.com\/de\/wp-json\/wp\/v2\/pwb-brand?post=11289"},{"taxonomy":"product_cat","embeddable":true,"href":"https:\/\/webstore4.com\/de\/wp-json\/wp\/v2\/product_cat?post=11289"},{"taxonomy":"product_tag","embeddable":true,"href":"https:\/\/webstore4.com\/de\/wp-json\/wp\/v2\/product_tag?post=11289"}],"curies":[{"name":"wp","href":"https:\/\/api.w.org\/{rel}","templated":true}]}}