{"id":11177,"date":"2023-09-17T17:16:38","date_gmt":"2023-09-17T15:16:38","guid":{"rendered":"https:\/\/webstore4.com\/?post_type=product&#038;p=11177"},"modified":"2024-06-20T08:45:40","modified_gmt":"2024-06-20T07:45:40","slug":"safire-sf-ac1101kem-wr-stand-alone-codepaneel-keypad-en-rfid-kaart-lezer-voor-binnen-en-buiten","status":"publish","type":"product","link":"https:\/\/webstore4.com\/de\/product\/safire-sf-ac1101kem-wr-stand-alone-codepaneel-keypad-en-rfid-kaart-lezer-voor-binnen-en-buiten\/","title":{"rendered":"Safire SF-AC1101KEM-WR Codepanel\/Tastatur und RFID-Kartenleser f\u00fcr drinnen und drau\u00dfen"},"content":{"rendered":"<p>Das Safire SF-AC1101KEM-WR ist ein Codepanel\/Tastatur und RFID-Kartenleser f\u00fcr den Innen- und Au\u00dfenbereich. Die Zugangskontrolle erfolgt mittels PIN-Code und\/oder Proximity-Karte bzw. Tag.<br \/>\nNur ein St\u00fcck verf\u00fcgbar.<\/p>\n<p>Das Leseger\u00e4t muss mit einem Safire Access-Controller verbunden sein, verf\u00fcgbar unter \u201eOptionen\u201c. Der Leser steht also nicht alleine da.<\/p>\n<p><strong>M\u00f6glichkeiten<\/strong><\/p>\n<p>Der Safire SF-AC1101KEM-WR verf\u00fcgt \u00fcber RS485-Kommunikation und einen Wiegand-Eingang und -Ausgang und muss \u00fcber ein 12-V-Gleichstrom-Netzteil (nicht im Lieferumfang enthalten) mit Strom versorgt werden. Das passende Netzteil kann unter \u201eOptionen\u201c bestellt werden.<\/p>\n<p>Unter dem Reiter \u201eDokumentation\u201c gibt es einen Link zum Datenblatt und zur Produktseite des vergleichbaren Hikvision-Modells.<\/p>\n<p><strong>Wichtigste Funktionen<\/strong><\/p>\n<ul>\n<li>Unterst\u00fctzt RFID-Karten (125 kHz), Armb\u00e4nder oder Tags<\/li>\n<li>Unterst\u00fctzt die Verwendung einer Karte\/Tag, einer PIN oder einer Kombination davon<\/li>\n<li>Wiegand<\/li>\n<li>RS-485-Schnittstelle<\/li>\n<li>Sabotagealarm<\/li>\n<\/ul>\n<p><a href=\"https:\/\/webstore4.com\/Copyright\/\" target=\"_blank\" rel=\"noopener\"><span style=\"color: #ff6e03; font-size: 11px;\">\u00a9 Der Text ist urheberrechtlich gesch\u00fctzt<\/span><\/a><\/p>","protected":false},"excerpt":{"rendered":"<p>De Safire SF-AC1101KEM-WR is een codepaneel \/ keypad en RFID kaart lezer voor gebruik binnen en buiten. De toegangscontrole vindt plaats door middel van een PIN code en\/of proximity kaart of tag. Slechts \u00e9\u00e9n stuks beschikbaar. De reader dient te worden verbonden met een Safire Access controller, beschikbaar onder &#8216;Opties&#8217;. De reader is dus niet<\/p>\n<div class=\"klb-readmore button\"><a class=\"btn link\" href=\"https:\/\/webstore4.com\/de\/product\/safire-sf-ac1101kem-wr-stand-alone-codepaneel-keypad-en-rfid-kaart-lezer-voor-binnen-en-buiten\/\">Mehr lesen <i class=\"klbth-icon-right-arrow\"><\/i><\/a><\/div>","protected":false},"featured_media":11179,"comment_status":"closed","ping_status":"closed","template":"","meta":[],"pwb-brand":[3385],"product_cat":[4191,4193],"product_tag":[],"class_list":{"0":"post-11177","1":"product","2":"type-product","3":"status-publish","4":"has-post-thumbnail","6":"pwb-brand-safire","7":"product_cat-access","8":"product_cat-toegangscontrole-access","9":"product_shipping_class-pakket","10":"pa_aanbieding-opop","11":"pa_garantie-3-jaar","12":"pa_merk-safire","13":"pa_omgeving-binnen-en-buiten","14":"pa_product-codepaneel","15":"pa_product-reader","16":"pa_stand-alone-nee","17":"pa_toegang-met-kaartlezer","18":"pa_toegang-met-keypad","19":"pa_voeding-12vdc","21":"first","22":"instock","23":"sale","24":"sold-individually","25":"taxable","26":"shipping-taxable","27":"purchasable","28":"product-type-simple"},"brands":[{"id":3385,"name":"Safire","slug":"safire"}],"_links":{"self":[{"href":"https:\/\/webstore4.com\/de\/wp-json\/wp\/v2\/product\/11177","targetHints":{"allow":["GET"]}}],"collection":[{"href":"https:\/\/webstore4.com\/de\/wp-json\/wp\/v2\/product"}],"about":[{"href":"https:\/\/webstore4.com\/de\/wp-json\/wp\/v2\/types\/product"}],"replies":[{"embeddable":true,"href":"https:\/\/webstore4.com\/de\/wp-json\/wp\/v2\/comments?post=11177"}],"wp:featuredmedia":[{"embeddable":true,"href":"https:\/\/webstore4.com\/de\/wp-json\/wp\/v2\/media\/11179"}],"wp:attachment":[{"href":"https:\/\/webstore4.com\/de\/wp-json\/wp\/v2\/media?parent=11177"}],"wp:term":[{"taxonomy":"pwb-brand","embeddable":true,"href":"https:\/\/webstore4.com\/de\/wp-json\/wp\/v2\/pwb-brand?post=11177"},{"taxonomy":"product_cat","embeddable":true,"href":"https:\/\/webstore4.com\/de\/wp-json\/wp\/v2\/product_cat?post=11177"},{"taxonomy":"product_tag","embeddable":true,"href":"https:\/\/webstore4.com\/de\/wp-json\/wp\/v2\/product_tag?post=11177"}],"curies":[{"name":"wp","href":"https:\/\/api.w.org\/{rel}","templated":true}]}}