{"id":11129,"date":"2023-09-14T14:50:17","date_gmt":"2023-09-14T12:50:17","guid":{"rendered":"https:\/\/webstore4.com\/?post_type=product&#038;p=11129"},"modified":"2025-06-15T19:15:13","modified_gmt":"2025-06-15T18:15:13","slug":"dahua-asc2202b-d-twee-deur-access-controller","status":"publish","type":"product","link":"https:\/\/webstore4.com\/de\/product\/dahua-asc2202b-d-twee-deur-access-controller\/","title":{"rendered":"Dahua ASC2202B-D Zugangscontroller f\u00fcr zwei T\u00fcren"},"content":{"rendered":"<p>Der Dahua ASC2202B-D ist ein zweit\u00fcriger (einseitiger) Zugangscontroller.<\/p>\n<p><strong>M\u00f6glichkeiten<\/strong><\/p>\n<p>Der Dahua ASC1208C-S kommuniziert sowohl \u00fcber RS485 als auch \u00fcber das Wiegand-Protokoll. Eine Verbindung zu einem PC erfolgt \u00fcber TCP\/IP und kann \u00fcber die kostenlose Dahua-Software SmartPSS auf einem Windows-PC verwaltet werden.<\/p>\n<p>Der Dahua ASC2202B-D muss mit 12 VDC oder PoE-Stromversorgung betrieben werden. Passende Netzteile k\u00f6nnen Sie unter dem Reiter \u201eOptionen\u201c finden und bestellen. Unter dem Reiter \u201eDokumentation\u201c gibt es einen Link zur Website des Herstellers inklusive Datenblatt und Handbuch (Register \u201eDownload\u201c).<\/p>\n<p><strong>Wichtigste Funktionen<\/strong><\/p>\n<ul>\n<li>Unterst\u00fctzt 100.000 Benutzer und 500.000 Datens\u00e4tze, 3.000 Fingerabdr\u00fccke<\/li>\n<li>Unterst\u00fctzt die Verwendung von Karten-\/Tag-Leseger\u00e4ten, Fingerabdruck-Leseger\u00e4ten und\/oder PIN-Code-Leseger\u00e4ten<\/li>\n<li>TCP\/IP-Verbindung zum PC<\/li>\n<li>Wiegand- oder RS-485-Schnittstelle<\/li>\n<li>Integrierte RTC, unterst\u00fctzt manuelle Zeitsynchronisierung und automatische Zeitsynchronisierung<\/li>\n<li>T\u00fcr-Timeout-Alarm, Einbruchalarm, Bedrohungsalarm und Sabotagealarm<\/li>\n<li>Anti-Pass-Back, Multi-Card-Open<\/li>\n<li>Watch-Dog-Funktion<\/li>\n<\/ul>\n<p><a href=\"https:\/\/webstore4.com\/Copyright\/\" target=\"_blank\" rel=\"noopener\"><span style=\"color: #ff6e03; font-size: 11px;\">\u00a9 Der Text ist urheberrechtlich gesch\u00fctzt<\/span><\/a><\/p>","protected":false},"excerpt":{"rendered":"<p>De Dahua ASC2202B-D is een twee deurs (eenweg) access controller. Mogelijkheden De Dahua ASC2202B-D beschikt over communicatie over zowel RS485 als het Wiegand protocol. Een verbinding naar een PC verloopt via TCP\/IP en kan worden beheerd via de gratis SmartPSS Dahua software op een Windows PC. De Dahua ASC2202B-D moet worden gevoed met 12VDC of<\/p>\n<div class=\"klb-readmore button\"><a class=\"btn link\" href=\"https:\/\/webstore4.com\/de\/product\/dahua-asc2202b-d-twee-deur-access-controller\/\">Mehr lesen <i class=\"klbth-icon-right-arrow\"><\/i><\/a><\/div>","protected":false},"featured_media":11130,"comment_status":"open","ping_status":"closed","template":"","meta":[],"pwb-brand":[3376],"product_cat":[4191,4193],"product_tag":[],"class_list":{"0":"post-11129","1":"product","2":"type-product","3":"status-publish","4":"has-post-thumbnail","6":"pwb-brand-dahua","7":"product_cat-access","8":"product_cat-toegangscontrole-access","9":"product_shipping_class-pakket","10":"pa_garantie-3-jaar","11":"pa_max-aantal-gebruikers-3793","12":"pa_merk-dahua","13":"pa_omgeving-binnen","14":"pa_product-access-controller","15":"pa_voeding-12vdc","17":"first","18":"onbackorder","19":"taxable","20":"shipping-taxable","21":"purchasable","22":"product-type-simple"},"brands":[{"id":3376,"name":"Dahua","slug":"dahua"}],"_links":{"self":[{"href":"https:\/\/webstore4.com\/de\/wp-json\/wp\/v2\/product\/11129","targetHints":{"allow":["GET"]}}],"collection":[{"href":"https:\/\/webstore4.com\/de\/wp-json\/wp\/v2\/product"}],"about":[{"href":"https:\/\/webstore4.com\/de\/wp-json\/wp\/v2\/types\/product"}],"replies":[{"embeddable":true,"href":"https:\/\/webstore4.com\/de\/wp-json\/wp\/v2\/comments?post=11129"}],"wp:featuredmedia":[{"embeddable":true,"href":"https:\/\/webstore4.com\/de\/wp-json\/wp\/v2\/media\/11130"}],"wp:attachment":[{"href":"https:\/\/webstore4.com\/de\/wp-json\/wp\/v2\/media?parent=11129"}],"wp:term":[{"taxonomy":"pwb-brand","embeddable":true,"href":"https:\/\/webstore4.com\/de\/wp-json\/wp\/v2\/pwb-brand?post=11129"},{"taxonomy":"product_cat","embeddable":true,"href":"https:\/\/webstore4.com\/de\/wp-json\/wp\/v2\/product_cat?post=11129"},{"taxonomy":"product_tag","embeddable":true,"href":"https:\/\/webstore4.com\/de\/wp-json\/wp\/v2\/product_tag?post=11129"}],"curies":[{"name":"wp","href":"https:\/\/api.w.org\/{rel}","templated":true}]}}