{"id":11087,"date":"2023-09-13T11:11:01","date_gmt":"2023-09-13T09:11:01","guid":{"rendered":"https:\/\/webstore4.com\/?post_type=product&#038;p=11087"},"modified":"2025-04-10T16:23:58","modified_gmt":"2025-04-10T15:23:58","slug":"yli-yb-200ip-elektrisch-grendelslot-waterproof-inbouw-800kg-fail-safe","status":"publish","type":"product","link":"https:\/\/webstore4.com\/de\/product\/yli-yb-200ip-elektrisch-grendelslot-waterproof-inbouw-800kg-fail-safe\/","title":{"rendered":"YLI YB-200IP elektrisches Riegelschloss wasserdicht eingebaut, 800 kg, ausfallsicher"},"content":{"rendered":"<p>Das elektrische Riegelschloss YLI YB-200IP ist wasserdicht, hat einen Widerstand von 800 kg und verf\u00fcgt \u00fcber einen ausfallsicheren Schaltkreis: Sobald die Stromversorgung des Schlosses unterbrochen wird, wird die T\u00fcr nicht verriegelt.<br \/>\nDer YLI YB-200IP verf\u00fcgt \u00fcber ein T\u00fcrsignal (NO\/COM) und ein Verriegelungssignal (NO\/NC\/COM). Das 180-Grad-Schloss kann sowohl an nach innen als auch nach au\u00dfen \u00f6ffnenden T\u00fcren montiert werden.<\/p>\n<p><strong>M\u00f6glichkeiten<\/strong><\/p>\n<p>Der YLI YB-200(LED) ist f\u00fcr den Einsatz mit Zugangskontrollsystemen wie Gegensprechanlagen und Kartenlesern geeignet. Der YLI YB-200(LED) hat eine Widerstandskraft von 1000 kg und muss mit 12 VDC betrieben werden. Netzteil ist nicht im Lieferumfang enthalten. Unter dem Reiter \u201eOptionen\u201c sind verschiedene Netzteile aufgef\u00fchrt. F\u00fcr die richtige Anwendung empfehlen wir Ihnen, das Datenblatt zu konsultieren, das unter der Registerkarte \u201eDokumentation\u201c enthalten ist.<\/p>\n<p><strong>Wichtigste Funktionen<\/strong><\/p>\n<ul>\n<li>Ausfallsicheres Schloss<\/li>\n<li>Wasserdicht IP66<\/li>\n<li>Per Signal<\/li>\n<li>Sperrsignal<\/li>\n<li>800 kg Haltekraft<\/li>\n<li>Edelstahl 304<\/li>\n<\/ul>\n<p><a href=\"https:\/\/www.webstore4ipcameras.nl\/Copyright\" target=\"_blank\" rel=\"noopener\"><span style=\"color: #ff6e03; font-size: 11px;\">\u00a9 Der Text ist urheberrechtlich gesch\u00fctzt<\/span><\/a><\/p>","protected":false},"excerpt":{"rendered":"<p>De YLI YB-200IP elektrisch grendelslot waterproof, 800KG weerstand en een fail safe schakeling: zodra de stroom naar het slot wegvalt is de deur niet op slot. De YLI YB-200IP beschikt over Door signal (NO\/COM) en Lock signal (NO\/NC\/COM). Het 180 graden slot kan gemonteerd worden op zowel naar binnen als naar buiten openende deuren. Mogelijkheden<\/p>\n<div class=\"klb-readmore button\"><a class=\"btn link\" href=\"https:\/\/webstore4.com\/de\/product\/yli-yb-200ip-elektrisch-grendelslot-waterproof-inbouw-800kg-fail-safe\/\">Mehr lesen <i class=\"klbth-icon-right-arrow\"><\/i><\/a><\/div>","protected":false},"featured_media":13016,"comment_status":"closed","ping_status":"closed","template":"","meta":[],"pwb-brand":[3382],"product_cat":[4191,4197],"product_tag":[],"class_list":{"0":"post-11087","1":"product","2":"type-product","3":"status-publish","4":"has-post-thumbnail","6":"pwb-brand-yli","7":"product_cat-access","8":"product_cat-elektrische-sloten","9":"product_shipping_class-pakket","10":"pa_fail-fail-safe","11":"pa_garantie-3-jaar","12":"pa_materiaal-roestvast-staal","13":"pa_merk-yli","14":"pa_montage-inbouw","15":"pa_omgeving-binnen-en-buiten","16":"pa_product-grendelslot","17":"pa_voeding-12vdc","18":"pa_weersbestendigheid-ip66","19":"pa_weerstand-kracht-800-kg","21":"first","22":"instock","23":"featured","24":"taxable","25":"shipping-taxable","26":"purchasable","27":"product-type-simple"},"brands":[{"id":3382,"name":"YLI","slug":"yli"}],"_links":{"self":[{"href":"https:\/\/webstore4.com\/de\/wp-json\/wp\/v2\/product\/11087","targetHints":{"allow":["GET"]}}],"collection":[{"href":"https:\/\/webstore4.com\/de\/wp-json\/wp\/v2\/product"}],"about":[{"href":"https:\/\/webstore4.com\/de\/wp-json\/wp\/v2\/types\/product"}],"replies":[{"embeddable":true,"href":"https:\/\/webstore4.com\/de\/wp-json\/wp\/v2\/comments?post=11087"}],"wp:featuredmedia":[{"embeddable":true,"href":"https:\/\/webstore4.com\/de\/wp-json\/wp\/v2\/media\/13016"}],"wp:attachment":[{"href":"https:\/\/webstore4.com\/de\/wp-json\/wp\/v2\/media?parent=11087"}],"wp:term":[{"taxonomy":"pwb-brand","embeddable":true,"href":"https:\/\/webstore4.com\/de\/wp-json\/wp\/v2\/pwb-brand?post=11087"},{"taxonomy":"product_cat","embeddable":true,"href":"https:\/\/webstore4.com\/de\/wp-json\/wp\/v2\/product_cat?post=11087"},{"taxonomy":"product_tag","embeddable":true,"href":"https:\/\/webstore4.com\/de\/wp-json\/wp\/v2\/product_tag?post=11087"}],"curies":[{"name":"wp","href":"https:\/\/api.w.org\/{rel}","templated":true}]}}