{"id":11082,"date":"2023-09-13T10:13:27","date_gmt":"2023-09-13T08:13:27","guid":{"rendered":"https:\/\/webstore4.com\/?post_type=product&#038;p=11082"},"modified":"2024-04-19T15:15:53","modified_gmt":"2024-04-19T14:15:53","slug":"yli-dlk-402l-flexibele-rvs-inbouw-kabel-overgang","status":"publish","type":"product","link":"https:\/\/webstore4.com\/de\/product\/yli-dlk-402l-flexibele-rvs-inbouw-kabel-overgang\/","title":{"rendered":"YLI DLK-402L flexibele inbouw kabel overgang"},"content":{"rendered":"<p>Der YLI DLK-402SS ist ein flexibler Kabel\u00fcbergang aus Edelstahl f\u00fcr den Einbau in eine T\u00fcr. F\u00fcr die Abmessungen und die korrekte Anwendung empfehlen wir Ihnen, das Datenblatt zu konsultieren, das unter der Registerkarte \u201eDokumentation\u201c enthalten ist.<\/p>\n<p><a href=\"https:\/\/www.webstore4ipcameras.nl\/Copyright\" target=\"_blank\" rel=\"noopener\"><span style=\"color: #ff6e03; font-size: 11px;\">\u00a9 Der Text ist urheberrechtlich gesch\u00fctzt<\/span><\/a><\/p>","protected":false},"excerpt":{"rendered":"<p>De YLI DLK-402L is een flexibele kabel overgang voor inbouw in een deur. Wij adviseren de datasheet, die is opgenomen onder het tabblad &#8220;Documentatie&#8221;, te raadplegen voor de afmetingen en de juiste toepassing. \u00a9 Tekst is auteursrechtelijk beschermd<\/p>","protected":false},"featured_media":11084,"comment_status":"closed","ping_status":"closed","template":"","meta":[],"pwb-brand":[3382],"product_cat":[4191,4197],"product_tag":[],"class_list":{"0":"post-11082","1":"product","2":"type-product","3":"status-publish","4":"has-post-thumbnail","6":"pwb-brand-yli","7":"product_cat-access","8":"product_cat-elektrische-sloten","9":"product_shipping_class-pakket","10":"pa_garantie-3-jaar","11":"pa_materiaal-alloy","12":"pa_merk-yli","13":"pa_montage-inbouw","14":"pa_profiel-kabel-overgang","16":"first","17":"instock","18":"taxable","19":"shipping-taxable","20":"purchasable","21":"product-type-simple"},"brands":[{"id":3382,"name":"YLI","slug":"yli"}],"_links":{"self":[{"href":"https:\/\/webstore4.com\/de\/wp-json\/wp\/v2\/product\/11082","targetHints":{"allow":["GET"]}}],"collection":[{"href":"https:\/\/webstore4.com\/de\/wp-json\/wp\/v2\/product"}],"about":[{"href":"https:\/\/webstore4.com\/de\/wp-json\/wp\/v2\/types\/product"}],"replies":[{"embeddable":true,"href":"https:\/\/webstore4.com\/de\/wp-json\/wp\/v2\/comments?post=11082"}],"wp:featuredmedia":[{"embeddable":true,"href":"https:\/\/webstore4.com\/de\/wp-json\/wp\/v2\/media\/11084"}],"wp:attachment":[{"href":"https:\/\/webstore4.com\/de\/wp-json\/wp\/v2\/media?parent=11082"}],"wp:term":[{"taxonomy":"pwb-brand","embeddable":true,"href":"https:\/\/webstore4.com\/de\/wp-json\/wp\/v2\/pwb-brand?post=11082"},{"taxonomy":"product_cat","embeddable":true,"href":"https:\/\/webstore4.com\/de\/wp-json\/wp\/v2\/product_cat?post=11082"},{"taxonomy":"product_tag","embeddable":true,"href":"https:\/\/webstore4.com\/de\/wp-json\/wp\/v2\/product_tag?post=11082"}],"curies":[{"name":"wp","href":"https:\/\/api.w.org\/{rel}","templated":true}]}}