{"id":10568,"date":"2022-08-22T21:33:36","date_gmt":"2022-08-22T19:33:36","guid":{"rendered":"https:\/\/webstore4.com\/\/?product=wl4-solar-kit-650b100d-20-complete-zonne-energie-kit-met-12v-65ah-accu-snoer-2x-100w-zonnepaneel-en-controller"},"modified":"2024-06-21T13:18:32","modified_gmt":"2024-06-21T12:18:32","slug":"wl4-solar-kit-650b100d-20-complete-zonne-energie-kit","status":"publish","type":"product","link":"https:\/\/webstore4.com\/de\/product\/wl4-solar-kit-650b100d-20-complete-zonne-energie-kit\/","title":{"rendered":"WL4 SOLAR-KIT-650B100D-20 komplettes Solarenergie-Kit mit 12V 65Ah Batterie, Kabel, 2x 100W Solarpanel und Controller"},"content":{"rendered":"<p>Das WL4 SOLAR-KIT-650B100D-20 ist ein hochwertiges Solarenergie-Komplettset bestehend aus einem 12V 65Ah Akku, 2x 100W Solarpanel, Spezialkabeln und Steckern sowie einem 20A Controller. Das System eignet sich f\u00fcr IP-Kameras, Alarmanlage, Bewegungsmelder, Wohnwagen, Wohnmobil, Boot usw. Das WL4 SOLAR-KIT-650B100D-20 ist ein komplettes Solarenergie-Set zur Stromerzeugung und -speicherung f\u00fcr Produkte, die mit 12 VDC versorgt werden . Wenn 230VAC ben\u00f6tigt werden, kann ein Konverter (optional) in das Solarenergiesystem integriert werden. Das WL4 SOLAR-KIT-650B100D-20 ist ideal f\u00fcr den Einsatz an Standorten ohne Stromversorgung.<\/p>\n<p>Das Kit besteht aus 2x einem 100-Watt-Solarpanel, einer 12-VDC-65-Ah-Batterie, einem 20-A-Controller, 10 Metern Kabel und einem Stecker speziell f\u00fcr Solarpanelsysteme.<\/p>\n<p>Wie lange ein Ger\u00e4t mit einer Solaranlage betrieben werden kann, h\u00e4ngt unter anderem vom Verbrauch des Ger\u00e4ts, der Umgebungstemperatur, der Anzahl der Tageslichtstunden und Lichtintensit\u00e4t, der Kapazit\u00e4t des Solarpanels und der Batterie ab. Liefert dieses Kit zu viel oder zu wenig Leistung? Wir haben in unserem Online-Shop auch weitere Sets sowie alle Einzelkomponenten, um eine komplette Solaranlage selbst zusammenzustellen.<\/p>\n<p>Op de accu wordt een garantie op product gebreken gegeven van 6 maanden en op de overige onderdelen van de kit 2 jaar.<\/p>\n<p><strong>Wichtige Funktionen<\/strong><\/p>\n<ul>\n<li>12VDC AGM-Batterie mit 65000mA Kapazit\u00e4t (345x165x177mm)<\/li>\n<li>2x 100 Watt Solarpanel 1190x450x30mm<\/li>\n<li>20A MPPT-Controller<\/li>\n<li>1 x 10 Meter 4,0 mm rotes Kabel<\/li>\n<li>1 x 10 Meter 4,0 mm Kabel schwarz<\/li>\n<li>2 x MC4-Kabelstecker<\/li>\n<\/ul>\n<p><a href=\"https:\/\/www.webstore4ipcameras.nl\/Copyright\" target=\"_blank\" rel=\"noopener\"><span style=\"color: #ff6e03; font-size: 11px;\">\u00a9 Der Text ist urheberrechtlich gesch\u00fctzt<\/span><\/a><\/p>","protected":false},"excerpt":{"rendered":"<p>De WL4 SOLAR-KIT-650B100D-20 is een hoogwaardig complete zonne energie set bestaande uit een 12V 65Ah accu, 2x 100W zonnepaneel, speciale kabels en connector en een 20A controller.\u00a0Het systeem is geschikt voor onder meer IP camera&#8217;s, een alarmsysteem, bewegingsdetector, caravan, camper, boot etc. De WL4 SOLAR-KIT-650B100D-20 is een complete zonne-energie set voor het opwekken en opslaan<\/p>\n<div class=\"klb-readmore button\"><a class=\"btn link\" href=\"https:\/\/webstore4.com\/de\/product\/wl4-solar-kit-650b100d-20-complete-zonne-energie-kit\/\">Mehr lesen <i class=\"klbth-icon-right-arrow\"><\/i><\/a><\/div>","protected":false},"featured_media":10569,"comment_status":"open","ping_status":"closed","template":"","meta":[],"pwb-brand":[3380],"product_cat":[4247,4248],"product_tag":[],"class_list":{"0":"post-10568","1":"product","2":"type-product","3":"status-publish","4":"has-post-thumbnail","6":"pwb-brand-wl4","7":"product_cat-duurzaamheid","8":"product_cat-zonnepanelen","9":"product_shipping_class-pakket","10":"pa_ampereuur-65a","11":"pa_capaciteit-accu-65000mah","12":"pa_garantie-2-jaar","13":"pa_garantie-6-maanden","14":"pa_merk-wl4","15":"pa_product-complete-kit","16":"pa_type-controller-mppt","17":"pa_usb-uitgang-nee","18":"pa_wattage-zonnepaneel-100-watt","20":"first","21":"onbackorder","22":"taxable","23":"shipping-taxable","24":"purchasable","25":"product-type-simple"},"brands":[{"id":3380,"name":"WL4","slug":"wl4"}],"_links":{"self":[{"href":"https:\/\/webstore4.com\/de\/wp-json\/wp\/v2\/product\/10568","targetHints":{"allow":["GET"]}}],"collection":[{"href":"https:\/\/webstore4.com\/de\/wp-json\/wp\/v2\/product"}],"about":[{"href":"https:\/\/webstore4.com\/de\/wp-json\/wp\/v2\/types\/product"}],"replies":[{"embeddable":true,"href":"https:\/\/webstore4.com\/de\/wp-json\/wp\/v2\/comments?post=10568"}],"wp:featuredmedia":[{"embeddable":true,"href":"https:\/\/webstore4.com\/de\/wp-json\/wp\/v2\/media\/10569"}],"wp:attachment":[{"href":"https:\/\/webstore4.com\/de\/wp-json\/wp\/v2\/media?parent=10568"}],"wp:term":[{"taxonomy":"pwb-brand","embeddable":true,"href":"https:\/\/webstore4.com\/de\/wp-json\/wp\/v2\/pwb-brand?post=10568"},{"taxonomy":"product_cat","embeddable":true,"href":"https:\/\/webstore4.com\/de\/wp-json\/wp\/v2\/product_cat?post=10568"},{"taxonomy":"product_tag","embeddable":true,"href":"https:\/\/webstore4.com\/de\/wp-json\/wp\/v2\/product_tag?post=10568"}],"curies":[{"name":"wp","href":"https:\/\/api.w.org\/{rel}","templated":true}]}}