{"id":10560,"date":"2022-08-02T16:36:47","date_gmt":"2022-08-02T14:36:47","guid":{"rendered":"https:\/\/webstore4.com\/\/?product=dahua-ipc-hdw3841emp-as-ultra-4k-hd-8mp-starlight-wizsense-buiten-eyeball-camera-met-poe-ir-nachtzicht-microsd-en-120db-wdr"},"modified":"2024-04-19T15:15:37","modified_gmt":"2024-04-19T14:15:37","slug":"dahua-ipc-hdw3841emp-s-s2-8mp-eyeball-camera","status":"publish","type":"product","link":"https:\/\/webstore4.com\/de\/product\/dahua-ipc-hdw3841emp-s-s2-8mp-eyeball-camera\/","title":{"rendered":"Dahua IPC-HDW3841EMP-AS Ultra 4K HD 8MP Starlight WizSense Outdoor-Augapfelkamera mit POE, IR-Nachtsicht, microSD und 120 dB WDR"},"content":{"rendered":"<p>Die Dahua IPC-HDW3841EM-AS-B ist eine 8-Megapixel-Ultra-4K-HD-Augapfel-Schwarzkamera mit POE, WizSense-Technologie, einem festen 2,8-mm-Objektiv, Infrarot-Nachtsicht, SD-Kartensteckplatz, integriertem Mikrofon und 120 dB WDR f\u00fcr den Innen- und Au\u00dfenbereich . Die Kamera verf\u00fcgt \u00fcber das neueste H.265-Kodierungsprotokoll f\u00fcr eine sehr effiziente Nutzung der Netzwerkbandbreite und des Speicherplatzes f\u00fcr Bilder.<\/p>\n<p><strong>M\u00f6glichkeiten<\/strong><\/p>\n<p>De Dahua IPC-HDW3841EMP-S-S2 geeft beelden weer in een 4K UltraHD 3840&#215;2160 resolutie. De camera heeft een ingebouwd automatisch IR-cut filter en is daarmee een echte dag\/nacht camera. In donkere omstandigheden kan de camera de ingebouwde IR verlichting inschakelen waardoor er zelfs in volledige duisternis (0 Lux) een haarscherp beeld is. De IR verlichting heeft een bereik van maar liefst 30 meter. De camera beschikt over 120 dB Wide Dynamic Range (WDR) waardoor de camera zeer goed kan omgaan met complexe lichtomstandigheden als gevolg van bijvoorbeeld tegenlicht van de zon of auto koplampen.<\/p>\n<p>Bilder k\u00f6nnen unter anderem auf einem Netzwerk-Videorecorder (NVR) gespeichert werden. Die Kamera verf\u00fcgt au\u00dferdem \u00fcber die M\u00f6glichkeit, in der Kamera auf einer microSD-Speicherkarte mit bis zu maximal 256 GB aufzuzeichnen.<\/p>\n<p>De Dahua IPC-HDW3841EMP-S-S2 maakt gebruik van de gratis Nederlandstalige Dahua app voor Apple iOS en Android en PC\/Mac Video Management Software (VMS). De camera heeft een interne webserver (ook Nederlandstalig) die met een webbrowser kan worden bekeken en beheerd.<\/p>\n<p>Die Dahua IPC-HDW3841EMP-AS-B verf\u00fcgt \u00fcber die Schutzart IP67, wodurch sich die Kamera ideal f\u00fcr den Au\u00dfenbereich eignet. Zur einfacheren Installation kann die Kamera \u00fcber das Netzwerkkabel mit Power over Ethernet (Standard 802.3af POE) mit Strom versorgt werden. PoE kann \u00fcber einen PoE-NVR, einen PoE-Switch oder mit einem PoE-Injektor bezogen werden. Die Kamera kann auch mit einem optionalen 12-V-Netzteil mit Strom versorgt werden. Passende Dahua-Montagehalterungen sind unter der Registerkarte \u201e\u00c4hnliche\u201c aufgef\u00fchrt. Die Kamera ist \u00fcber 3 Achsen manuell verstellbar und eignet sich daher sehr gut f\u00fcr die vertikale Platzierung an einer Wand.<\/p>\n<p><strong>Wichtigste Funktionen<\/strong><\/p>\n<ul>\n<li>8-Megapixel-4K-UltraHD-Kamera mit festem 2,8-mm-Objektiv f\u00fcr gestochen scharfe Bilder<\/li>\n<li>Eingebautes Mikrophon<\/li>\n<li>WizSense-Technologie<\/li>\n<li>Tag-\/Nachtkamera mit automatischem mechanischem IR-Sperrfilter<\/li>\n<li>IR-Nachtsichtbeleuchtung bis zu 30 Meter<\/li>\n<li>Aufnahme in der Kamera auf SD-Karte (nicht im Lieferumfang enthalten)<\/li>\n<li>Auf 3 Achsen verstellbar<\/li>\n<li>120 dB breiter Dynamikbereich (WDR)<\/li>\n<li>Zonen-optionale Hintergrundbeleuchtungskompensation (BLC)<\/li>\n<li>3D-Digital-Rauschunterdr\u00fcckung (3D-DNR)<\/li>\n<li>Bewegungserkennung, Manipulationsalarm, Privatzonenmaske, Intelligentes Videosystem (IVS)<\/li>\n<li>ONVIF-Protokoll<\/li>\n<li>H.265+, H.265, H.264+ und H.264 Codec<\/li>\n<li>Stromversorgung \u00fcber 12VDC-Adapter oder \u00fcber PoE (802.3af)<\/li>\n<\/ul>\n<p><a href=\"https:\/\/www.webstore4ipcameras.nl\/Copyright\" target=\"_blank\" rel=\"noopener\"><span style=\"color: #ff6e03; font-size: 11px;\">\u00a9 Der Text ist urheberrechtlich gesch\u00fctzt<\/span><\/a><\/p>","protected":false},"excerpt":{"rendered":"<p>Die Dahua IPC-HDW3841EM-AS-B ist eine 8-Megapixel-Ultra-4K-HD-Augapfel-Schwarzkamera mit POE, WizSense-Technologie, einem festen 2,8-mm-Objektiv, Infrarot-Nachtsicht, SD-Kartensteckplatz, integriertem Mikrofon und 120 dB WDR f\u00fcr den Innen- und Au\u00dfenbereich . Die Kamera verf\u00fcgt \u00fcber das neueste H.265-Kodierungsprotokoll f\u00fcr eine sehr effiziente Nutzung der Netzwerkbandbreite und des Speicherplatzes f\u00fcr Bilder.<\/p>\n<div class=\"klb-readmore button\"><a class=\"btn link\" href=\"https:\/\/webstore4.com\/de\/product\/dahua-ipc-hdw3841emp-s-s2-8mp-eyeball-camera\/\">Mehr lesen <i class=\"klbth-icon-right-arrow\"><\/i><\/a><\/div>","protected":false},"featured_media":12644,"comment_status":"open","ping_status":"closed","template":"","meta":[],"pwb-brand":[3376],"product_cat":[4184,4200],"product_tag":[],"class_list":{"0":"post-10560","1":"product","2":"type-product","3":"status-publish","4":"has-post-thumbnail","6":"pwb-brand-dahua","7":"product_cat-cameras","8":"product_cat-dome-eyeball-cameras-cameras","9":"product_shipping_class-pakket","10":"pa_beeldhoek-graden-horizontaal-4004","11":"pa_beeldsensor-1-2-8-cmos","12":"pa_dag-nacht-ir-cut-filter-ja","13":"pa_geheugenkaart-type-micro-sdsdhcsdxc-256gb","14":"pa_ingebouwd-type-nachtzicht-infrared-ir-led","15":"pa_lens-mm-2-8","16":"pa_megapixel-8mp","17":"pa_merk-dahua","18":"pa_minimale-verlichting-0-007-lux-0-lux-met-ir","19":"pa_mobiele-app-fabrikant-ja","20":"pa_nachtzicht-ja","21":"pa_omgeving-binnen-en-buiten","22":"pa_opnemen-op-sd-kaart-ja","23":"pa_poe-802-3af","24":"pa_product-status-b","25":"pa_resolutie-max-pixels-ultra-4k-hd-3840x2160","26":"pa_vandaalbestendig-nee","27":"pa_verstelbare-assen-3631","28":"pa_voeding-12vdc","29":"pa_voeding-poe","30":"pa_wdr-ja","32":"first","33":"onbackorder","34":"taxable","35":"shipping-taxable","36":"purchasable","37":"product-type-simple"},"brands":[{"id":3376,"name":"Dahua","slug":"dahua"}],"_links":{"self":[{"href":"https:\/\/webstore4.com\/de\/wp-json\/wp\/v2\/product\/10560","targetHints":{"allow":["GET"]}}],"collection":[{"href":"https:\/\/webstore4.com\/de\/wp-json\/wp\/v2\/product"}],"about":[{"href":"https:\/\/webstore4.com\/de\/wp-json\/wp\/v2\/types\/product"}],"replies":[{"embeddable":true,"href":"https:\/\/webstore4.com\/de\/wp-json\/wp\/v2\/comments?post=10560"}],"wp:featuredmedia":[{"embeddable":true,"href":"https:\/\/webstore4.com\/de\/wp-json\/wp\/v2\/media\/12644"}],"wp:attachment":[{"href":"https:\/\/webstore4.com\/de\/wp-json\/wp\/v2\/media?parent=10560"}],"wp:term":[{"taxonomy":"pwb-brand","embeddable":true,"href":"https:\/\/webstore4.com\/de\/wp-json\/wp\/v2\/pwb-brand?post=10560"},{"taxonomy":"product_cat","embeddable":true,"href":"https:\/\/webstore4.com\/de\/wp-json\/wp\/v2\/product_cat?post=10560"},{"taxonomy":"product_tag","embeddable":true,"href":"https:\/\/webstore4.com\/de\/wp-json\/wp\/v2\/product_tag?post=10560"}],"curies":[{"name":"wp","href":"https:\/\/api.w.org\/{rel}","templated":true}]}}