{"id":10557,"date":"2022-07-28T22:24:05","date_gmt":"2022-07-28T20:24:05","guid":{"rendered":"https:\/\/webstore4.com\/\/?product=hikvision-ds-2cd2387g2p-lsusl-panoramic-8mp-colorvu-dome-met-180-graden-beeldhoek-wit-led-130db-wdr-microfoon-en-audioalarm-io"},"modified":"2024-04-19T15:15:36","modified_gmt":"2024-04-19T14:15:36","slug":"hikvision-ds-2cd2387g2p-lsusl-panoramic-8mp-colorvu","status":"publish","type":"product","link":"https:\/\/webstore4.com\/de\/product\/hikvision-ds-2cd2387g2p-lsusl-panoramic-8mp-colorvu\/","title":{"rendered":"Hikvision DS-2CD2387G2P-LSU\/SL Panorama-8-MP-ColorVu-Kuppel mit 180-Grad-Betrachtungswinkel, wei\u00dfer LED, 130 dB WDR, Mikrofon und Audio-\/Alarm-IO"},"content":{"rendered":"<div class=\"video-frame-box\" style=\"width: 100%; max-width: 480px; max-height: 270px; float: right; padding: 0px 10px 10px 10px;\">\n<div class=\"video-frame\"><iframe src=\"\/\/www.youtube.com\/embed\/V-eXIKCSJIk?rel=0&amp;modestbranding=1&amp;showinfo=0&amp;autohide=1\" width=\"480\" height=\"270\" frameborder=\"0\"><\/iframe><\/div>\n<\/div>\n<p>Die Hikvision DS-2CD2387G2P-LSU\/SL-B ist eine schwarze 8MP UltraHD 4K ColorVu-Panoramakuppel mit 180-Grad-Betrachtungswinkel, Doppelobjektiv, wei\u00dfer LED, 130 dB WDR, integriertem Mikrofon und Audio-\/Alarmeingang und -ausgang. Die Kamera verf\u00fcgt \u00fcber PoE und einen microSD-Steckplatz und ist f\u00fcr den Au\u00dfen- und Innenbereich geeignet.<\/p>\n<p>Das Hikvision DS-2CD2387G2P-LSU\/SL-B ist Teil der Hikvision AcuSense-Serie von Hikvision. Bei den Kameras der AcuSense-Serie handelt es sich um fortschrittliche Kameras, die umfassende Algorithmen und k\u00fcnstliche Intelligenz nutzen, um eine genaue Einbrucherkennung zu erm\u00f6glichen. Die Kameras unterscheiden effektiv zwischen wichtigen Bewegungen, wie z. B. Personen und Fahrzeugen, und unwichtigen Aktivit\u00e4ten, wie z. B. Tieren oder sich bewegenden \u00c4sten. Dadurch werden Fehlalarme minimiert und gezielte Warnungen bereitgestellt, was eine effizientere und effektivere \u00dcberwachung erm\u00f6glicht.<\/p>\n<p><strong>M\u00f6glichkeiten<\/strong><\/p>\n<p>Der Hikvision DS-2CD2387G2P-LSU\/SL-B zeigt Bilder in Full HD 5120\u00d71440 Aufl\u00f6sung an. Die Dual-Kamera verf\u00fcgt \u00fcber eine integrierte wei\u00dfe LED und ist somit eine Tag-\/Nachtkamera. Bei Dunkelheit kann die Kamera die integrierte wei\u00dfe IR-LED-Beleuchtung einschalten und so auch bei v\u00f6lliger Dunkelheit ein Farbbild liefern. Die IR-wei\u00dfe LED-Beleuchtung hat eine Reichweite von nicht weniger als 30 Metern.<\/p>\n<p>Die Kamera verf\u00fcgt \u00fcber ein festes 4-mm-Doppelobjektiv mit einem Betrachtungswinkel von 180 Grad. Die Kamera bietet die M\u00f6glichkeit, auf einer SD-Karte in der Kamera bis zu maximal 512 GB aufzuzeichnen. Bilder k\u00f6nnen auch auf einem NAS\/NVR gespeichert werden.<\/p>\n<p>Die Hikvision DS-2CD2387G2P-LSU\/SL-B verf\u00fcgt \u00fcber die Schutzart IP67, wodurch sich die Kamera ideal f\u00fcr den Au\u00dfenbereich eignet. Zur einfacheren Installation kann die Kamera \u00fcber das Netzwerkkabel mit Power over Ethernet (Standard 802.3af POE) mit Strom versorgt werden. PoE kann \u00fcber einen PoE-NVR, einen PoE-Switch oder mit einem PoE-Injektor bezogen werden. Die Kamera kann auch mit einem optionalen 12-V-Netzteil mit Strom versorgt werden. Passende Montagehalterungen sind ebenfalls unter der Registerkarte \u201e\u00c4hnliche\u201c enthalten. Die Kamera ist \u00fcber 3 Achsen manuell verstellbar.<\/p>\n<p><strong>Wichtigste Funktionen<\/strong><\/p>\n<ul>\n<li>8MP UltraHD 4K-Kamera mit Superweitwinkel-Blickwinkel von 180 Grad<\/li>\n<li>Wei\u00dfes LED-Licht von ColorVu f\u00fcr Farbbilder in dunklen Umgebungen<\/li>\n<li>Klares Bild bei starkem Gegenlicht dank 130 dB WDR-Technologie<\/li>\n<li>Aufnahme in der Kamera auf SD-Karte mit bis zu 512 GB (nicht im Lieferumfang enthalten)<\/li>\n<li>Bewegungserkennung, Erkennung von Linien\u00fcberschreitungen, Einbrucherkennung, Bereichseintrittserkennung, Bereichsausgangserkennung<br \/>\nErkennung<\/li>\n<li>Stroboskoplicht und akustischer Alarm zur Abschreckung von Eindringlingen<\/li>\n<li>ONVIF-Protokoll<\/li>\n<li>H.265+-Codec<\/li>\n<li>Stromversorgung \u00fcber 12VDC-Adapter oder \u00fcber PoE (802.3af)<\/li>\n<li>IP67<\/li>\n<\/ul>\n<p><a href=\"https:\/\/webstore4.com\/Copyright\/\" target=\"_blank\" rel=\"noopener\"><span style=\"color: #ff6e03; font-size: 11px;\">\u00a9 Der Text ist urheberrechtlich gesch\u00fctzt<\/span><\/a><\/p>","protected":false},"excerpt":{"rendered":"<p>De Hikvision DS-2CD2387G2P-LSU\/SL is een panoramische 8MP UltraHD 4K ColorVu dome met 180 graden beeldhoek, dual lens, wit LED, 130dB WDR, ingebouwde microfoon en audio\/alarm in- en uitgang. De camera beschikt over PoE en een microSD slot en is geschikt voor gebruik buiten en binnen. De Hikvision DS-2CD2387G2P-LSU\/SL is onderdeel van de Hikvision AcuSense serie<\/p>\n<div class=\"klb-readmore button\"><a class=\"btn link\" href=\"https:\/\/webstore4.com\/de\/product\/hikvision-ds-2cd2387g2p-lsusl-panoramic-8mp-colorvu\/\">Mehr lesen <i class=\"klbth-icon-right-arrow\"><\/i><\/a><\/div>","protected":false},"featured_media":10558,"comment_status":"open","ping_status":"closed","template":"","meta":[],"pwb-brand":[3367],"product_cat":[3435,4184,4185,4200],"product_tag":[],"class_list":{"0":"post-10557","1":"product","2":"type-product","3":"status-publish","4":"has-post-thumbnail","6":"pwb-brand-hikvision","7":"product_cat-ip-cameras","8":"product_cat-cameras","9":"product_cat-180-360-ptz-cameras","10":"product_cat-dome-eyeball-cameras-cameras","11":"product_shipping_class-pakket","12":"pa_alarm-ingang-uitgang-ja","13":"pa_audio-microfoon-speaker","14":"pa_beeldhoek-graden-horizontaal-3838","15":"pa_beeldsensor-1-1-8-cmos","16":"pa_dag-nacht-ir-cut-filter-ja","17":"pa_geheugenkaart-type-micro-sd-sdhc-sdxc-512gb","18":"pa_ingebouwd-type-nachtzicht-wit-led","19":"pa_lens-mm-4-0","20":"pa_materiaal-kunststof","21":"pa_materiaal-metaal","22":"pa_megapixel-8mp","23":"pa_merk-hikvision","24":"pa_minimale-verlichting-0-0005-lux-0-lux-met-ir","25":"pa_mobiele-app-fabrikant-ja","26":"pa_nachtzicht-ja","27":"pa_omgeving-binnen-en-buiten","28":"pa_opnemen-op-sd-kaart-ja","29":"pa_poe-802-3af","30":"pa_product-status-a","31":"pa_resolutie-max-pixels-full-hd-5120x1440","32":"pa_vandaalbestendig-nee","33":"pa_voeding-12vdc","34":"pa_voeding-poe","35":"pa_wdr-ja","37":"first","38":"onbackorder","39":"taxable","40":"shipping-taxable","41":"purchasable","42":"product-type-simple"},"brands":[{"id":3367,"name":"Hikvision","slug":"hikvision"}],"_links":{"self":[{"href":"https:\/\/webstore4.com\/de\/wp-json\/wp\/v2\/product\/10557","targetHints":{"allow":["GET"]}}],"collection":[{"href":"https:\/\/webstore4.com\/de\/wp-json\/wp\/v2\/product"}],"about":[{"href":"https:\/\/webstore4.com\/de\/wp-json\/wp\/v2\/types\/product"}],"replies":[{"embeddable":true,"href":"https:\/\/webstore4.com\/de\/wp-json\/wp\/v2\/comments?post=10557"}],"wp:featuredmedia":[{"embeddable":true,"href":"https:\/\/webstore4.com\/de\/wp-json\/wp\/v2\/media\/10558"}],"wp:attachment":[{"href":"https:\/\/webstore4.com\/de\/wp-json\/wp\/v2\/media?parent=10557"}],"wp:term":[{"taxonomy":"pwb-brand","embeddable":true,"href":"https:\/\/webstore4.com\/de\/wp-json\/wp\/v2\/pwb-brand?post=10557"},{"taxonomy":"product_cat","embeddable":true,"href":"https:\/\/webstore4.com\/de\/wp-json\/wp\/v2\/product_cat?post=10557"},{"taxonomy":"product_tag","embeddable":true,"href":"https:\/\/webstore4.com\/de\/wp-json\/wp\/v2\/product_tag?post=10557"}],"curies":[{"name":"wp","href":"https:\/\/api.w.org\/{rel}","templated":true}]}}