{"id":10552,"date":"2022-07-19T17:14:19","date_gmt":"2022-07-19T15:14:19","guid":{"rendered":"https:\/\/webstore4.com\/\/?product=wl4-cc-3-schoorsteen-paalmontage-set-voor-camera-of-antenne"},"modified":"2025-09-10T14:27:23","modified_gmt":"2025-09-10T13:27:23","slug":"wl4-cc-3-schoorsteen-paalmontage-set","status":"publish","type":"product","link":"https:\/\/webstore4.com\/de\/product\/wl4-cc-3-schoorsteen-paalmontage-set\/","title":{"rendered":"WL4 CC-3 Kaminstangen-Montagesatz f\u00fcr Kamera oder Antenne"},"content":{"rendered":"<p>Der WL4 CC-3 ist ein Mastmontageset f\u00fcr eine Kamera oder Antenne an einem Schornstein oder einer anderen Struktur. Im Set sind 2 x 5 Meter Metallband enthalten. Es ist nicht n\u00f6tig, L\u00f6cher zu bohren oder andere Befestigungsmaterialien zu verwenden. Aus verst\u00e4rktem Stahlprofil.<\/p>\n<p>F\u00fcr eine korrekte Installation empfehlen wir Ihnen, das Datenblatt zu Rate zu ziehen, das unter der Registerkarte \u201eDokumentation\u201c enthalten ist.<\/p>\n<p><strong>Wichtigste Funktionen<\/strong><\/p>\n<ul>\n<li>Mastmontageset aus verzinktem Stahl (Mast\/Mast nicht im Lieferumfang enthalten)<\/li>\n<li>Verst\u00e4rktes Profil<\/li>\n<li>Mastdurchmesser maximal 50mm<\/li>\n<li>2 x 5 Meter 0,5 mm Metallstreifen mit 26 mm Breite<\/li>\n<li>Der Abstand zwischen Schornstein und Mast betr\u00e4gt 13 cm<\/li>\n<\/ul>\n<p><a href=\"https:\/\/www.webstore4ipcameras.nl\/Copyright\" target=\"_blank\" rel=\"noopener\"><span style=\"color: #ff6e03; font-size: 11px;\">\u00a9 Der Text ist urheberrechtlich gesch\u00fctzt<\/span><\/a><\/p>","protected":false},"excerpt":{"rendered":"<p>De WL4 CC-3 is een paalmontage set voor camera of antenne aan een schoorsteen of ander constructie. De set wordt geleverd met 2 x 5 meter metalen band. Het is niet nodig gaten te boren of andere bevestigingsmaterialen te gebruiken. Gemaakt van versterkt stalen profiel. Wij adviseren de datasheet, die is opgenomen onder het tabblad<\/p>\n<div class=\"klb-readmore button\"><a class=\"btn link\" href=\"https:\/\/webstore4.com\/de\/product\/wl4-cc-3-schoorsteen-paalmontage-set\/\">Mehr lesen <i class=\"klbth-icon-right-arrow\"><\/i><\/a><\/div>","protected":false},"featured_media":10553,"comment_status":"open","ping_status":"closed","template":"","meta":[],"pwb-brand":[3380],"product_cat":[4464,4468],"product_tag":[],"class_list":{"0":"post-10552","1":"product","2":"type-product","3":"status-publish","4":"has-post-thumbnail","6":"pwb-brand-wl4","7":"product_cat-palen-en-masten","8":"product_cat-schoorsteen-klemmen","9":"product_shipping_class-pakket","10":"pa_merk-wl4","11":"pa_omgeving-binnen-en-buiten","13":"first","14":"onbackorder","15":"taxable","16":"shipping-taxable","17":"purchasable","18":"product-type-simple"},"brands":[{"id":3380,"name":"WL4","slug":"wl4"}],"_links":{"self":[{"href":"https:\/\/webstore4.com\/de\/wp-json\/wp\/v2\/product\/10552","targetHints":{"allow":["GET"]}}],"collection":[{"href":"https:\/\/webstore4.com\/de\/wp-json\/wp\/v2\/product"}],"about":[{"href":"https:\/\/webstore4.com\/de\/wp-json\/wp\/v2\/types\/product"}],"replies":[{"embeddable":true,"href":"https:\/\/webstore4.com\/de\/wp-json\/wp\/v2\/comments?post=10552"}],"wp:featuredmedia":[{"embeddable":true,"href":"https:\/\/webstore4.com\/de\/wp-json\/wp\/v2\/media\/10553"}],"wp:attachment":[{"href":"https:\/\/webstore4.com\/de\/wp-json\/wp\/v2\/media?parent=10552"}],"wp:term":[{"taxonomy":"pwb-brand","embeddable":true,"href":"https:\/\/webstore4.com\/de\/wp-json\/wp\/v2\/pwb-brand?post=10552"},{"taxonomy":"product_cat","embeddable":true,"href":"https:\/\/webstore4.com\/de\/wp-json\/wp\/v2\/product_cat?post=10552"},{"taxonomy":"product_tag","embeddable":true,"href":"https:\/\/webstore4.com\/de\/wp-json\/wp\/v2\/product_tag?post=10552"}],"curies":[{"name":"wp","href":"https:\/\/api.w.org\/{rel}","templated":true}]}}