{"id":10532,"date":"2022-07-15T13:38:26","date_gmt":"2022-07-15T11:38:26","guid":{"rendered":"https:\/\/webstore4.com\/\/?product=wl4-st2519-25p-rol-25-meter-spiraal-flexibele-installatie-buis-van-zelfdovend-pvc-met-trekdraad-en-binnen-diameter-van-19mm"},"modified":"2024-04-19T15:15:33","modified_gmt":"2024-04-19T14:15:33","slug":"wl4-st2519-25p-rol-25-meter-spiraal-flexibele-installatie-buis","status":"publish","type":"product","link":"https:\/\/webstore4.com\/de\/product\/wl4-st2519-25p-rol-25-meter-spiraal-flexibele-installatie-buis\/","title":{"rendered":"WL4 ST2519-25P Rolle mit 25 Metern spiralf\u00f6rmigem, flexiblem Installationsrohr aus selbstverl\u00f6schendem PVC mit Zugdraht und einem Innendurchmesser von 19 mm"},"content":{"rendered":"<p>Der WL4 ST2519-25P ist eine Rolle mit 25 Metern flexiblem Spiralkabelschlauch aus selbstverl\u00f6schendem PVC, der mit einem Zugdraht ausgestattet ist. Der Innendurchmesser betr\u00e4gt 19 mm und der Au\u00dfendurchmesser 25 mm.<\/p>\n<p><strong>Wichtigste Funktionen<\/strong><\/p>\n<ul>\n<li>25 Meter<\/li>\n<li>Buitendiameter: \u00d8 25 mm<\/li>\n<li>Binnendiameter: \u00d8 19 mm<\/li>\n<li>Hergestellt aus selbstverl\u00f6schendem, thermoplastischem, bleifreiem PVC-Material<\/li>\n<li>Mechanische Festigkeit: 320 N<\/li>\n<li>Farbe: Grau<\/li>\n<li>Best\u00e4ndig gegen mechanische und chemische Einfl\u00fcsse<\/li>\n<\/ul>\n<p><a href=\"https:\/\/www.webstore4ipcameras.nl\/Copyright\" target=\"_blank\" rel=\"noopener\"><span style=\"color: #ff6e03; font-size: 11px;\">\u00a9 Der Text ist urheberrechtlich gesch\u00fctzt<\/span><\/a><\/p>","protected":false},"excerpt":{"rendered":"<p>De WL4 ST2519-25P is een rol van 25 meter flexibele spiraalkabelbuis gemaakt van zelfdovend PVC en voorzien van een trekdraad. De binnendiameter is 19 mm en de buitendiameter is 25 mm. Belangrijkste kenmerken 25 meter Buitendiameter: \u00d8 25 mm Binnendiameter: \u00d8 19 mm Gemaakt van zelfdovend, thermoplastisch, loodvrij PVC-materiaal Mechanische sterkte: 320N Kleur: grijs Bestand<\/p>\n<div class=\"klb-readmore button\"><a class=\"btn link\" href=\"https:\/\/webstore4.com\/de\/product\/wl4-st2519-25p-rol-25-meter-spiraal-flexibele-installatie-buis\/\">Mehr lesen <i class=\"klbth-icon-right-arrow\"><\/i><\/a><\/div>","protected":false},"featured_media":10533,"comment_status":"open","ping_status":"closed","template":"","meta":[],"pwb-brand":[3380],"product_cat":[3441,3450],"product_tag":[],"class_list":{"0":"post-10532","1":"product","2":"type-product","3":"status-publish","4":"has-post-thumbnail","6":"pwb-brand-wl4","7":"product_cat-benodigdheden","8":"product_cat-montage","9":"product_shipping_class-pakket","10":"pa_materiaal-kunststof","11":"pa_merk-wl4","13":"first","14":"onbackorder","15":"taxable","16":"shipping-taxable","17":"purchasable","18":"product-type-simple"},"brands":[{"id":3380,"name":"WL4","slug":"wl4"}],"_links":{"self":[{"href":"https:\/\/webstore4.com\/de\/wp-json\/wp\/v2\/product\/10532","targetHints":{"allow":["GET"]}}],"collection":[{"href":"https:\/\/webstore4.com\/de\/wp-json\/wp\/v2\/product"}],"about":[{"href":"https:\/\/webstore4.com\/de\/wp-json\/wp\/v2\/types\/product"}],"replies":[{"embeddable":true,"href":"https:\/\/webstore4.com\/de\/wp-json\/wp\/v2\/comments?post=10532"}],"wp:featuredmedia":[{"embeddable":true,"href":"https:\/\/webstore4.com\/de\/wp-json\/wp\/v2\/media\/10533"}],"wp:attachment":[{"href":"https:\/\/webstore4.com\/de\/wp-json\/wp\/v2\/media?parent=10532"}],"wp:term":[{"taxonomy":"pwb-brand","embeddable":true,"href":"https:\/\/webstore4.com\/de\/wp-json\/wp\/v2\/pwb-brand?post=10532"},{"taxonomy":"product_cat","embeddable":true,"href":"https:\/\/webstore4.com\/de\/wp-json\/wp\/v2\/product_cat?post=10532"},{"taxonomy":"product_tag","embeddable":true,"href":"https:\/\/webstore4.com\/de\/wp-json\/wp\/v2\/product_tag?post=10532"}],"curies":[{"name":"wp","href":"https:\/\/api.w.org\/{rel}","templated":true}]}}