{"id":10525,"date":"2022-07-04T19:16:09","date_gmt":"2022-07-04T17:16:09","guid":{"rendered":"https:\/\/webstore4.com\/\/?product=wl4-ipc2twbs-wifi-solar-2-1mp-wifi-buiten-camera-met-los-zonnepaneel-ir-en-wit-led-nachtzicht-pir-microsd-audio-tuya-app"},"modified":"2024-04-19T15:15:32","modified_gmt":"2024-04-19T14:15:32","slug":"wl4-ipc2twbs-wifi-solar-2-1mp-wifi-camera","status":"publish","type":"product","link":"https:\/\/webstore4.com\/de\/product\/wl4-ipc2twbs-wifi-solar-2-1mp-wifi-camera\/","title":{"rendered":"WL4 IPC2TWBS-WIFI-SOLAR 2,1 MP WLAN-Au\u00dfenkamera mit separatem Solarpanel, IR- und wei\u00dfer LED-Nachtsicht, PIR, microSD, Audio, Tuya-App"},"content":{"rendered":"<p>Die WL4 IPC2TWBS-WIFI-SOLAR ist eine Full HD 2,1 Megapixel WLAN-Au\u00dfenkamera mit separatem Solarpanel, Infrarot- und Wei\u00df-LED-Nachtsicht, einem PIR-Bewegungsmelder, microSD-Steckplatz und 2-Wege-Audio. Die Kamera funktioniert mit der kostenlosen Tuya-App (Niederl\u00e4ndisch). Die Kamera wird mit Akkus geliefert, die \u00fcber das separate Solarpanel aufgeladen werden. Diese Kamera funktioniert \u00fcber WLAN.<\/p>\n<p><strong>M\u00f6glichkeiten<\/strong><\/p>\n<p>Die Kamera wird mit der kostenlosen Tuya Smart App verwaltet. Dies kann von \u00fcberall aus erfolgen, wo ein Smartphone oder Tablet \u00fcber eine Internetverbindung verf\u00fcgt: von zu Hause aus oder vom anderen Ende der Welt. Auch andere Ger\u00e4te k\u00f6nnen in der (niederl\u00e4ndischen) App verwaltet werden und es ist m\u00f6glich, R\u00e4ume einzurichten und (Familien-)Mitglieder hinzuzuf\u00fcgen.<\/p>\n<p>Der WL4 IPC2TWBS-WIFI-SOLAR zeigt Bilder in einer Full-HD-Aufl\u00f6sung von 1920 x 1080 (25 fps) an. Die Kamera verf\u00fcgt \u00fcber wei\u00dfes LED-Licht f\u00fcr ein Farbbild im Dunkeln. Die Kamera verf\u00fcgt au\u00dferdem \u00fcber eine integrierte IR-Beleuchtung, die auch bei v\u00f6lliger Dunkelheit (0 Lux) ein gestochen scharfes Schwarzwei\u00dfbild liefert. Die IR-Beleuchtung hat eine Reichweite von 15 Metern. Die Kamera verf\u00fcgt \u00fcber ein festes 3,6-mm-Objektiv mit einem horizontalen Betrachtungswinkel von 91 Grad.<\/p>\n<p>Der WL4 IPC2TWBS-WIFI-SOLAR verf\u00fcgt \u00fcber eine Bewegungserkennung durch den eingebauten PIR-Melder. Die Kamera verf\u00fcgt \u00fcber die M\u00f6glichkeit, in der Kamera auf einer microSD-Speicherkarte (nicht im Lieferumfang enthalten) bis maximal 128 GB aufzuzeichnen. Die Kamera verf\u00fcgt \u00fcber ein eingebautes Mikrofon und einen Lautsprecher f\u00fcr Zwei-Wege-Audio.<\/p>\n<p><strong>Installation<\/strong><\/p>\n<p>Der WL4 IPC2TWBS-WIFI-SOLAR ist f\u00fcr den Innen- und Au\u00dfenbereich geeignet. Die Stromversorgung der Kamera muss \u00fcber die Batterien in der Kamera (im Lieferumfang enthalten) oder \u00fcber ein nicht im Lieferumfang enthaltenes 5-VDC-USB-Netzteil (USB-C-Anschluss) erfolgen. Die Kamera muss drahtlos (WiFi) mit dem Netzwerk verbunden sein.<\/p>\n<p><strong>Hauptmerkmale<\/strong><\/p>\n<ul>\n<li>2,1-Megapixel-Full-HD-WLAN-Kamera mit separatem Solarpanel<\/li>\n<li>3 x Li-Ion-Akku ICR18650 \u2013 3,7 V \/ 12000 mAh insgesamt (im Lieferumfang enthalten)<\/li>\n<li>Betriebszeit im Akkubetrieb bis zu 180 Tage<\/li>\n<li>IR-Nachtsichtbeleuchtung bis zu 15 Meter<\/li>\n<li>Aufnahme in der Kamera auf SD-Karte mit bis zu 128 GB (microSD nicht im Lieferumfang enthalten)<\/li>\n<li>Eingebautes Mikrofon und Lautsprecher<\/li>\n<li>PIR-Bewegungserkennung 10 Meter<\/li>\n<li>H.264-Codec<\/li>\n<li>802.11 b\/g\/n WLAN 2,4 GHz (DHCP)<\/li>\n<li>Kostenlose Tuya-App<\/li>\n<li>Geeignet f\u00fcr den Au\u00dfenbereich (IP67)<\/li>\n<\/ul>\n<p><a href=\"https:\/\/www.webstore4ipcameras.nl\/Copyright\" target=\"_blank\" rel=\"noopener\"><span style=\"color: #ff6e03; font-size: 11px;\">\u00a9 Der Text ist urheberrechtlich gesch\u00fctzt<\/span><\/a><\/p>","protected":false},"excerpt":{"rendered":"<p>Die WL4 IPC2TWBS-WIFI-SOLAR ist eine Full HD 2,1 Megapixel WLAN-Au\u00dfenkamera mit separatem Solarpanel, Infrarot- und Wei\u00df-LED-Nachtsicht, einem PIR-Bewegungsmelder, microSD-Steckplatz und 2-Wege-Audio. Die Kamera funktioniert mit der kostenlosen Tuya-App (Niederl\u00e4ndisch). Die Kamera wird mit Akkus geliefert, die \u00fcber das separate Solarpanel aufgeladen werden. Diese Kamera funktioniert \u00fcber WLAN.<\/p>\n<div class=\"klb-readmore button\"><a class=\"btn link\" href=\"https:\/\/webstore4.com\/de\/product\/wl4-ipc2twbs-wifi-solar-2-1mp-wifi-camera\/\">Mehr lesen <i class=\"klbth-icon-right-arrow\"><\/i><\/a><\/div>","protected":false},"featured_media":14382,"comment_status":"open","ping_status":"closed","template":"","meta":[],"pwb-brand":[3380],"product_cat":[3435,4184,4219,4247,4333],"product_tag":[],"class_list":{"0":"post-10525","1":"product","2":"type-product","3":"status-publish","4":"has-post-thumbnail","6":"pwb-brand-wl4","7":"product_cat-ip-cameras","8":"product_cat-cameras","9":"product_cat-bullet-box-cameras-cameras","10":"product_cat-duurzaamheid","11":"product_cat-solar-cameras","12":"product_shipping_class-pakket","13":"pa_alarm-ingang-uitgang-nee","14":"pa_audio-microfoon-speaker","15":"pa_dag-nacht-ir-cut-filter-ja","16":"pa_geheugenkaart-type-micro-sdsdhcsdxc-128gb","17":"pa_ingebouwd-type-nachtzicht-infrared-ir-led-wit-led","18":"pa_lens-mm-3-6","19":"pa_materiaal-kunststof","20":"pa_megapixel-2-1mp","21":"pa_merk-wl4","22":"pa_minimale-verlichting-0-lux-with-ir","23":"pa_mobiele-app-fabrikant-ja","24":"pa_nachtzicht-ja","25":"pa_omgeving-binnen","26":"pa_opnemen-op-sd-kaart-ja","27":"pa_poe-nee","28":"pa_resolutie-max-pixels-full-hd-1920x1080","29":"pa_vandaalbestendig-nee","30":"pa_voeding-5v-usb","31":"pa_voeding-zonnepaneel","32":"pa_wdr-ja","34":"first","35":"onbackorder","36":"taxable","37":"shipping-taxable","38":"purchasable","39":"product-type-simple"},"brands":[{"id":3380,"name":"WL4","slug":"wl4"}],"_links":{"self":[{"href":"https:\/\/webstore4.com\/de\/wp-json\/wp\/v2\/product\/10525","targetHints":{"allow":["GET"]}}],"collection":[{"href":"https:\/\/webstore4.com\/de\/wp-json\/wp\/v2\/product"}],"about":[{"href":"https:\/\/webstore4.com\/de\/wp-json\/wp\/v2\/types\/product"}],"replies":[{"embeddable":true,"href":"https:\/\/webstore4.com\/de\/wp-json\/wp\/v2\/comments?post=10525"}],"wp:featuredmedia":[{"embeddable":true,"href":"https:\/\/webstore4.com\/de\/wp-json\/wp\/v2\/media\/14382"}],"wp:attachment":[{"href":"https:\/\/webstore4.com\/de\/wp-json\/wp\/v2\/media?parent=10525"}],"wp:term":[{"taxonomy":"pwb-brand","embeddable":true,"href":"https:\/\/webstore4.com\/de\/wp-json\/wp\/v2\/pwb-brand?post=10525"},{"taxonomy":"product_cat","embeddable":true,"href":"https:\/\/webstore4.com\/de\/wp-json\/wp\/v2\/product_cat?post=10525"},{"taxonomy":"product_tag","embeddable":true,"href":"https:\/\/webstore4.com\/de\/wp-json\/wp\/v2\/product_tag?post=10525"}],"curies":[{"name":"wp","href":"https:\/\/api.w.org\/{rel}","templated":true}]}}