{"id":10496,"date":"2022-05-28T16:35:54","date_gmt":"2022-05-28T14:35:54","guid":{"rendered":"https:\/\/webstore4.com\/\/?product=wl4-adr-55-micro-usb-b-adapter-voor-micro-usb-b-naar-5-5mm-voeding-jack"},"modified":"2024-04-19T15:15:24","modified_gmt":"2024-04-19T14:15:24","slug":"wl4-adr-55-micro-usb-b-adapter-voor-micro-usb-b-naar-5-5mm-voeding-jack","status":"publish","type":"product","link":"https:\/\/webstore4.com\/de\/product\/wl4-adr-55-micro-usb-b-adapter-voor-micro-usb-b-naar-5-5mm-voeding-jack\/","title":{"rendered":"WL4 ADR-55-MICRO-USB-B-Adapter f\u00fcr Micro-USB-B auf 5,5-mm-Stromanschluss"},"content":{"rendered":"<p>Der WL4 ADR-55-MICRO-USB-B ist ein Adapter f\u00fcr Micro-USB-B auf 5,5-mm-Stecker f\u00fcr beispielsweise ein 5-VDC-Netzteil.<\/p>\n<p><a href=\"https:\/\/www.webstore4ipcameras.nl\/Copyright\" target=\"_blank\" rel=\"noopener\"><span style=\"color: #ff6e03; font-size: 11px;\">\u00a9 Der Text ist urheberrechtlich gesch\u00fctzt<\/span><\/a><\/p>","protected":false},"excerpt":{"rendered":"<p>De WL4 ADR-55-MICRO-USB-B is een adapter voor micro USB-B naar 5.5mm connector voor bijvoorbeeld een 5VDC voedingadapter. \u00a9 Tekst is auteursrechtelijk beschermd<\/p>","protected":false},"featured_media":10497,"comment_status":"closed","ping_status":"closed","template":"","meta":[],"pwb-brand":[3380],"product_cat":[3441,3458,4520],"product_tag":[],"class_list":{"0":"post-10496","1":"product","2":"type-product","3":"status-publish","4":"has-post-thumbnail","6":"pwb-brand-wl4","7":"product_cat-benodigdheden","8":"product_cat-voedingen","9":"product_cat-omvormers-en-usb","10":"pa_merk-wl4","12":"first","13":"onbackorder","14":"taxable","15":"shipping-taxable","16":"purchasable","17":"product-type-simple"},"brands":[{"id":3380,"name":"WL4","slug":"wl4"}],"_links":{"self":[{"href":"https:\/\/webstore4.com\/de\/wp-json\/wp\/v2\/product\/10496","targetHints":{"allow":["GET"]}}],"collection":[{"href":"https:\/\/webstore4.com\/de\/wp-json\/wp\/v2\/product"}],"about":[{"href":"https:\/\/webstore4.com\/de\/wp-json\/wp\/v2\/types\/product"}],"replies":[{"embeddable":true,"href":"https:\/\/webstore4.com\/de\/wp-json\/wp\/v2\/comments?post=10496"}],"wp:featuredmedia":[{"embeddable":true,"href":"https:\/\/webstore4.com\/de\/wp-json\/wp\/v2\/media\/10497"}],"wp:attachment":[{"href":"https:\/\/webstore4.com\/de\/wp-json\/wp\/v2\/media?parent=10496"}],"wp:term":[{"taxonomy":"pwb-brand","embeddable":true,"href":"https:\/\/webstore4.com\/de\/wp-json\/wp\/v2\/pwb-brand?post=10496"},{"taxonomy":"product_cat","embeddable":true,"href":"https:\/\/webstore4.com\/de\/wp-json\/wp\/v2\/product_cat?post=10496"},{"taxonomy":"product_tag","embeddable":true,"href":"https:\/\/webstore4.com\/de\/wp-json\/wp\/v2\/product_tag?post=10496"}],"curies":[{"name":"wp","href":"https:\/\/api.w.org\/{rel}","templated":true}]}}