{"id":10481,"date":"2022-05-18T12:34:49","date_gmt":"2022-05-18T10:34:49","guid":{"rendered":"https:\/\/webstore4.com\/\/?product=vicohome-cg122-volledig-draadvrije-4-megapixel-wifi-accu-camera-voor-buiten-met-ir-nachtzicht-wit-licht-pir-microsd-en-2-weg-audio"},"modified":"2025-03-10T19:11:19","modified_gmt":"2025-03-10T18:11:19","slug":"vicohome-cg122-3-megapixel-wifi-accu-camera","status":"publish","type":"product","link":"https:\/\/webstore4.com\/de\/product\/vicohome-cg122-3-megapixel-wifi-accu-camera\/","title":{"rendered":"VicoHome CG122 kabellose 3-Megapixel-WLAN-Akkukamera f\u00fcr den Au\u00dfenbereich mit IR-Nachtsicht, Wei\u00dflicht, PIR, microSD und 2-Wege-Audio"},"content":{"rendered":"<div class=\"video-frame-box\" style=\"width: 100%; max-width: 480px; max-height: 270px; float: right; padding: 0px 10px 10px 10px;\">\n<div class=\"video-frame\"><iframe src=\"\/\/www.youtube.com\/embed\/eTnb8kJBaNo?rel=0&amp;modestbranding=1&amp;showinfo=0&amp;autohide=1\" width=\"480\" height=\"270\" frameborder=\"0\"><\/iframe><\/div>\n<\/div>\n<p>Die VicoHome CG122 ist eine kabellose 4-Megapixel-WLAN-Akku-Au\u00dfenkamera 100% mit IR-Nachtsicht, wei\u00dfem LED-Licht, PIR-Bewegungsmelder, microSD-Aufnahmeoption und 2-Wege-Audio. Die Kamera ist in jeder Situation einfach zu bedienen, da sie dank WLAN und Akkubetrieb komplett kabellos genutzt werden kann. Der verstellbare Magnetfu\u00df, der mit Schrauben oder dem mitgelieferten doppelseitigen Klebeband befestigt werden kann, macht die Installation sehr einfach.<\/p>\n<p><strong>M\u00f6glichkeiten<\/strong><\/p>\n<p>Die Kamera zeigt Bilder in einer Aufl\u00f6sung von 4 Megapixeln mit 2560 x 1440 Pixeln an und verf\u00fcgt \u00fcber ein festes Objektiv von 2,97 mm. Es gibt einen integrierten MicroSD-Steckplatz f\u00fcr die lokale Aufzeichnung auf einer microSD-Karte in der Kamera mit bis zu 128 GB (microSD nicht im Lieferumfang enthalten).<\/p>\n<p>Die Kamera funktioniert mit der intuitiven VicoHome-App f\u00fcr iOS und Android. Die Kamera wird mit kostenlosem Cloud-Speicher geliefert, um die Ereignisse abzurufen. Die Aufnahme wird nach 7 Tagen oder 1 GB Aufnahme \u00fcberschrieben. Im kostenlosen Abonnement ist auch eine App-Benachrichtigung bei Bewegung enthalten. \u00dcber ein kostenpflichtiges Abonnement ist auch eine cloudbasierte KI-Analyse von Bildern und gr\u00f6\u00dferer Speicher verf\u00fcgbar. Hochgeladene Ereignisaufzeichnungen werden dann in Echtzeit analysiert, um Haustiere, Fahrzeuge oder Pakete zu erkennen, und der Kamerabenutzer wird nur \u00fcber die Ereignisse benachrichtigt, f\u00fcr die eine Benachrichtigung erforderlich ist. F\u00fcr die aktuellen Konditionen und Kosten eines Abonnements empfehlen wir die Konsultation der VicoHome-App im iOS- oder Google-App-Store.<\/p>\n<p><strong>Wichtige Funktionen<\/strong><\/p>\n<ul>\n<li>3-Megapixel-Full-HD-Au\u00dfenkamera mit Starlight-Bildsensor<\/li>\n<li>Komplett kabellose IP-Kamera mit Akku und WLAN (2,4 GHz)<\/li>\n<li>Der 5200-mAh-Lithium-Li-Ionen-Akku arbeitet bei normaler Verwendung mehrere Monate lang autonom<\/li>\n<li>M\u00f6glichkeit zur Aufzeichnung auf microSD-Karte in der Kamera mit bis zu 128 GB (microSD nicht im Lieferumfang enthalten)<\/li>\n<li>Wei\u00dfes LED-Licht f\u00fcr normale Beleuchtung oder als Blitzlicht zur Abschreckung von Erkennung<\/li>\n<li>Infrarot-Nachtsicht bis zu 7 Meter<\/li>\n<li>Wasserdicht (IP65)<\/li>\n<li>Zwei-Wege-Audio und eine Sirene<\/li>\n<li>Eingebauter PIR-Sensor f\u00fcr zuverl\u00e4ssige Bewegungserkennung<\/li>\n<li>Magnetische verstellbare Basis<\/li>\n<li>Kann mit einem Standard-USB-Ladeger\u00e4t mit 5 VDC\/1,5 A aufgeladen werden (nicht im Lieferumfang enthalten)<\/li>\n<li>Abmessungen 84x62x96mm<\/li>\n<\/ul>\n<p><a href=\"https:\/\/www.webstore4ipcameras.nl\/Copyright\" target=\"_blank\" rel=\"noopener\"><span style=\"color: #ff6e03; font-size: 11px;\">\u00a9 Der Text ist urheberrechtlich gesch\u00fctzt<\/span><\/a><\/p>","protected":false},"excerpt":{"rendered":"<p>Die VicoHome CG122 ist eine kabellose 3-Megapixel-WLAN-Akku-Au\u00dfenkamera 100%.<\/p>","protected":false},"featured_media":10482,"comment_status":"open","ping_status":"closed","template":"","meta":[],"pwb-brand":[3431],"product_cat":[3435,4184,4219],"product_tag":[],"class_list":{"0":"post-10481","1":"product","2":"type-product","3":"status-publish","4":"has-post-thumbnail","6":"pwb-brand-vicohome","7":"product_cat-ip-cameras","8":"product_cat-cameras","9":"product_cat-bullet-box-cameras-cameras","10":"product_shipping_class-pakket","11":"pa_alarm-ingang-uitgang-nee","12":"pa_audio-microfoon-speaker","13":"pa_beeldsensor-1-3-cmos","14":"pa_dag-nacht-ir-cut-filter-ja","15":"pa_geheugenkaart-type-micro-sdsdhcsdxc-128gb","16":"pa_ingebouwd-type-nachtzicht-infrared-ir-led-wit-led","17":"pa_lens-mm-2-97","18":"pa_materiaal-kunststof","19":"pa_megapixel-3mp","20":"pa_merk-vicohome","21":"pa_minimale-verlichting-0-lux-with-ir","22":"pa_mobiele-app-fabrikant-ja","23":"pa_nachtzicht-ja","24":"pa_omgeving-binnen-en-buiten","25":"pa_opnemen-op-sd-kaart-ja","26":"pa_poe-nee","27":"pa_resolutie-max-pixels-full-hd-2560x1440","28":"pa_vandaalbestendig-nee","29":"pa_voeding-5v-usb","30":"pa_wdr-ja","32":"first","33":"instock","34":"taxable","35":"shipping-taxable","36":"purchasable","37":"product-type-simple"},"brands":[{"id":3431,"name":"VicoHome","slug":"vicohome"}],"_links":{"self":[{"href":"https:\/\/webstore4.com\/de\/wp-json\/wp\/v2\/product\/10481","targetHints":{"allow":["GET"]}}],"collection":[{"href":"https:\/\/webstore4.com\/de\/wp-json\/wp\/v2\/product"}],"about":[{"href":"https:\/\/webstore4.com\/de\/wp-json\/wp\/v2\/types\/product"}],"replies":[{"embeddable":true,"href":"https:\/\/webstore4.com\/de\/wp-json\/wp\/v2\/comments?post=10481"}],"wp:featuredmedia":[{"embeddable":true,"href":"https:\/\/webstore4.com\/de\/wp-json\/wp\/v2\/media\/10482"}],"wp:attachment":[{"href":"https:\/\/webstore4.com\/de\/wp-json\/wp\/v2\/media?parent=10481"}],"wp:term":[{"taxonomy":"pwb-brand","embeddable":true,"href":"https:\/\/webstore4.com\/de\/wp-json\/wp\/v2\/pwb-brand?post=10481"},{"taxonomy":"product_cat","embeddable":true,"href":"https:\/\/webstore4.com\/de\/wp-json\/wp\/v2\/product_cat?post=10481"},{"taxonomy":"product_tag","embeddable":true,"href":"https:\/\/webstore4.com\/de\/wp-json\/wp\/v2\/product_tag?post=10481"}],"curies":[{"name":"wp","href":"https:\/\/api.w.org\/{rel}","templated":true}]}}