{"id":10445,"date":"2022-04-30T17:54:11","date_gmt":"2022-04-30T15:54:11","guid":{"rendered":"https:\/\/webstore4.com\/\/?product=wl4-ipc2twl-wifi-solar-2-1mp-wifi-buiten-camera-met-zonnepaneel-ir-en-wit-led-nachtzicht-pir-detector-microsd-2-weg-audio-tuya-app"},"modified":"2024-04-19T15:15:14","modified_gmt":"2024-04-19T14:15:14","slug":"wl4-ipc2twl-wifi-solar-2-1mp-wifi-camera","status":"publish","type":"product","link":"https:\/\/webstore4.com\/de\/product\/wl4-ipc2twl-wifi-solar-2-1mp-wifi-camera\/","title":{"rendered":"WL4 IPC2TWL-WIFI-SOLAR 2,1 MP WLAN-Au\u00dfenkamera mit Solarpanel, IR- und wei\u00dfer LED-Nachtsicht, PIR-Detektor, microSD, 2-Wege-Audio, Tuya-App"},"content":{"rendered":"<p>De WL4 IPC2TWL-WIFI-SOLAR is een Full HD 2.1 megapixel WiFi buiten camera met een ingebouwd zonnepaneel, infrarood en wit LED nachtzicht, een PIR bewegingsdetector, microSD sleuf en 2-weg audio. De camera werkt met de gratis Tuya app (Nederlands). De camera wordt geleverd met accu&#8217;s die worden opgeladen door het ingebouwde zonnepaneel. Deze camera werkt op WiFi. Er is ook een 4G versie verkrijgbaar in onze webwinkel die werkt op een simkaart, die is terug te vinden onder &#8216;Opties&#8217;.<\/p>\n<p><strong>M\u00f6glichkeiten<\/strong><\/p>\n<p>Die Kamera wird mit der kostenlosen Tuya Smart App verwaltet. Dies kann von \u00fcberall aus erfolgen, wo ein Smartphone oder Tablet \u00fcber eine Internetverbindung verf\u00fcgt: von zu Hause aus oder vom anderen Ende der Welt. Auch andere Ger\u00e4te k\u00f6nnen in der (niederl\u00e4ndischen) App verwaltet werden und es ist m\u00f6glich, R\u00e4ume einzurichten und (Familien-)Mitglieder hinzuzuf\u00fcgen.<\/p>\n<p>Der WL4 IPC2TWL-WIFI-SOLAR zeigt Bilder in einer Full-HD-Aufl\u00f6sung von 1920 x 1080 (15 fps) an. Die Kamera verf\u00fcgt \u00fcber wei\u00dfes LED-Licht f\u00fcr ein Farbbild im Dunkeln. Die Kamera verf\u00fcgt au\u00dferdem \u00fcber eine integrierte IR-Beleuchtung, die auch bei v\u00f6lliger Dunkelheit (0 Lux) ein gestochen scharfes Schwarzwei\u00dfbild liefert. Die IR-Beleuchtung hat eine Reichweite von 10 Metern. Die wei\u00dfe LED leuchtet 25 Meter weit. Die Kamera verf\u00fcgt \u00fcber ein festes 3,6-mm-Objektiv mit einem horizontalen Betrachtungswinkel von 99 Grad.<\/p>\n<p>Der WL4 IPC2TWL-WIFI-SOLAR verf\u00fcgt \u00fcber eine Bewegungserkennung durch den eingebauten PIR-Melder. Die Kamera verf\u00fcgt \u00fcber die M\u00f6glichkeit, in der Kamera auf einer microSD-Speicherkarte (nicht im Lieferumfang enthalten) bis maximal 64 GB aufzuzeichnen. Die Kamera verf\u00fcgt \u00fcber ein eingebautes Mikrofon und einen Lautsprecher f\u00fcr Zwei-Wege-Audio.<\/p>\n<p><strong>Installation<\/strong><\/p>\n<p>Der WL4 IPC2TWL-WIFI-SOLAR ist f\u00fcr den Innen- und Au\u00dfenbereich geeignet. Die Stromversorgung der Kamera muss \u00fcber die Batterien in der Kamera erfolgen (die \u00fcber das 1,6-Watt-Solarpanel mit Strom versorgt werden) oder \u00fcber ein nicht im Lieferumfang enthaltenes 5-VDC-USB-Netzteil (USB-C-Anschluss). Die Kamera muss drahtlos (WiFi) mit dem Netzwerk verbunden sein.<\/p>\n<p><strong>Hauptmerkmale<\/strong><\/p>\n<ul>\n<li>2,1-Megapixel-Full-HD-WLAN-Kamera mit 1,6-Watt-Solarpanel<\/li>\n<li>4 x\u00a0Li-Ion batterij ICR18650 &#8211; 3.7\u00a0V \/ 3200\u00a0mAh\u00a0(meegeleverd)<\/li>\n<li>Ladezeit \u00fcber USB: 6 Stunden<\/li>\n<li>Betriebszeit im Akkubetrieb bis zu 60 Tage<\/li>\n<li>IR-Nachtsichtbeleuchtung bis zu 10 Meter<\/li>\n<li>Wei\u00dfe Nachtsichtbeleuchtung bis zu 25 Meter<\/li>\n<li>Aufnahme in der Kamera auf SD-Karte mit bis zu 64 GB (microSD nicht im Lieferumfang enthalten)<\/li>\n<li>Eingebautes Mikrofon und Lautsprecher<\/li>\n<li>PIR-Bewegungserkennung<\/li>\n<li>H.264-Codec<\/li>\n<li>802.11 b\/g\/n WLAN 2,4 GHz (DHCP)<\/li>\n<li>Kostenlose Tuya-App<\/li>\n<li>Geeignet f\u00fcr den Au\u00dfenbereich (IP67)<\/li>\n<\/ul>\n<p><a href=\"https:\/\/www.webstore4ipcameras.nl\/Copyright\" target=\"_blank\" rel=\"noopener\"><span style=\"color: #ff6e03; font-size: 11px;\">\u00a9 Der Text ist urheberrechtlich gesch\u00fctzt<\/span><\/a><\/p>","protected":false},"excerpt":{"rendered":"<p>De WL4 IPC2TWL-WIFI-SOLAR is een Full HD 2.1 megapixel WiFi buiten camera met een ingebouwd zonnepaneel, infrarood en wit LED nachtzicht, een PIR bewegingsdetector, microSD sleuf en 2-weg audio. De camera werkt met de gratis Tuya app (Nederlands). De camera wordt geleverd met accu&#8217;s die worden opgeladen door het ingebouwde zonnepaneel. Deze camera werkt op<\/p>\n<div class=\"klb-readmore button\"><a class=\"btn link\" href=\"https:\/\/webstore4.com\/de\/product\/wl4-ipc2twl-wifi-solar-2-1mp-wifi-camera\/\">Mehr lesen <i class=\"klbth-icon-right-arrow\"><\/i><\/a><\/div>","protected":false},"featured_media":14379,"comment_status":"open","ping_status":"closed","template":"","meta":[],"pwb-brand":[3380],"product_cat":[4184,4219,4247,4333],"product_tag":[],"class_list":{"0":"post-10445","1":"product","2":"type-product","3":"status-publish","4":"has-post-thumbnail","6":"pwb-brand-wl4","7":"product_cat-cameras","8":"product_cat-bullet-box-cameras-cameras","9":"product_cat-duurzaamheid","10":"product_cat-solar-cameras","11":"product_shipping_class-pakket","12":"pa_alarm-ingang-uitgang-nee","13":"pa_audio-microfoon-speaker","14":"pa_beeldsensor-1-2-cmos","15":"pa_dag-nacht-ir-cut-filter-ja","16":"pa_geheugenkaart-type-micro-sdsdhcsdxc-64gb","17":"pa_ingebouwd-type-nachtzicht-infrared-ir-led-wit-led","18":"pa_lens-mm-3-6","19":"pa_materiaal-metaal","20":"pa_megapixel-2-1mp","21":"pa_merk-wl4","22":"pa_minimale-verlichting-0-lux-with-ir","23":"pa_mobiele-app-fabrikant-ja","24":"pa_nachtzicht-ja","25":"pa_omgeving-binnen","26":"pa_opnemen-op-sd-kaart-ja","27":"pa_poe-nee","28":"pa_resolutie-max-pixels-full-hd-1920x1080","29":"pa_vandaalbestendig-nee","30":"pa_voeding-5v-usb","31":"pa_voeding-zonnepaneel","32":"pa_wdr-ja","34":"first","35":"onbackorder","36":"taxable","37":"shipping-taxable","38":"purchasable","39":"product-type-simple"},"brands":[{"id":3380,"name":"WL4","slug":"wl4"}],"_links":{"self":[{"href":"https:\/\/webstore4.com\/de\/wp-json\/wp\/v2\/product\/10445","targetHints":{"allow":["GET"]}}],"collection":[{"href":"https:\/\/webstore4.com\/de\/wp-json\/wp\/v2\/product"}],"about":[{"href":"https:\/\/webstore4.com\/de\/wp-json\/wp\/v2\/types\/product"}],"replies":[{"embeddable":true,"href":"https:\/\/webstore4.com\/de\/wp-json\/wp\/v2\/comments?post=10445"}],"wp:featuredmedia":[{"embeddable":true,"href":"https:\/\/webstore4.com\/de\/wp-json\/wp\/v2\/media\/14379"}],"wp:attachment":[{"href":"https:\/\/webstore4.com\/de\/wp-json\/wp\/v2\/media?parent=10445"}],"wp:term":[{"taxonomy":"pwb-brand","embeddable":true,"href":"https:\/\/webstore4.com\/de\/wp-json\/wp\/v2\/pwb-brand?post=10445"},{"taxonomy":"product_cat","embeddable":true,"href":"https:\/\/webstore4.com\/de\/wp-json\/wp\/v2\/product_cat?post=10445"},{"taxonomy":"product_tag","embeddable":true,"href":"https:\/\/webstore4.com\/de\/wp-json\/wp\/v2\/product_tag?post=10445"}],"curies":[{"name":"wp","href":"https:\/\/api.w.org\/{rel}","templated":true}]}}