{"id":10437,"date":"2022-04-29T13:39:23","date_gmt":"2022-04-29T11:39:23","guid":{"rendered":"https:\/\/webstore4.com\/\/?product=wl4-mt20-verplaatsbare-mast-2-meter-met-ballastvoet-voor-camera-of-antenne"},"modified":"2026-01-26T14:25:38","modified_gmt":"2026-01-26T13:25:38","slug":"wl4-mt20-verplaatsbare-mast-2-meter","status":"publish","type":"product","link":"https:\/\/webstore4.com\/de\/product\/wl4-mt20-verplaatsbare-mast-2-meter\/","title":{"rendered":"WL4 MT20 beweglicher Mast 2 Meter mit Ballastsockel f\u00fcr Kamera oder Antenne"},"content":{"rendered":"<p>Der WL4 MT10 ist ein beweglicher 1-Meter-Mast mit Ballastsockel und kann beispielsweise zum Platzieren einer Kamera oder einer WLAN-(Beam-)Antenne, einer 4G- oder Walkie-Talkie-Antenne usw. auf einem Flachdach verwendet werden. Der Mast Die Lieferung erfolgt inklusive s\u00e4mtlichem Montagematerial, jedoch ohne Gewicht im Fu\u00df. Bei Bedarf kann der Mast mit einem Artikel verl\u00e4ngert werden <span style=\"color: #ff9900;\"><a style=\"color: #ff9900;\" href=\"https:\/\/webstore4.com\/wl4-mtv1-verlenging-van-mast-1-meter-mt10-en-mt20\/\">WL4 MTV1<\/a><\/span>Dies geschieht auf eigenes Risiko des Kunden.<\/p>\n<p>F\u00fcr die korrekte Installation empfehlen wir Ihnen, das Datenblatt zu konsultieren, das unter der Registerkarte \u201eDokumentation\u201c enthalten ist.<\/p>\n<p><strong>Wichtigste Funktionen<\/strong><\/p>\n<ul>\n<li>Mobiler 2 Meter Ballastmast aus verzinktem Stahl<\/li>\n<li>Kann als Antennenmast oder Kameramast verwendet werden<\/li>\n<li>Mast in zwei Teilen<\/li>\n<li>Inklusive Montagematerial und ohne Gewicht<\/li>\n<li>Innenma\u00dfe des Sockels: 385x385mm<\/li>\n<li>Stangendurchmesser 40 mm<\/li>\n<li>Leicht zu transportieren und schnell und einfach aufzubauen<\/li>\n<li>Standardversandkosten aufgrund der geringen Gr\u00f6\u00dfe<\/li>\n<\/ul>\n<p><a href=\"https:\/\/webstore4.com\/Copyright\/\" target=\"_blank\" rel=\"noopener\"><span style=\"color: #ff6e03; font-size: 11px;\">\u00a9 Der Text ist urheberrechtlich gesch\u00fctzt<\/span><\/a><\/p>","protected":false},"excerpt":{"rendered":"<p>Der WL4 MT10 ist ein beweglicher 1-Meter-Mast mit Ballastsockel und kann beispielsweise zum Platzieren einer Kamera oder einer WLAN-(Beam-)Antenne, einer 4G- oder Walkie-Talkie-Antenne usw. auf einem Flachdach verwendet werden. Der Mast Die Lieferung erfolgt inklusive s\u00e4mtlichem Montagematerial, jedoch ohne Gewicht im Fu\u00df. Bei Bedarf kann der Mast mit einem Artikel verl\u00e4ngert werden<\/p>\n<div class=\"klb-readmore button\"><a class=\"btn link\" href=\"https:\/\/webstore4.com\/de\/product\/wl4-mt20-verplaatsbare-mast-2-meter\/\">Mehr lesen <i class=\"klbth-icon-right-arrow\"><\/i><\/a><\/div>","protected":false},"featured_media":10438,"comment_status":"open","ping_status":"closed","template":"","meta":[],"pwb-brand":[3380],"product_cat":[4464,4467],"product_tag":[],"class_list":{"0":"post-10437","1":"product","2":"type-product","3":"status-publish","4":"has-post-thumbnail","6":"pwb-brand-wl4","7":"product_cat-palen-en-masten","8":"product_cat-camera-palen","9":"product_shipping_class-pakket","10":"pa_hoogte-2-meter","11":"pa_kleur-verzinkt","12":"pa_merk-wl4","13":"pa_omgeving-binnen-en-buiten","15":"first","16":"onbackorder","17":"taxable","18":"shipping-taxable","19":"purchasable","20":"product-type-simple"},"brands":[{"id":3380,"name":"WL4","slug":"wl4"}],"_links":{"self":[{"href":"https:\/\/webstore4.com\/de\/wp-json\/wp\/v2\/product\/10437","targetHints":{"allow":["GET"]}}],"collection":[{"href":"https:\/\/webstore4.com\/de\/wp-json\/wp\/v2\/product"}],"about":[{"href":"https:\/\/webstore4.com\/de\/wp-json\/wp\/v2\/types\/product"}],"replies":[{"embeddable":true,"href":"https:\/\/webstore4.com\/de\/wp-json\/wp\/v2\/comments?post=10437"}],"wp:featuredmedia":[{"embeddable":true,"href":"https:\/\/webstore4.com\/de\/wp-json\/wp\/v2\/media\/10438"}],"wp:attachment":[{"href":"https:\/\/webstore4.com\/de\/wp-json\/wp\/v2\/media?parent=10437"}],"wp:term":[{"taxonomy":"pwb-brand","embeddable":true,"href":"https:\/\/webstore4.com\/de\/wp-json\/wp\/v2\/pwb-brand?post=10437"},{"taxonomy":"product_cat","embeddable":true,"href":"https:\/\/webstore4.com\/de\/wp-json\/wp\/v2\/product_cat?post=10437"},{"taxonomy":"product_tag","embeddable":true,"href":"https:\/\/webstore4.com\/de\/wp-json\/wp\/v2\/product_tag?post=10437"}],"curies":[{"name":"wp","href":"https:\/\/api.w.org\/{rel}","templated":true}]}}