{"id":10410,"date":"2022-04-01T00:16:27","date_gmt":"2022-03-31T22:16:27","guid":{"rendered":"https:\/\/webstore4.com\/\/?product=wl4-u-mount-wb203-universele-witte-montage-wandbeugel-voor-cameras-van-verschillende-merken-voor-binnen-en-buiten"},"modified":"2025-04-10T16:36:19","modified_gmt":"2025-04-10T15:36:19","slug":"wl4-u-mount-wb203-universele-witte-montage-wandbeugel","status":"publish","type":"product","link":"https:\/\/webstore4.com\/de\/product\/wl4-u-mount-wb203-universele-witte-montage-wandbeugel\/","title":{"rendered":"WL4 U-MOUNT-WB203 Universelle wei\u00dfe Montagewandhalterung f\u00fcr Kameras verschiedener Marken f\u00fcr den Innen- und Au\u00dfenbereich"},"content":{"rendered":"<p>Die WL4 U-MOUNT-WB203 ist eine universelle Wandhalterung aus wei\u00dfem Kunststoff f\u00fcr Kuppel-, Augapfel- und Turm\u00fcberwachungskameras. Die Montagedose kann im Innen- und Au\u00dfenbereich eingesetzt werden und eignet sich ideal zum sicheren Verbergen von Kabeln und Anschl\u00fcssen. Die Montagebox kann f\u00fcr alle Marken und Arten von Kameras verwendet werden, wie z. B. Hikvision, Dahua, Safire, Nivian, Ezviz, Uniview, Axis, Mobotix, Samsung, Bosch, Foscam, FLIR, Pelco, Sony und viele andere Sicherheitskameramarken. S.<\/p>\n<p>Verwendbar f\u00fcr Kameras mit einem maximalen Durchmesser von 113 mm.<\/p>\n<p><strong>Wichtige Funktionen<\/strong><\/p>\n<ul>\n<li>Universal<\/li>\n<li>Plastik<\/li>\n<li>Kann drinnen und drau\u00dfen verwendet werden<\/li>\n<li>Viele verschiedene Montagem\u00f6glichkeiten und Kombinationen<\/li>\n<li>78x127x180mm<\/li>\n<\/ul>\n<p><a href=\"https:\/\/www.webstore4ipcameras.nl\/Copyright\" target=\"_blank\" rel=\"noopener\"><span style=\"color: #ff6e03; font-size: 11px;\">\u00a9 Der Text ist urheberrechtlich gesch\u00fctzt<\/span><\/a><\/p>","protected":false},"excerpt":{"rendered":"<p>De WL4 U-MOUNT-WB203\u00a0is een universele witte kunststof montage wandbeugel voor dome, eyeball en turret\u00a0bewakingscamera&#8217;s. De montage box is binnen en buiten te gebruiken en ideaal voor het veilig wegwerken van kabels en connectoren. De montagebox is te gebruiken voor alle merken en soorten camera&#8217;s, zoals bijvoorbeeld van Hikvision, Dahua, Safire, Nivian, Ezviz, Uniview, Axis, Mobotix,<\/p>\n<div class=\"klb-readmore button\"><a class=\"btn link\" href=\"https:\/\/webstore4.com\/de\/product\/wl4-u-mount-wb203-universele-witte-montage-wandbeugel\/\">Mehr lesen <i class=\"klbth-icon-right-arrow\"><\/i><\/a><\/div>","protected":false},"featured_media":10411,"comment_status":"open","ping_status":"closed","template":"","meta":[],"pwb-brand":[3380],"product_cat":[4620],"product_tag":[],"class_list":{"0":"post-10410","1":"product","2":"type-product","3":"status-publish","4":"has-post-thumbnail","6":"pwb-brand-wl4","7":"product_cat-camera-toebehoren","8":"product_shipping_class-pakket","9":"pa_kleur-wit","10":"pa_materiaal-kunststof","11":"pa_merk-wl4","12":"pa_montage-opbouw","13":"pa_omgeving-binnen-en-buiten","14":"pa_product-muursteun","15":"pa_universeel-ja","17":"first","18":"onbackorder","19":"taxable","20":"shipping-taxable","21":"purchasable","22":"product-type-simple"},"brands":[{"id":3380,"name":"WL4","slug":"wl4"}],"_links":{"self":[{"href":"https:\/\/webstore4.com\/de\/wp-json\/wp\/v2\/product\/10410","targetHints":{"allow":["GET"]}}],"collection":[{"href":"https:\/\/webstore4.com\/de\/wp-json\/wp\/v2\/product"}],"about":[{"href":"https:\/\/webstore4.com\/de\/wp-json\/wp\/v2\/types\/product"}],"replies":[{"embeddable":true,"href":"https:\/\/webstore4.com\/de\/wp-json\/wp\/v2\/comments?post=10410"}],"wp:featuredmedia":[{"embeddable":true,"href":"https:\/\/webstore4.com\/de\/wp-json\/wp\/v2\/media\/10411"}],"wp:attachment":[{"href":"https:\/\/webstore4.com\/de\/wp-json\/wp\/v2\/media?parent=10410"}],"wp:term":[{"taxonomy":"pwb-brand","embeddable":true,"href":"https:\/\/webstore4.com\/de\/wp-json\/wp\/v2\/pwb-brand?post=10410"},{"taxonomy":"product_cat","embeddable":true,"href":"https:\/\/webstore4.com\/de\/wp-json\/wp\/v2\/product_cat?post=10410"},{"taxonomy":"product_tag","embeddable":true,"href":"https:\/\/webstore4.com\/de\/wp-json\/wp\/v2\/product_tag?post=10410"}],"curies":[{"name":"wp","href":"https:\/\/api.w.org\/{rel}","templated":true}]}}