{"id":10405,"date":"2022-03-31T23:48:33","date_gmt":"2022-03-31T21:48:33","guid":{"rendered":"https:\/\/webstore4.com\/\/?product=wl4-u-mount-cis101-universele-witte-extra-montagesteun-voor-een-u-mount-montagebuis-voor-cameras-van-verschillende-merken-voor-binnen-en-buiten"},"modified":"2024-06-24T16:17:45","modified_gmt":"2024-06-24T15:17:45","slug":"wl4-u-mount-cis101-universele-witte-extra-montagesteun","status":"publish","type":"product","link":"https:\/\/webstore4.com\/de\/product\/wl4-u-mount-cis101-universele-witte-extra-montagesteun\/","title":{"rendered":"WL4 U-MOUNT-CIS101 universelle wei\u00dfe zus\u00e4tzliche Montagehalterung f\u00fcr ein U-MOUNT-Montagerohr f\u00fcr Kameras verschiedener Marken f\u00fcr den Innen- und Au\u00dfenbereich"},"content":{"rendered":"<p>Der WL4 U-MOUNT-CS101 ist eine universelle zus\u00e4tzliche Halterung aus wei\u00dfem Kunststoff f\u00fcr ein U-MOUNT-Montagerohr f\u00fcr \u00dcberwachungskameras. Die Montagehalterung kann im Innen- und Au\u00dfenbereich verwendet werden und eignet sich ideal zum Aufh\u00e4ngen einer Kamera an der Wand oder Decke. Die Eckhalterung kann f\u00fcr alle Marken und Arten von Kameras verwendet werden, wie z. B. Hikvision, Dahua, Safire, Nivian, Ezviz, Uniview, Axis, Mobotix, Samsung, Bosch, Foscam, FLIR, Pelco, Sony und viele andere Sicherheitskameramarken. ;S.<\/p>\n<p><strong>Wichtige Funktionen<\/strong><\/p>\n<ul>\n<li>Universal<\/li>\n<li>Plastik<\/li>\n<li>Kann drinnen und drau\u00dfen verwendet werden<\/li>\n<li>Viele verschiedene Montagem\u00f6glichkeiten und Kombinationen<\/li>\n<\/ul>\n<p><a href=\"https:\/\/www.webstore4ipcameras.nl\/Copyright\" target=\"_blank\" rel=\"noopener\"><span style=\"color: #ff6e03; font-size: 11px;\">\u00a9 Der Text ist urheberrechtlich gesch\u00fctzt<\/span><\/a><\/p>","protected":false},"excerpt":{"rendered":"<p>De WL4 U-MOUNT-CIS101 is een universele witte kunststof extra ondersteuning voor een U-MOUNT montage buis voor bewakingscamera&#8217;s. De montage steun is binnen en buiten te gebruiken en is ideaal voor het ophangen van een camera aan de wand op plafond. De hoek steun is te gebruiken voor alle merken en soorten camera&#8217;s, zoals bijvoorbeeld van<\/p>\n<div class=\"klb-readmore button\"><a class=\"btn link\" href=\"https:\/\/webstore4.com\/de\/product\/wl4-u-mount-cis101-universele-witte-extra-montagesteun\/\">Mehr lesen <i class=\"klbth-icon-right-arrow\"><\/i><\/a><\/div>","protected":false},"featured_media":10406,"comment_status":"open","ping_status":"closed","template":"","meta":[],"pwb-brand":[3380],"product_cat":[4620],"product_tag":[],"class_list":{"0":"post-10405","1":"product","2":"type-product","3":"status-publish","4":"has-post-thumbnail","6":"pwb-brand-wl4","7":"product_cat-camera-toebehoren","8":"product_shipping_class-pakket","9":"pa_kleur-wit","10":"pa_materiaal-kunststof","11":"pa_merk-wl4","12":"pa_montage-opbouw","13":"pa_omgeving-binnen-en-buiten","14":"pa_product-muursteun","15":"pa_product-plafondbeugel","16":"pa_universeel-ja","18":"first","19":"onbackorder","20":"taxable","21":"shipping-taxable","22":"purchasable","23":"product-type-simple"},"brands":[{"id":3380,"name":"WL4","slug":"wl4"}],"_links":{"self":[{"href":"https:\/\/webstore4.com\/de\/wp-json\/wp\/v2\/product\/10405","targetHints":{"allow":["GET"]}}],"collection":[{"href":"https:\/\/webstore4.com\/de\/wp-json\/wp\/v2\/product"}],"about":[{"href":"https:\/\/webstore4.com\/de\/wp-json\/wp\/v2\/types\/product"}],"replies":[{"embeddable":true,"href":"https:\/\/webstore4.com\/de\/wp-json\/wp\/v2\/comments?post=10405"}],"wp:featuredmedia":[{"embeddable":true,"href":"https:\/\/webstore4.com\/de\/wp-json\/wp\/v2\/media\/10406"}],"wp:attachment":[{"href":"https:\/\/webstore4.com\/de\/wp-json\/wp\/v2\/media?parent=10405"}],"wp:term":[{"taxonomy":"pwb-brand","embeddable":true,"href":"https:\/\/webstore4.com\/de\/wp-json\/wp\/v2\/pwb-brand?post=10405"},{"taxonomy":"product_cat","embeddable":true,"href":"https:\/\/webstore4.com\/de\/wp-json\/wp\/v2\/product_cat?post=10405"},{"taxonomy":"product_tag","embeddable":true,"href":"https:\/\/webstore4.com\/de\/wp-json\/wp\/v2\/product_tag?post=10405"}],"curies":[{"name":"wp","href":"https:\/\/api.w.org\/{rel}","templated":true}]}}