{"id":10381,"date":"2022-03-29T17:16:02","date_gmt":"2022-03-29T15:16:02","guid":{"rendered":"https:\/\/webstore4.com\/\/?product=wl4-cat6utpflb5-zeer-platte-utp-netwerkkabel-cat6-gigabit-patchkabel-100-koper-kern-5-meter-zwart"},"modified":"2024-06-21T09:59:53","modified_gmt":"2024-06-21T08:59:53","slug":"wl4-cat6utpflb5-utp-netwerkkabel-cat6-5-meter","status":"publish","type":"product","link":"https:\/\/webstore4.com\/de\/product\/wl4-cat6utpflb5-utp-netwerkkabel-cat6-5-meter\/","title":{"rendered":"WL4 CAT6UTPFLB5 sehr flaches UTP-Netzwerkkabel Cat6 Gigabit-Patchkabel 100% Kupferkern 5 Meter schwarz"},"content":{"rendered":"<p>Das WL4-Netzwerkkabel ist ein sehr flaches (1,8 mm) UTP-Kabel, das alle Cat6-Spezifikationen f\u00fcr eine zuverl\u00e4ssige Gigabit-Netzwerkverbindung erf\u00fcllt und mit 100%-Kupferleitern und einer langlebigen PVC-Ummantelung ausgestattet ist. Die Netzwerkkabel sind in verschiedenen L\u00e4ngen erh\u00e4ltlich. Das Kabel eignet sich sehr gut f\u00fcr den Einsatz unter Teppichen, Vorlegern, hinter Tischen und anderen engen Durchg\u00e4ngen.<\/p>\n<p><strong>Eigenschaften<\/strong><\/p>\n<p>Dieses hochwertige Netzwerkkabel ist mit einem Schutz der RJ45-Steckerklemmen vor Besch\u00e4digungen bei der Installation ausgestattet. Dadurch ist es weniger wahrscheinlich, dass das Kabel h\u00e4ngen bleibt, wenn es beispielsweise durch ein Rohr oder eine Wand gezogen wird. Die flachen Netzwerkkabel WL4 verf\u00fcgen \u00fcber Leiter aus hochwertigem 100%-Kupfer f\u00fcr maximale Qualit\u00e4t, Haltbarkeit und Zuverl\u00e4ssigkeit. Diese WL4-Kabel verwenden daher keine verkupferten Aluminium- (CCA) oder Stahlleiter (CCS), die fast immer in g\u00fcnstigeren Netzwerkkabeln verwendet werden, die daher eine viel geringere Qualit\u00e4t, Zuverl\u00e4ssigkeit und Haltbarkeit aufweisen und beispielsweise Probleme verursachen k\u00f6nnen Power-over-Ethernet-Anwendungen.<\/p>\n<p>Dieses Netzwerkkabel verf\u00fcgt \u00fcber hochwertige Anschl\u00fcsse mit Vergoldung f\u00fcr optimale Leitung und weniger Signalverlust.<\/p>\n<p>Dieses StarTech-Netzwerkkabel ist nicht durch Folie abgeschirmt (UTP: Unshielded Twisted Pair). Abgeschirmte Kabel (z. B. FTP und STP) werden nur in Situationen empfohlen, in denen mit starken elektromagnetischen St\u00f6rungen, z. B. durch schwere Industrieelektromotoren, zu rechnen ist. Aufgrund stark verbesserter elektrischer Produkte ist die Verwendung teurerer abgeschirmter Kabel in fast jeder anderen Umgebung \u00fcberfl\u00fcssig und abgeschirmte Netzwerkkabel k\u00f6nnen sich sogar bei falsch aufgebauten Netzwerkinstallationen nachteilig auswirken.<\/p>\n<p><strong>Einige Spezifikationen <\/strong><\/p>\n<ul>\n<li>Cat6-Flachkabel (1,8 mm x 6 mm)<\/li>\n<li>Sehr flexibel<\/li>\n<li>Zertifiziert von Fluke Networks<\/li>\n<li>Bandbreite von 250 MHz<\/li>\n<li>Gigabit Ethernet<\/li>\n<li>Vergoldete Kontakte<\/li>\n<\/ul>\n<p><a href=\"https:\/\/webstore4.com\/Copyright\/\" target=\"_blank\" rel=\"noopener\"><span style=\"color: #ff6e03; font-size: 11px;\">\u00a9 Der Text ist urheberrechtlich gesch\u00fctzt<\/span><\/a><\/p>","protected":false},"excerpt":{"rendered":"<p>Das WL4-Netzwerkkabel ist ein sehr flaches (1,8 mm) UTP-Kabel, das alle Cat6-Spezifikationen f\u00fcr eine zuverl\u00e4ssige Gigabit-Netzwerkverbindung erf\u00fcllt und mit 100%-Kupferleitern und einer langlebigen PVC-Ummantelung ausgestattet ist. Die Netzwerkkabel sind in verschiedenen L\u00e4ngen erh\u00e4ltlich. Das Kabel eignet sich sehr gut f\u00fcr den Einsatz unter Teppichen, Vorlegern, hinter Tischen und anderen engen Durchg\u00e4ngen.<\/p>\n<div class=\"klb-readmore button\"><a class=\"btn link\" href=\"https:\/\/webstore4.com\/de\/product\/wl4-cat6utpflb5-utp-netwerkkabel-cat6-5-meter\/\">Mehr lesen <i class=\"klbth-icon-right-arrow\"><\/i><\/a><\/div>","protected":false},"featured_media":15366,"comment_status":"open","ping_status":"closed","template":"","meta":[],"pwb-brand":[3380],"product_cat":[3441,3445],"product_tag":[],"class_list":{"0":"post-10381","1":"product","2":"type-product","3":"status-publish","4":"has-post-thumbnail","6":"pwb-brand-wl4","7":"product_cat-benodigdheden","8":"product_cat-netwerkkabels","9":"product_shipping_class-pakket","10":"pa_aantal-geleiders-4-paar-utp-8","11":"pa_connector-a-1-rj-45-male","12":"pa_connector-b-1-rj-45-male","13":"pa_connectormateriaal-goud","14":"pa_garantie-2-year","15":"pa_kabelkleur-zwart","16":"pa_kabellengte-5-meter","17":"pa_kabelspecificatie-cat6","18":"pa_merk-wl4","19":"pa_product-netwerkkabel","20":"pa_type-kabelmantel-pvc-polyvinyl-chloride","22":"first","23":"onbackorder","24":"taxable","25":"shipping-taxable","26":"purchasable","27":"product-type-simple"},"brands":[{"id":3380,"name":"WL4","slug":"wl4"}],"_links":{"self":[{"href":"https:\/\/webstore4.com\/de\/wp-json\/wp\/v2\/product\/10381","targetHints":{"allow":["GET"]}}],"collection":[{"href":"https:\/\/webstore4.com\/de\/wp-json\/wp\/v2\/product"}],"about":[{"href":"https:\/\/webstore4.com\/de\/wp-json\/wp\/v2\/types\/product"}],"replies":[{"embeddable":true,"href":"https:\/\/webstore4.com\/de\/wp-json\/wp\/v2\/comments?post=10381"}],"wp:featuredmedia":[{"embeddable":true,"href":"https:\/\/webstore4.com\/de\/wp-json\/wp\/v2\/media\/15366"}],"wp:attachment":[{"href":"https:\/\/webstore4.com\/de\/wp-json\/wp\/v2\/media?parent=10381"}],"wp:term":[{"taxonomy":"pwb-brand","embeddable":true,"href":"https:\/\/webstore4.com\/de\/wp-json\/wp\/v2\/pwb-brand?post=10381"},{"taxonomy":"product_cat","embeddable":true,"href":"https:\/\/webstore4.com\/de\/wp-json\/wp\/v2\/product_cat?post=10381"},{"taxonomy":"product_tag","embeddable":true,"href":"https:\/\/webstore4.com\/de\/wp-json\/wp\/v2\/product_tag?post=10381"}],"curies":[{"name":"wp","href":"https:\/\/api.w.org\/{rel}","templated":true}]}}