{"id":10372,"date":"2022-03-14T16:38:36","date_gmt":"2022-03-14T14:38:36","guid":{"rendered":"https:\/\/webstore4.com\/\/?product=dahua-vth2621g-wp-zwarte-poe-en-wifi-video-intercom-binnen-monitor"},"modified":"2024-06-28T15:36:57","modified_gmt":"2024-06-28T14:36:57","slug":"dahua-vth2621g-wp-video-intercom-binnen-monitor","status":"publish","type":"product","link":"https:\/\/webstore4.com\/de\/product\/dahua-vth2621g-wp-video-intercom-binnen-monitor\/","title":{"rendered":"Dahua VTH2621G-WP schwarzer PoE- und Wi-Fi-Video-Gegensprechanlage-Innenmonitor"},"content":{"rendered":"<p>Der Dahua VTH2621G-P ist ein Netzwerkkabel-Video-Gegensprechanlagen-Innenmonitor mit einem 7-Zoll-Glas-Touchscreen-Farbbildschirm zur Verwendung im Dahua IP-Video-Gegensprechsystem. Der Monitor hat eine Aufl\u00f6sung von 1024 x 600 Pixel und ein schwarzes Geh\u00e4use.<\/p>\n<p><strong>M\u00f6glichkeiten<\/strong><\/p>\n<p>Mit dem Innenmonitor VTH2621G-WP ist es m\u00f6glich, ein Audio- und Videogespr\u00e4ch mit einer Person zu f\u00fchren, die an einer Au\u00dfenstation oder zwischen Monitoren steht. Es ist m\u00f6glich, zwei T\u00fcren vom Monitor aus zu entriegeln. Auch Bilder von Dahua- oder ONVIF-geeigneten IP-Kameras k\u00f6nnen auf dem Monitor betrachtet werden.<\/p>\n<p>Mehrere Au\u00dfenstationen und Innenmonitore k\u00f6nnen kombiniert werden. Der Touchscreen des Monitors ist ein kapazitiver (Hartglas-)Bildschirm wie bei modernen Smartphones.<\/p>\n<p><strong>Montage<\/strong><\/p>\n<p>Der Innenmonitor ist ein Aufputzmodell und wird mit einem Netzwerkkabel angeschlossen und kann mit Standard-PoE oder 12 VDC betrieben werden (Netzteil nicht im Lieferumfang enthalten). Eine Montagehalterung f\u00fcr den Innenmonitor ist im Lieferumfang enthalten.<\/p>\n<p>Onder het tabblad &#8216;Documentatie&#8217; zijn de datasheet en product pagina van de fabrikant te bekijken.<\/p>\n<p><strong>Wichtigste Funktionen<\/strong><\/p>\n<ul>\n<li>F\u00fchren von Video-\/Audiogespr\u00e4chen<\/li>\n<li>SIP-Firmware<\/li>\n<li>Gegenseitige Kommunikation zwischen Innenmonitoren<\/li>\n<li>Anzeige von Dahua- oder ONVIF-geeigneten IP-Kameras auf dem Monitor<\/li>\n<li>Ferngesteuerte T\u00fcr\u00f6ffnung<\/li>\n<li>Voeding via PoE of 12VDC<\/li>\n<\/ul>\n<p><a href=\"https:\/\/webstore4.com\/Copyright\/\" target=\"_blank\" rel=\"noopener\"><span style=\"color: #ff6e03; font-size: 11px;\">\u00a9 Der Text ist urheberrechtlich gesch\u00fctzt<\/span><\/a><\/p>","protected":false},"excerpt":{"rendered":"<p>De Dahua VTH2621G-WP is een netwerkkabel of Wi-Fi video intercom binnen monitor met een 7 inch glazen touchscreen kleurenscherm voor gebruik in het Dahua IP video intercom systeem. De monitor heeft een 1024&#215;600 pixel resolutie een een zwarte behuizing. Mogelijkheden Met de\u00a0VTH2621G-WP binnen monitor is het mogelijk een audio en video gesprek te voeren met<\/p>\n<div class=\"klb-readmore button\"><a class=\"btn link\" href=\"https:\/\/webstore4.com\/de\/product\/dahua-vth2621g-wp-video-intercom-binnen-monitor\/\">Mehr lesen <i class=\"klbth-icon-right-arrow\"><\/i><\/a><\/div>","protected":false},"featured_media":10373,"comment_status":"open","ping_status":"closed","template":"","meta":[],"pwb-brand":[3376],"product_cat":[4178,4179],"product_tag":[],"class_list":{"0":"post-10372","1":"product","2":"type-product","3":"status-publish","4":"has-post-thumbnail","6":"pwb-brand-dahua","7":"product_cat-intercom","8":"product_cat-dahua-ip-video","9":"product_shipping_class-pakket","10":"pa_aansluiting-netwerk-kabel","11":"pa_aansluiting-wi-fi","12":"pa_afmeting-monitor-7-inch","13":"pa_audio-microfoon-speaker","14":"pa_draadloos-nee","15":"pa_ip-camera-kanalen-3617","16":"pa_kleur-zwart","17":"pa_merk-dahua","18":"pa_mobiele-app-fabrikant-ja","19":"pa_montage-opbouw","20":"pa_omgeving-binnen","21":"pa_opnemen-op-sd-kaart-ja","22":"pa_poe-802-3af","23":"pa_product-monitor","24":"pa_product-status-a","25":"pa_resolutie-monitor-1024-x-600","26":"pa_voeding-12vdc","27":"pa_voeding-poe","29":"first","30":"onbackorder","31":"taxable","32":"shipping-taxable","33":"purchasable","34":"product-type-simple"},"brands":[{"id":3376,"name":"Dahua","slug":"dahua"}],"_links":{"self":[{"href":"https:\/\/webstore4.com\/de\/wp-json\/wp\/v2\/product\/10372","targetHints":{"allow":["GET"]}}],"collection":[{"href":"https:\/\/webstore4.com\/de\/wp-json\/wp\/v2\/product"}],"about":[{"href":"https:\/\/webstore4.com\/de\/wp-json\/wp\/v2\/types\/product"}],"replies":[{"embeddable":true,"href":"https:\/\/webstore4.com\/de\/wp-json\/wp\/v2\/comments?post=10372"}],"wp:featuredmedia":[{"embeddable":true,"href":"https:\/\/webstore4.com\/de\/wp-json\/wp\/v2\/media\/10373"}],"wp:attachment":[{"href":"https:\/\/webstore4.com\/de\/wp-json\/wp\/v2\/media?parent=10372"}],"wp:term":[{"taxonomy":"pwb-brand","embeddable":true,"href":"https:\/\/webstore4.com\/de\/wp-json\/wp\/v2\/pwb-brand?post=10372"},{"taxonomy":"product_cat","embeddable":true,"href":"https:\/\/webstore4.com\/de\/wp-json\/wp\/v2\/product_cat?post=10372"},{"taxonomy":"product_tag","embeddable":true,"href":"https:\/\/webstore4.com\/de\/wp-json\/wp\/v2\/product_tag?post=10372"}],"curies":[{"name":"wp","href":"https:\/\/api.w.org\/{rel}","templated":true}]}}